{"id":1737,"date":"2018-07-02T09:03:24","date_gmt":"2018-07-02T09:03:24","guid":{"rendered":"https:\/\/www.connectum.no\/?page_id=1737"},"modified":"2018-07-02T09:03:24","modified_gmt":"2018-07-02T09:03:24","slug":"integritetspolicy","status":"publish","type":"page","link":"https:\/\/www.connectum.no\/sv\/integritetspolicy\/","title":{"rendered":"Integritetspolicy"},"content":{"rendered":"<section class=\"wpb-content-wrapper\"><p>[vc_row el_class=&#8221;row-1180&#8243;][vc_column][vc_empty_space height=&#8221;42px&#8221;][vc_column_text]<\/p>\n<h1 class=\"mobile-align-left\" style=\"text-align: center; margin-bottom: 25px;\">Integritetspolicy for Connectum<\/h1>\n<h3>Inledning<\/h3>\n<p>Syftet med denna integritetspolicy \u00e4r att ge dig information om v\u00e5r anv\u00e4ndning av dina personuppgifter i enlighet med EU:s dataskyddssystem som inf\u00f6rts genom den nya dataskyddsf\u00f6rordningen, GDPR (f\u00f6rordning (EU) 2016\/679, \u201dDataskyddslagstiftningen\u201d). Policyn kan komma att \u00e4ndras emellan\u00e5t och den senaste uppdaterade versionen kommer att finnas tillg\u00e4nglig p\u00e5 v\u00e5r webbplats.<\/p>\n<h3>Vem detta p\u00e5verkar<\/h3>\n<p>Detta p\u00e5verkar enskilda personer.<\/p>\n<h3>Dina personuppgifter<\/h3>\n<p>Personuppgifter kan inneh\u00e5lla information s\u00e5som:<\/p>\n<p>namn<br \/>\nfolkbokf\u00f6ringsadress<br \/>\ne-postadress<br \/>\nandra kontaktuppgifter<br \/>\nkontaktuppgifter f\u00f6retag<br \/>\nnamnteckning<br \/>\nnationalitet, f\u00f6delsedatum och ort<br \/>\npersonliga identifieringsuppgifter (personnummer, skattenummer och passuppgifter m.m.)<br \/>\nregistrerad korrespondens (s\u00e5som inspelade telefonsamtal, e-postmeddelanden och m\u00f6tesanteckningar)<br \/>\nbankuppgifter<\/p>\n<p>pensionsuppgifter<\/p>\n<p>beskattningsuppgifter<br \/>\nuppgifter om dina investeringar oavsett om Connectum ger r\u00e5dgivning om dessa investeringar eller inte<\/p>\n<p>Vi samlar endast in personuppgifter som \u00e4r rimligen n\u00f6dv\u00e4ndiga f\u00f6r att vi ska kunna tillhandah\u00e5lla v\u00e5ra tj\u00e4nster till dig. Vilken typ av uppgifter vi samlar in beror p\u00e5 den typ av aff\u00e4rsrelation vi har.<\/p>\n<h3>Hur vi anv\u00e4nder dina personuppgifter<\/h3>\n<p>Connectum, som registeransvarig, kan samla in, lagra och anv\u00e4nda dina personuppgifter f\u00f6r lagliga \u00e4ndam\u00e5l:<\/p>\n<p><b>(i)<\/b>\u00a0f\u00f6r lagkrav inklusive, men inte begr\u00e4nsat till,<br \/>\n&#8211; att uppfylla skyldigheter f\u00f6r att bek\u00e4mpa penningtv\u00e4tt och f\u00f6r att verifiera v\u00e5ra kunder\/faktiska betalningsmottagares identitet<br \/>\n&#8211; att f\u00f6rebygga bedr\u00e4gerier<br \/>\n&#8211; att uppfylla KYC-f\u00f6rfaranden (k<i>now your customer<\/i>)<br \/>\n&#8211;\u00a0att svara p\u00e5 beg\u00e4randen fr\u00e5n tillsynsmyndigheter<\/p>\n<p><b>(ii)<\/b>\u00a0att uppfylla skyldigheter i avtal med kunder<\/p>\n<p><b>(iii)<\/b>\u00a0f\u00f6r direktmarknadsf\u00f6rings\u00e4ndam\u00e5l<\/p>\n<p><b>(iv)<\/b>\u00a0f\u00f6r kvalitetskontroll, f\u00f6retagsanalys och statistisk samt f\u00f6r kundservice, utbildning och relaterade \u00e4ndam\u00e5l.<\/p>\n<p>Personuppgifter lagras och behandlas endast n\u00e4r ett legitimt intresse f\u00f6religger och s\u00e5dant legitimt intresse inte hindras av dina personliga intressen, grundl\u00e4ggande r\u00e4ttigheter eller frihet. Vi kommer att agera p\u00e5 ett r\u00e4ttvist, \u00f6ppet och ansvarsfullt s\u00e4tt och vidta l\u00e4mpliga \u00e5tg\u00e4rder f\u00f6r att f\u00f6rhindra att aktiviteter har n\u00e5gon ober\u00e4ttigad inverkan p\u00e5 dig och vi framh\u00e5ller din r\u00e4tt att inv\u00e4nda mot s\u00e5dan lagring.<\/p>\n<p>Skulle vi ha behov av att anv\u00e4nda dina personuppgifter f\u00f6r andra specifika \u00e4ndam\u00e5l kontaktar vi dig.<\/p>\n<h3>Cookies<\/h3>\n<p>F\u00f6r att v\u00e5r webbplats ska fungera p\u00e5 r\u00e4tt s\u00e4tt kan vi komma att placera sm\u00e5 textfiler, s\u00e5 kallade cookies, p\u00e5 din enhet. En cookie sparas av en webbplats p\u00e5 din dator eller mobila enhet n\u00e4r du bes\u00f6ker webbsidan. Det g\u00f6r det m\u00f6jligt f\u00f6r webbplatsen att komma ih\u00e5g dina \u00e5tg\u00e4rder och preferenser (som inloggning, spr\u00e5k, teckensnittsstorlek och andra visningsinst\u00e4llningar) under en tidsperiod.<\/p>\n<p>F\u00f6r att f\u00f6rb\u00e4ttra anv\u00e4ndarupplevelsen p\u00e5 webbplatsen anv\u00e4nder vi Google Analytics f\u00f6r att m\u00e4ta hur anv\u00e4ndarna interagerar med webbplatsinneh\u00e5llet. F\u00f6r mer information, bes\u00f6k Google Analytics webbplats\u00a0<a href=\"https:\/\/developers.google.com\/analytics\/devguides\/collection\/analyticsjs\/cookie-usage\">h\u00e4r<\/a>.<\/p>\n<p>Vi anv\u00e4nder MailChimp som v\u00e5r automatiserade marknadsf\u00f6ringsplattform f\u00f6r att skicka e-post med information, nyheter och inblickar i v\u00e5ra produkter och tj\u00e4nster. MailChimp ger Connectum information om vad du \u00f6ppnar och vilka l\u00e4nkar du klickar p\u00e5. Syftet med detta \u00e4r att ge v\u00e5ra kunder b\u00e4sta m\u00f6jliga service, support och kommunikation. De uppgifter som \u00f6verf\u00f6rs till MailChimp behandlas i enlighet med deras<a href=\"https:\/\/mailchimp.com\/legal\/privacy\/\"> integritetspolicy<\/a>\u00a0och\u00a0<a href=\"https:\/\/mailchimp.com\/legal\/terms\/\"> villkor <\/a>.<\/p>\n<h3>D\u00e4rf\u00f6r kan vi komma att \u00f6verf\u00f6ra dina personuppgifter<\/h3>\n<p>Vi kan dela dina personuppgifter inom Connectum f\u00f6r f\u00f6rpliktelser mellan olika delar av f\u00f6retaget.<\/p>\n<p>Dessutom kan dina personuppgifter komma att delas med fondf\u00f6rvaltare eller leverant\u00f6rer (t.ex. IT-support) som Connectum har ing\u00e5tt sekretessavtal med.<\/p>\n<p>Registrerade personuppgifter rapporteras till offentliga myndigheter om det finns en lagstadgad skyldighet att l\u00e4mna ut uppgifter.<\/p>\n<h3>Vi vidtar f\u00f6ljande \u00e5tg\u00e4rder f\u00f6r dataskydd<\/h3>\n<p>Alla \u00f6verf\u00f6ringar av personuppgifter som g\u00f6rs av oss ska g\u00f6ras enligt l\u00e4mpliga skydds\u00e5tg\u00e4rder och i enlighet med villkoren i dataskyddslagstiftningen.\u00a0Vi och v\u00e5ra tillb\u00f6rligt bemyndigade representanter ska vidta l\u00e4mpliga skydds\u00e5tg\u00e4rder f\u00f6r att skydda de uppgifter som vi har tillg\u00e5ng till fr\u00e5n obeh\u00f6rig tillg\u00e5ng fr\u00e5n tredje part eller n\u00e5gon form av skadeg\u00f6relse p\u00e5 datasystem.<\/p>\n<p>Vi meddelar alltid dig om eventuella personuppgiftsbrott som p\u00e5verkar dig och sannolikt kommer att leda till h\u00f6g risk f\u00f6r dina r\u00e4ttigheter och friheter.<\/p>\n<p>F\u00f6r ytterligare information om l\u00e4mpliga skydds\u00e5tg\u00e4rder, se \u201dKontakta oss\u201d nedan.<\/p>\n<h3>Dina r\u00e4ttigheter betr\u00e4ffande dataskydd<\/h3>\n<p>Du har s\u00e4rskilda r\u00e4ttigheter avseende v\u00e5r anv\u00e4ndning av dina personuppgifter, exempelvis:<\/p>\n<p>&#8211; r\u00e4tten till tillg\u00e5ng till dina personuppgifter (i en l\u00e4ttillg\u00e4nglig form)<br \/>\n&#8211; r\u00e4tten att granska och korrigera dina uppgifter<br \/>\n&#8211; r\u00e4tten att flytta dina uppgifter (dataportabilitet)<br \/>\n&#8211; r\u00e4tten att begr\u00e4nsa anv\u00e4ndningen av dina uppgifter<br \/>\n&#8211; r\u00e4tten att \u00e5terkalla samtycke som du gett till behandlingen av dina uppgifter (i till\u00e4mpliga fall)<br \/>\n&#8211; r\u00e4tten att f\u00e5 information om alla de enheter vi l\u00e4mnar ut dina uppgifter till<br \/>\n&#8211; r\u00e4tten att l\u00e4mna in ett klagom\u00e5l till den norska tillsynsmyndigheten f\u00f6r dataskydd (\u201dDatatilsynet\u201d).<\/p>\n<p>Du har ocks\u00e5 r\u00e4tt att inv\u00e4nda mot behandlingen av dina uppgifter d\u00e4r vi har ansett att detta \u00e4r n\u00f6dv\u00e4ndigt f\u00f6r v\u00e5ra legitima intressen.<\/p>\n<p>Observera att r\u00e4tten att f\u00e5 dina uppgifter raderade (\u201dr\u00e4tten att bli bortgl\u00f6md\u201d) som g\u00e4ller i vissa fall inte kommer att g\u00e4lla f\u00f6r alla de personuppgifter vi har om dig med h\u00e4nsyn till n\u00e5gra av de \u00e4ndam\u00e5l f\u00f6r vilka vi anv\u00e4nder uppgifter, s\u00e5som det beskrivs ovan.<\/p>\n<h3>V\u00e5r lagring av dina personuppgifter<\/h3>\n<p>Vi eller v\u00e5ra tillb\u00f6rligt bemyndigade representanter kan lagra dina personuppgifter under en tidsperiod p\u00e5 upp till sju \u00e5r fr\u00e5n det att din aff\u00e4rsrelation med oss har upph\u00f6rt. D\u00e4refter kommer vi och v\u00e5ra tillb\u00f6rligt bemyndigade representanter att avst\u00e5 fr\u00e5n att samla in ytterligare personuppgifter om dig och vidta l\u00e4mpliga \u00e5tg\u00e4rder f\u00f6r att bortskaffa handlingar som inneh\u00e5ller dina personuppgifter, i den utstr\u00e4ckning detta \u00e4r operativt genomf\u00f6rbart och rimligt.<\/p>\n<h3><b>Kontakta oss<\/b><\/h3>\n<p>Om du har n\u00e5gra fr\u00e5gor eller vill diskutera dina r\u00e4ttigheter betr\u00e4ffande skydd av personuppgifter, kontakta oss p\u00e5 <a href=\"mailto:info@connectum.no\">info@connectum.no<\/a>.<\/p>\n<p>[\/vc_column_text][\/vc_column][\/vc_row]<\/p>\n<\/section>","protected":false},"excerpt":{"rendered":"<p>[vc_row el_class=&#8221;row-1180&#8243;][vc_column][vc_empty_space height=&#8221;42px&#8221;][vc_column_text] Integritetspolicy for Connectum Inledning Syftet med denna integritetspolicy \u00e4r att ge dig information om v\u00e5r anv\u00e4ndning av dina personuppgifter i enlighet med EU:s dataskyddssystem som inf\u00f6rts genom den nya dataskyddsf\u00f6rordningen, GDPR (f\u00f6rordning (EU) 2016\/679, \u201dDataskyddslagstiftningen\u201d). Policyn kan komma att \u00e4ndras emellan\u00e5t och den senaste uppdaterade versionen kommer att finnas tillg\u00e4nglig p\u00e5 v\u00e5r [&hellip;]<\/p>\n","protected":false},"author":1,"featured_media":0,"parent":0,"menu_order":0,"comment_status":"closed","ping_status":"closed","template":"","meta":{"_acf_changed":false,"footnotes":""},"class_list":["post-1737","page","type-page","status-publish","hentry"],"acf":[],"yoast_head":"<!-- This site is optimized with the Yoast SEO plugin v24.3 - https:\/\/yoast.com\/wordpress\/plugins\/seo\/ -->\n<title>Integritetspolicy - Connectum<\/title>\n<meta name=\"robots\" content=\"index, follow, max-snippet:-1, max-image-preview:large, max-video-preview:-1\" \/>\n<link rel=\"canonical\" href=\"https:\/\/connectum.no\/sv\/integritetspolicy\/\" \/>\n<meta property=\"og:locale\" content=\"sv_SE\" \/>\n<meta property=\"og:type\" content=\"article\" \/>\n<meta property=\"og:title\" content=\"Integritetspolicy - Connectum\" \/>\n<meta property=\"og:description\" content=\"[vc_row el_class=&#8221;row-1180&#8243;][vc_column][vc_empty_space height=&#8221;42px&#8221;][vc_column_text] Integritetspolicy for Connectum Inledning Syftet med denna integritetspolicy \u00e4r att ge dig information om v\u00e5r anv\u00e4ndning av dina personuppgifter i enlighet med EU:s dataskyddssystem som inf\u00f6rts genom den nya dataskyddsf\u00f6rordningen, GDPR (f\u00f6rordning (EU) 2016\/679, \u201dDataskyddslagstiftningen\u201d). Policyn kan komma att \u00e4ndras emellan\u00e5t och den senaste uppdaterade versionen kommer att finnas tillg\u00e4nglig p\u00e5 v\u00e5r [&hellip;]\" \/>\n<meta property=\"og:url\" content=\"https:\/\/connectum.no\/sv\/integritetspolicy\/\" \/>\n<meta property=\"og:site_name\" content=\"Connectum\" \/>\n<meta name=\"twitter:card\" content=\"summary_large_image\" \/>\n<meta name=\"twitter:label1\" content=\"Ber\u00e4knad l\u00e4stid\" \/>\n\t<meta name=\"twitter:data1\" content=\"5 minuter\" \/>\n<script type=\"application\/ld+json\" class=\"yoast-schema-graph\">{\"@context\":\"https:\/\/schema.org\",\"@graph\":[{\"@type\":\"WebPage\",\"@id\":\"https:\/\/connectum.no\/sv\/integritetspolicy\/\",\"url\":\"https:\/\/connectum.no\/sv\/integritetspolicy\/\",\"name\":\"Integritetspolicy - Connectum\",\"isPartOf\":{\"@id\":\"https:\/\/connectum.no\/#website\"},\"datePublished\":\"2018-07-02T09:03:24+00:00\",\"dateModified\":\"2018-07-02T09:03:24+00:00\",\"breadcrumb\":{\"@id\":\"https:\/\/connectum.no\/sv\/integritetspolicy\/#breadcrumb\"},\"inLanguage\":\"sv-SE\",\"potentialAction\":[{\"@type\":\"ReadAction\",\"target\":[\"https:\/\/connectum.no\/sv\/integritetspolicy\/\"]}]},{\"@type\":\"BreadcrumbList\",\"@id\":\"https:\/\/connectum.no\/sv\/integritetspolicy\/#breadcrumb\",\"itemListElement\":[{\"@type\":\"ListItem\",\"position\":1,\"name\":\"Home\",\"item\":\"https:\/\/connectum.no\/sv\/\"},{\"@type\":\"ListItem\",\"position\":2,\"name\":\"Integritetspolicy\"}]},{\"@type\":\"WebSite\",\"@id\":\"https:\/\/connectum.no\/#website\",\"url\":\"https:\/\/connectum.no\/\",\"name\":\"Connectum\",\"description\":\"Family Wealth Management\",\"potentialAction\":[{\"@type\":\"SearchAction\",\"target\":{\"@type\":\"EntryPoint\",\"urlTemplate\":\"https:\/\/connectum.no\/?s={search_term_string}\"},\"query-input\":{\"@type\":\"PropertyValueSpecification\",\"valueRequired\":true,\"valueName\":\"search_term_string\"}}],\"inLanguage\":\"sv-SE\"}]}<\/script>\n<!-- \/ Yoast SEO plugin. -->","yoast_head_json":{"title":"Integritetspolicy - Connectum","robots":{"index":"index","follow":"follow","max-snippet":"max-snippet:-1","max-image-preview":"max-image-preview:large","max-video-preview":"max-video-preview:-1"},"canonical":"https:\/\/connectum.no\/sv\/integritetspolicy\/","og_locale":"sv_SE","og_type":"article","og_title":"Integritetspolicy - Connectum","og_description":"[vc_row el_class=&#8221;row-1180&#8243;][vc_column][vc_empty_space height=&#8221;42px&#8221;][vc_column_text] Integritetspolicy for Connectum Inledning Syftet med denna integritetspolicy \u00e4r att ge dig information om v\u00e5r anv\u00e4ndning av dina personuppgifter i enlighet med EU:s dataskyddssystem som inf\u00f6rts genom den nya dataskyddsf\u00f6rordningen, GDPR (f\u00f6rordning (EU) 2016\/679, \u201dDataskyddslagstiftningen\u201d). Policyn kan komma att \u00e4ndras emellan\u00e5t och den senaste uppdaterade versionen kommer att finnas tillg\u00e4nglig p\u00e5 v\u00e5r [&hellip;]","og_url":"https:\/\/connectum.no\/sv\/integritetspolicy\/","og_site_name":"Connectum","twitter_card":"summary_large_image","twitter_misc":{"Ber\u00e4knad l\u00e4stid":"5 minuter"},"schema":{"@context":"https:\/\/schema.org","@graph":[{"@type":"WebPage","@id":"https:\/\/connectum.no\/sv\/integritetspolicy\/","url":"https:\/\/connectum.no\/sv\/integritetspolicy\/","name":"Integritetspolicy - Connectum","isPartOf":{"@id":"https:\/\/connectum.no\/#website"},"datePublished":"2018-07-02T09:03:24+00:00","dateModified":"2018-07-02T09:03:24+00:00","breadcrumb":{"@id":"https:\/\/connectum.no\/sv\/integritetspolicy\/#breadcrumb"},"inLanguage":"sv-SE","potentialAction":[{"@type":"ReadAction","target":["https:\/\/connectum.no\/sv\/integritetspolicy\/"]}]},{"@type":"BreadcrumbList","@id":"https:\/\/connectum.no\/sv\/integritetspolicy\/#breadcrumb","itemListElement":[{"@type":"ListItem","position":1,"name":"Home","item":"https:\/\/connectum.no\/sv\/"},{"@type":"ListItem","position":2,"name":"Integritetspolicy"}]},{"@type":"WebSite","@id":"https:\/\/connectum.no\/#website","url":"https:\/\/connectum.no\/","name":"Connectum","description":"Family Wealth Management","potentialAction":[{"@type":"SearchAction","target":{"@type":"EntryPoint","urlTemplate":"https:\/\/connectum.no\/?s={search_term_string}"},"query-input":{"@type":"PropertyValueSpecification","valueRequired":true,"valueName":"search_term_string"}}],"inLanguage":"sv-SE"}]}},"_links":{"self":[{"href":"https:\/\/www.connectum.no\/sv\/wp-json\/wp\/v2\/pages\/1737","targetHints":{"allow":["GET"]}}],"collection":[{"href":"https:\/\/www.connectum.no\/sv\/wp-json\/wp\/v2\/pages"}],"about":[{"href":"https:\/\/www.connectum.no\/sv\/wp-json\/wp\/v2\/types\/page"}],"author":[{"embeddable":true,"href":"https:\/\/www.connectum.no\/sv\/wp-json\/wp\/v2\/users\/1"}],"replies":[{"embeddable":true,"href":"https:\/\/www.connectum.no\/sv\/wp-json\/wp\/v2\/comments?post=1737"}],"version-history":[{"count":1,"href":"https:\/\/www.connectum.no\/sv\/wp-json\/wp\/v2\/pages\/1737\/revisions"}],"predecessor-version":[{"id":1738,"href":"https:\/\/www.connectum.no\/sv\/wp-json\/wp\/v2\/pages\/1737\/revisions\/1738"}],"wp:attachment":[{"href":"https:\/\/www.connectum.no\/sv\/wp-json\/wp\/v2\/media?parent=1737"}],"curies":[{"name":"wp","href":"https:\/\/api.w.org\/{rel}","templated":true}]}}