{"id":1973,"date":"2024-09-05T08:31:18","date_gmt":"2024-09-05T08:31:18","guid":{"rendered":"https:\/\/www.connectum.no\/?page_id=1973"},"modified":"2024-09-05T08:33:48","modified_gmt":"2024-09-05T08:33:48","slug":"certifiering","status":"publish","type":"page","link":"https:\/\/www.connectum.no\/sv\/certifiering\/","title":{"rendered":"Certifiering"},"content":{"rendered":"<section class=\"wpb-content-wrapper\"><p>[vc_row el_class=&#8221;row-1180 padding-90-25&#8243;][vc_column css=&#8221;.vc_custom_1490048536143{padding-right: 0px !important;padding-left: 0px !important;}&#8221;][vc_column_text]<\/p>\n<h1 class=\"mobile-align-left\" style=\"text-align: center; margin-bottom: 25px;\">Certifiering<\/h1>\n<p>[\/vc_column_text][\/vc_column][\/vc_row][vc_row el_class=&#8221;row-1180&#8243; css=&#8221;.vc_custom_1490562130112{padding-bottom: 55px !important;}&#8221;][vc_column][vc_row_inner css=&#8221;.vc_custom_1490048730887{margin-right: 0px !important;margin-left: 0px !important;padding-right: 0px !important;padding-left: 0px !important;}&#8221;][vc_column_inner width=&#8221;2\/3&#8243; css=&#8221;.vc_custom_1490048777183{margin-right: 0px !important;margin-left: 0px !important;padding-right: 50px !important;padding-left: 0px !important;}&#8221;][vc_column_text]Connectum var den f\u00f6rsta investeringsr\u00e5dgivaren i Norden som blev certifierad som &#8221;fiduciary&#8221;. Det inneb\u00e4r certifierad oberoende r\u00e5dgivning som s\u00e4tter kundens b\u00e4sta i f\u00f6rsta hand. Detta representerar guldstandarden f\u00f6r investeringsr\u00e5dgivning enligt global best practice. Certifieringen utf\u00f6rs av The Center for Fiduciary Excellence i Pittsburgh, USA, som genomf\u00f6r oberoende granskning och utv\u00e4rdering av investeringsr\u00e5dgivare \u00f6ver hela v\u00e4rlden. Detta s\u00e4kerst\u00e4ller kvalitet och trygghet f\u00f6r dig som kund.<\/p>\n<p>Se\u00a0<a href=\"https:\/\/www.cefex.org\/\" target=\"_blank\" rel=\"noopener\">www.cefex.org<\/a>\u00a0f\u00f6r mer information.[\/vc_column_text][vc_single_image image=&#8221;1974&#8243; img_size=&#8221;full&#8221;][\/vc_column_inner][vc_column_inner width=&#8221;1\/3&#8243; css=&#8221;.vc_custom_1490048768824{margin-right: 0px !important;margin-left: 0px !important;padding-right: 0px !important;padding-left: 0px !important;}&#8221;][vc_column_text]<\/p>\n<h3 class=\"underline\">Relaterte sider<\/h3>\n<p><a class=\"title with-arrow\" href=\"https:\/\/www.connectum.no\/vare-fordeler\/\">V\u00e5re fordeler<\/a><\/p>\n<p><a class=\"title with-arrow\" href=\"https:\/\/www.connectum.no\/investeringsfilosofi\/\">Investeringsfilosofi<\/a><\/p>\n<p><a class=\"title with-arrow\" href=\"https:\/\/www.connectum.no\/om-oss\/\">Om oss<\/a>[\/vc_column_text][\/vc_column_inner][vc_column_inner][\/vc_column_inner][\/vc_row_inner][\/vc_column][\/vc_row][vc_row css=&#8221;.vc_custom_1492132214523{margin-right: 0px !important;margin-left: 0px !important;padding-right: 0px !important;padding-left: 0px !important;background-color: #337988 !important;}&#8221; el_class=&#8221;padding-55&#8243;][vc_column css=&#8221;.vc_custom_1490056196916{padding-right: 0px !important;padding-left: 0px !important;}&#8221;][vc_row_inner el_class=&#8221;row-1180&#8243;][vc_column_inner css=&#8221;.vc_custom_1490056234107{padding-right: 0px !important;padding-left: 0px !important;}&#8221;][vc_column_text]<\/p>\n<h5 class=\"white-color\" style=\"text-align: center;\">\u00d8nsker du \u00e5 bli bedre kjent med oss &#8211; eller vil vite mer?<\/h5>\n<p style=\"text-align: center; margin-top: 40px; font-family: 'libre_franklin_medium';\"><a class=\"btn-transparent with-arrow\" href=\"\/www.connectum.no\/kontakt-oss\/\">Bli kontaktet<\/a><\/p>\n<p>[\/vc_column_text][\/vc_column_inner][\/vc_row_inner][\/vc_column][\/vc_row][vc_row css=&#8221;.vc_custom_1490058405397{margin-right: 0px !important;margin-left: 0px !important;padding-top: 0px !important;padding-right: 0px !important;padding-bottom: 10px !important;padding-left: 0px !important;background-color: #f3f3f3 !important;}&#8221;][vc_column css=&#8221;.vc_custom_1490056965300{padding-top: 0px !important;padding-right: 0px !important;padding-bottom: 0px !important;padding-left: 0px !important;}&#8221;][\/vc_column][\/vc_row]<\/p>\n<\/section>","protected":false},"excerpt":{"rendered":"<p>[vc_row el_class=&#8221;row-1180 padding-90-25&#8243;][vc_column css=&#8221;.vc_custom_1490048536143{padding-right: 0px !important;padding-left: 0px !important;}&#8221;][vc_column_text] Certifiering [\/vc_column_text][\/vc_column][\/vc_row][vc_row el_class=&#8221;row-1180&#8243; css=&#8221;.vc_custom_1490562130112{padding-bottom: 55px !important;}&#8221;][vc_column][vc_row_inner css=&#8221;.vc_custom_1490048730887{margin-right: 0px !important;margin-left: 0px !important;padding-right: 0px !important;padding-left: 0px !important;}&#8221;][vc_column_inner width=&#8221;2\/3&#8243; css=&#8221;.vc_custom_1490048777183{margin-right: 0px !important;margin-left: 0px !important;padding-right: 50px !important;padding-left: 0px !important;}&#8221;][vc_column_text]Connectum var den f\u00f6rsta investeringsr\u00e5dgivaren i Norden som blev certifierad som &#8221;fiduciary&#8221;. Det inneb\u00e4r certifierad oberoende r\u00e5dgivning som s\u00e4tter kundens b\u00e4sta i f\u00f6rsta [&hellip;]<\/p>\n","protected":false},"author":1,"featured_media":0,"parent":0,"menu_order":0,"comment_status":"closed","ping_status":"closed","template":"","meta":{"_acf_changed":false,"footnotes":""},"class_list":["post-1973","page","type-page","status-publish","hentry"],"acf":[],"yoast_head":"<!-- This site is optimized with the Yoast SEO plugin v24.3 - https:\/\/yoast.com\/wordpress\/plugins\/seo\/ -->\n<title>Certifiering - Connectum<\/title>\n<meta name=\"robots\" content=\"index, follow, max-snippet:-1, max-image-preview:large, max-video-preview:-1\" \/>\n<link rel=\"canonical\" href=\"https:\/\/connectum.no\/sv\/certifiering\/\" \/>\n<meta property=\"og:locale\" content=\"sv_SE\" \/>\n<meta property=\"og:type\" content=\"article\" \/>\n<meta property=\"og:title\" content=\"Certifiering - Connectum\" \/>\n<meta property=\"og:description\" content=\"[vc_row el_class=&#8221;row-1180 padding-90-25&#8243;][vc_column css=&#8221;.vc_custom_1490048536143{padding-right: 0px !important;padding-left: 0px !important;}&#8221;][vc_column_text] Certifiering [\/vc_column_text][\/vc_column][\/vc_row][vc_row el_class=&#8221;row-1180&#8243; css=&#8221;.vc_custom_1490562130112{padding-bottom: 55px !important;}&#8221;][vc_column][vc_row_inner css=&#8221;.vc_custom_1490048730887{margin-right: 0px !important;margin-left: 0px !important;padding-right: 0px !important;padding-left: 0px !important;}&#8221;][vc_column_inner width=&#8221;2\/3&#8243; css=&#8221;.vc_custom_1490048777183{margin-right: 0px !important;margin-left: 0px !important;padding-right: 50px !important;padding-left: 0px !important;}&#8221;][vc_column_text]Connectum var den f\u00f6rsta investeringsr\u00e5dgivaren i Norden som blev certifierad som &#8221;fiduciary&#8221;. Det inneb\u00e4r certifierad oberoende r\u00e5dgivning som s\u00e4tter kundens b\u00e4sta i f\u00f6rsta [&hellip;]\" \/>\n<meta property=\"og:url\" content=\"https:\/\/connectum.no\/sv\/certifiering\/\" \/>\n<meta property=\"og:site_name\" content=\"Connectum\" \/>\n<meta property=\"article:modified_time\" content=\"2024-09-05T08:33:48+00:00\" \/>\n<meta name=\"twitter:card\" content=\"summary_large_image\" \/>\n<meta name=\"twitter:label1\" content=\"Ber\u00e4knad l\u00e4stid\" \/>\n\t<meta name=\"twitter:data1\" content=\"2 minuter\" \/>\n<script type=\"application\/ld+json\" class=\"yoast-schema-graph\">{\"@context\":\"https:\/\/schema.org\",\"@graph\":[{\"@type\":\"WebPage\",\"@id\":\"https:\/\/connectum.no\/sv\/certifiering\/\",\"url\":\"https:\/\/connectum.no\/sv\/certifiering\/\",\"name\":\"Certifiering - Connectum\",\"isPartOf\":{\"@id\":\"https:\/\/connectum.no\/#website\"},\"datePublished\":\"2024-09-05T08:31:18+00:00\",\"dateModified\":\"2024-09-05T08:33:48+00:00\",\"breadcrumb\":{\"@id\":\"https:\/\/connectum.no\/sv\/certifiering\/#breadcrumb\"},\"inLanguage\":\"sv-SE\",\"potentialAction\":[{\"@type\":\"ReadAction\",\"target\":[\"https:\/\/connectum.no\/sv\/certifiering\/\"]}]},{\"@type\":\"BreadcrumbList\",\"@id\":\"https:\/\/connectum.no\/sv\/certifiering\/#breadcrumb\",\"itemListElement\":[{\"@type\":\"ListItem\",\"position\":1,\"name\":\"Home\",\"item\":\"https:\/\/connectum.no\/sv\/\"},{\"@type\":\"ListItem\",\"position\":2,\"name\":\"Certifiering\"}]},{\"@type\":\"WebSite\",\"@id\":\"https:\/\/connectum.no\/#website\",\"url\":\"https:\/\/connectum.no\/\",\"name\":\"Connectum\",\"description\":\"Family Wealth Management\",\"potentialAction\":[{\"@type\":\"SearchAction\",\"target\":{\"@type\":\"EntryPoint\",\"urlTemplate\":\"https:\/\/connectum.no\/?s={search_term_string}\"},\"query-input\":{\"@type\":\"PropertyValueSpecification\",\"valueRequired\":true,\"valueName\":\"search_term_string\"}}],\"inLanguage\":\"sv-SE\"}]}<\/script>\n<!-- \/ Yoast SEO plugin. -->","yoast_head_json":{"title":"Certifiering - Connectum","robots":{"index":"index","follow":"follow","max-snippet":"max-snippet:-1","max-image-preview":"max-image-preview:large","max-video-preview":"max-video-preview:-1"},"canonical":"https:\/\/connectum.no\/sv\/certifiering\/","og_locale":"sv_SE","og_type":"article","og_title":"Certifiering - Connectum","og_description":"[vc_row el_class=&#8221;row-1180 padding-90-25&#8243;][vc_column css=&#8221;.vc_custom_1490048536143{padding-right: 0px !important;padding-left: 0px !important;}&#8221;][vc_column_text] Certifiering [\/vc_column_text][\/vc_column][\/vc_row][vc_row el_class=&#8221;row-1180&#8243; css=&#8221;.vc_custom_1490562130112{padding-bottom: 55px !important;}&#8221;][vc_column][vc_row_inner css=&#8221;.vc_custom_1490048730887{margin-right: 0px !important;margin-left: 0px !important;padding-right: 0px !important;padding-left: 0px !important;}&#8221;][vc_column_inner width=&#8221;2\/3&#8243; css=&#8221;.vc_custom_1490048777183{margin-right: 0px !important;margin-left: 0px !important;padding-right: 50px !important;padding-left: 0px !important;}&#8221;][vc_column_text]Connectum var den f\u00f6rsta investeringsr\u00e5dgivaren i Norden som blev certifierad som &#8221;fiduciary&#8221;. Det inneb\u00e4r certifierad oberoende r\u00e5dgivning som s\u00e4tter kundens b\u00e4sta i f\u00f6rsta [&hellip;]","og_url":"https:\/\/connectum.no\/sv\/certifiering\/","og_site_name":"Connectum","article_modified_time":"2024-09-05T08:33:48+00:00","twitter_card":"summary_large_image","twitter_misc":{"Ber\u00e4knad l\u00e4stid":"2 minuter"},"schema":{"@context":"https:\/\/schema.org","@graph":[{"@type":"WebPage","@id":"https:\/\/connectum.no\/sv\/certifiering\/","url":"https:\/\/connectum.no\/sv\/certifiering\/","name":"Certifiering - Connectum","isPartOf":{"@id":"https:\/\/connectum.no\/#website"},"datePublished":"2024-09-05T08:31:18+00:00","dateModified":"2024-09-05T08:33:48+00:00","breadcrumb":{"@id":"https:\/\/connectum.no\/sv\/certifiering\/#breadcrumb"},"inLanguage":"sv-SE","potentialAction":[{"@type":"ReadAction","target":["https:\/\/connectum.no\/sv\/certifiering\/"]}]},{"@type":"BreadcrumbList","@id":"https:\/\/connectum.no\/sv\/certifiering\/#breadcrumb","itemListElement":[{"@type":"ListItem","position":1,"name":"Home","item":"https:\/\/connectum.no\/sv\/"},{"@type":"ListItem","position":2,"name":"Certifiering"}]},{"@type":"WebSite","@id":"https:\/\/connectum.no\/#website","url":"https:\/\/connectum.no\/","name":"Connectum","description":"Family Wealth Management","potentialAction":[{"@type":"SearchAction","target":{"@type":"EntryPoint","urlTemplate":"https:\/\/connectum.no\/?s={search_term_string}"},"query-input":{"@type":"PropertyValueSpecification","valueRequired":true,"valueName":"search_term_string"}}],"inLanguage":"sv-SE"}]}},"_links":{"self":[{"href":"https:\/\/www.connectum.no\/sv\/wp-json\/wp\/v2\/pages\/1973","targetHints":{"allow":["GET"]}}],"collection":[{"href":"https:\/\/www.connectum.no\/sv\/wp-json\/wp\/v2\/pages"}],"about":[{"href":"https:\/\/www.connectum.no\/sv\/wp-json\/wp\/v2\/types\/page"}],"author":[{"embeddable":true,"href":"https:\/\/www.connectum.no\/sv\/wp-json\/wp\/v2\/users\/1"}],"replies":[{"embeddable":true,"href":"https:\/\/www.connectum.no\/sv\/wp-json\/wp\/v2\/comments?post=1973"}],"version-history":[{"count":2,"href":"https:\/\/www.connectum.no\/sv\/wp-json\/wp\/v2\/pages\/1973\/revisions"}],"predecessor-version":[{"id":4441,"href":"https:\/\/www.connectum.no\/sv\/wp-json\/wp\/v2\/pages\/1973\/revisions\/4441"}],"wp:attachment":[{"href":"https:\/\/www.connectum.no\/sv\/wp-json\/wp\/v2\/media?parent=1973"}],"curies":[{"name":"wp","href":"https:\/\/api.w.org\/{rel}","templated":true}]}}