{"id":2167,"date":"2020-08-31T13:23:56","date_gmt":"2020-08-31T13:23:56","guid":{"rendered":"https:\/\/www.connectum.no\/?page_id=2167"},"modified":"2025-07-22T14:08:57","modified_gmt":"2025-07-22T14:08:57","slug":"prislista","status":"publish","type":"page","link":"https:\/\/www.connectum.no\/sv\/prislista\/","title":{"rendered":"Prislista"},"content":{"rendered":"<section class=\"wpb-content-wrapper\"><p>[vc_row el_class=&#8221;row-1180&#8243; css=&#8221;.vc_custom_1725526715496{padding-top: 55px !important;padding-bottom: 55px !important;}&#8221;][vc_column][vc_row_inner css=&#8221;.vc_custom_1490048745144{margin-right: 0px !important;margin-left: 0px !important;padding-right: 0px !important;padding-left: 0px !important;}&#8221;][vc_column_inner width=&#8221;2\/3&#8243; css=&#8221;.vc_custom_1490048795632{margin-right: 0px !important;margin-left: 0px !important;padding-right: 50px !important;padding-left: 0px !important;}&#8221;][vc_column_text]<\/p>\n<h1 class=\"mobile-align-left\" style=\"margin-bottom: 25px; text-align: left;\">Prislista<\/h1>\n<p>Arvode f\u00f6r finansiell r\u00e5dgivning, s\u00e5som att skapa en investeringsstrategi eller spar- och investeringsplan, ber\u00e4knas baserat p\u00e5 nedlagd tid enligt g\u00e4llande timtaxa eller avtalad omfattning beroende p\u00e5 portf\u00f6ljstorlek och komplexitet.<\/p>\n<p>\u00c5rligt l\u00f6pande arvode f\u00f6r investeringsr\u00e5dgivning (portf\u00f6ljuppf\u00f6ljning, rekommendationer, rapportering osv.) ber\u00e4knas baserat p\u00e5 nedlagd tid enligt g\u00e4llande timtaxa, avtalad omfattning eller relaterat till portf\u00f6ljv\u00e4rde med mellan 0,5% och 1,5% beroende p\u00e5 portf\u00f6ljstorlek och komplexitet.<\/p>\n<p>G\u00e4llande timtaxa varierar fran 2000 kr til kr 5000 beroende p\u00e5 r\u00e5dgivarens erfarenhet och senioritet.<\/p>\n<p>Moms tillkommer enligt g\u00e4llande regler.[\/vc_column_text][\/vc_column_inner][vc_column_inner width=&#8221;1\/3&#8243; css=&#8221;.vc_custom_1490048787729{margin-right: 0px !important;margin-left: 0px !important;padding-right: 0px !important;padding-left: 0px !important;}&#8221;][vc_column_text]<\/p>\n<h3 class=\"underline\">Relaterte sider<\/h3>\n<p><a class=\"title with-arrow\" href=\"https:\/\/www.connectum.no\/vare-fordeler\/\">V\u00e5re fordeler<\/a><\/p>\n<p><a class=\"title with-arrow\" href=\"https:\/\/www.connectum.no\/connectum-metoden\/\">Connectum metoden<\/a><\/p>\n<p><a class=\"title with-arrow\" href=\"https:\/\/www.connectum.no\/om-oss\/\">Om oss<\/a>[\/vc_column_text][\/vc_column_inner][\/vc_row_inner][\/vc_column][\/vc_row][vc_row css=&#8221;.vc_custom_1492132969440{margin-right: 0px !important;margin-left: 0px !important;padding-right: 0px !important;padding-left: 0px !important;background-color: #337988 !important;}&#8221; el_class=&#8221;padding-55&#8243;][vc_column][vc_row_inner el_class=&#8221;row-1180&#8243;][vc_column_inner][vc_column_text]<\/p>\n<h5 class=\"white-color\" style=\"text-align: center;\">\u00d8nsker du \u00e5 bli bedre kjent med oss &#8211; eller vil vite mer?<\/h5>\n<p style=\"text-align: center; margin-top: 40px; font-family: 'libre_franklin_medium';\"><a class=\"btn-transparent with-arrow\" href=\"\/www.connectum.no\/kontakt-oss\/\">Bli kontaktet<\/a><\/p>\n<p>[\/vc_column_text][\/vc_column_inner][\/vc_row_inner][\/vc_column][\/vc_row][vc_row css=&#8221;.vc_custom_1490058648977{margin-right: 0px !important;margin-left: 0px !important;padding-top: 0px !important;padding-right: 0px !important;padding-bottom: 10px !important;padding-left: 0px !important;background-color: #f3f3f3 !important;}&#8221;][vc_column css=&#8221;.vc_custom_1490058666604{padding-top: 0px !important;padding-right: 0px !important;padding-bottom: 0px !important;padding-left: 0px !important;}&#8221;][vc_row_inner][vc_column_inner offset=&#8221;vc_hidden-lg vc_hidden-md vc_hidden-sm&#8221;][vc_column_text css=&#8221;.vc_custom_1492133026060{margin-bottom: 0px !important;}&#8221;]<img decoding=\"async\" style=\"width: 100%;\" src=\"https:\/\/www.connectum.no\/wp-content\/uploads\/2017\/03\/conn_secret_of_money.png\" alt=\"Secret of money\" \/>[\/vc_column_text][\/vc_column_inner][\/vc_row_inner][vc_row_inner el_class=&#8221;row-1180&#8243;][vc_column_inner width=&#8221;2\/3&#8243; css=&#8221;.vc_custom_1490564322831{padding-top: 0px !important;padding-right: 50px !important;padding-left: 0px !important;}&#8221; offset=&#8221;vc_col-xs-12&#8243;][vc_column_text]<\/p>\n<h2 class=\"margin-top-80\" style=\"margin-bottom: 15px;\">F\u00e5 f\u00f8rste kapittel gratis!<\/h2>\n<p>Boken \u201cThe 7 Secrets of Money\u201d gir deg innsikt i hvordan du bygger investeringene dine og oppn\u00e5r dine m\u00e5l. Fyll inn e-post og vi sender deg f\u00f8rste kapittel av boken.<\/p>\n<div class=\"secret_of_money\">\n\t<section id=\"yikes-mailchimp-container-10\" class=\"yikes-mailchimp-container yikes-mailchimp-container-10 \">\n\t\t\t\t<form id=\"secret-of-money-no-10\" class=\"yikes-easy-mc-form yikes-easy-mc-form-10 yikes-mailchimp-form-inline  \" method=\"POST\" data-attr-form-id=\"10\">\n\n\t\t\t\t\t\t\t\t\t\t\t\t\t<label for=\"yikes-easy-mc-form-10-EMAIL\"  class=\"label-inline EMAIL-label yikes-mailchimp-field-required \">\n\n\t\t\t\t\t\t\t\t\t\t<!-- dictate label visibility -->\n\t\t\t\t\t\t\t\t\t\t\n\t\t\t\t\t\t\t\t\t\t<!-- Description Above -->\n\t\t\t\t\t\t\t\t\t\t\n\t\t\t\t\t\t\t\t\t\t<input id=\"yikes-easy-mc-form-10-EMAIL\"  name=\"EMAIL\"  placeholder=\"E-postadresse\"  class=\"yikes-easy-mc-email field-no-label\"  required=\"required\" type=\"email\"  value=\"\">\n\n\t\t\t\t\t\t\t\t\t\t<!-- Description Below -->\n\t\t\t\t\t\t\t\t\t\t\n\t\t\t\t\t\t\t\t\t<\/label>\n\t\t\t\t\t\t\t\t\t<label class=\"yikes-mailchimp-eu-compliance-label\"><input type=\"checkbox\" required=\"required\" name=\"eu-laws\" value=\"1\" > <div class=\"yikes-mailchimp-eu-compliance-text\"><div id=\"magicdomid6\" class=\"\"><span class=\"author-hCNKNOp05o1S\">Ja, jeg \u00f8nsker \u00e5 motta nyhetsbrev fra Connectum<\/span><\/div>\n<\/div><\/label>\n\t\t\t\t<!-- Honeypot Trap -->\n\t\t\t\t<input type=\"hidden\" name=\"yikes-mailchimp-honeypot\" id=\"yikes-mailchimp-honeypot-10\" value=\"\">\n\n\t\t\t\t<!-- List ID -->\n\t\t\t\t<input type=\"hidden\" name=\"yikes-mailchimp-associated-list-id\" id=\"yikes-mailchimp-associated-list-id-10\" value=\"28b7bb93f4\">\n\n\t\t\t\t<!-- The form that is being submitted! Used to display error\/success messages above the correct form -->\n\t\t\t\t<input type=\"hidden\" name=\"yikes-mailchimp-submitted-form\" id=\"yikes-mailchimp-submitted-form-10\" value=\"10\">\n\n\t\t\t\t<!-- Submit Button -->\n\t\t\t\t<button type=\"submit\" class=\"yikes-easy-mc-submit-button yikes-easy-mc-submit-button-10 btn btn-primary submit_btn transparent\"> <span class=\"yikes-mailchimp-submit-button-span-text\">Send inn<\/span><\/button>\t\t\t\t<!-- Nonce Security Check -->\n\t\t\t\t<input type=\"hidden\" id=\"yikes_easy_mc_new_subscriber_10\" name=\"yikes_easy_mc_new_subscriber\" value=\"570a2da23f\">\n\t\t\t\t<input type=\"hidden\" name=\"_wp_http_referer\" value=\"\/sv\/wp-json\/wp\/v2\/pages\/2167\" \/>\n\t\t\t<\/form>\n\t\t\t<!-- Mailchimp Form generated by Easy Forms for Mailchimp v6.9.0 (https:\/\/wordpress.org\/plugins\/yikes-inc-easy-mailchimp-extender\/) -->\n\n\t\t\t<\/section>\n\t<\/div>\n<p>[\/vc_column_text][\/vc_column_inner][vc_column_inner width=&#8221;1\/3&#8243; css=&#8221;.vc_custom_1490562685871{margin-bottom: 0px !important;padding-right: 0px !important;padding-left: 0px !important;}&#8221; offset=&#8221;vc_hidden-sm vc_hidden-xs&#8221;][vc_column_text css=&#8221;.vc_custom_1490562557610{margin-bottom: 0px !important;}&#8221;]<img decoding=\"async\" style=\"width: 100%;\" src=\"https:\/\/www.connectum.no\/wp-content\/uploads\/2017\/03\/conn_secret_of_money.png\" alt=\"Secret of money\" \/>[\/vc_column_text][\/vc_column_inner][\/vc_row_inner][\/vc_column][\/vc_row]<\/p>\n<\/section>","protected":false},"excerpt":{"rendered":"<p>[vc_row el_class=&#8221;row-1180&#8243; css=&#8221;.vc_custom_1725526715496{padding-top: 55px !important;padding-bottom: 55px !important;}&#8221;][vc_column][vc_row_inner css=&#8221;.vc_custom_1490048745144{margin-right: 0px !important;margin-left: 0px !important;padding-right: 0px !important;padding-left: 0px !important;}&#8221;][vc_column_inner width=&#8221;2\/3&#8243; css=&#8221;.vc_custom_1490048795632{margin-right: 0px !important;margin-left: 0px !important;padding-right: 50px !important;padding-left: 0px !important;}&#8221;][vc_column_text] Prislista Arvode f\u00f6r finansiell r\u00e5dgivning, s\u00e5som att skapa en investeringsstrategi eller spar- och investeringsplan, ber\u00e4knas baserat p\u00e5 nedlagd tid enligt g\u00e4llande timtaxa eller avtalad omfattning beroende p\u00e5 portf\u00f6ljstorlek och [&hellip;]<\/p>\n","protected":false},"author":1,"featured_media":1954,"parent":0,"menu_order":0,"comment_status":"closed","ping_status":"closed","template":"","meta":{"_acf_changed":false,"footnotes":""},"class_list":["post-2167","page","type-page","status-publish","hentry"],"acf":[],"yoast_head":"<!-- This site is optimized with the Yoast SEO plugin v24.3 - https:\/\/yoast.com\/wordpress\/plugins\/seo\/ -->\n<title>Prislista - Connectum<\/title>\n<meta name=\"robots\" content=\"index, follow, max-snippet:-1, max-image-preview:large, max-video-preview:-1\" \/>\n<link rel=\"canonical\" href=\"https:\/\/connectum.no\/sv\/prislista\/\" \/>\n<meta property=\"og:locale\" content=\"sv_SE\" \/>\n<meta property=\"og:type\" content=\"article\" \/>\n<meta property=\"og:title\" content=\"Prislista - Connectum\" \/>\n<meta property=\"og:description\" content=\"[vc_row el_class=&#8221;row-1180&#8243; css=&#8221;.vc_custom_1725526715496{padding-top: 55px !important;padding-bottom: 55px !important;}&#8221;][vc_column][vc_row_inner css=&#8221;.vc_custom_1490048745144{margin-right: 0px !important;margin-left: 0px !important;padding-right: 0px !important;padding-left: 0px !important;}&#8221;][vc_column_inner width=&#8221;2\/3&#8243; css=&#8221;.vc_custom_1490048795632{margin-right: 0px !important;margin-left: 0px !important;padding-right: 50px !important;padding-left: 0px !important;}&#8221;][vc_column_text] Prislista Arvode f\u00f6r finansiell r\u00e5dgivning, s\u00e5som att skapa en investeringsstrategi eller spar- och investeringsplan, ber\u00e4knas baserat p\u00e5 nedlagd tid enligt g\u00e4llande timtaxa eller avtalad omfattning beroende p\u00e5 portf\u00f6ljstorlek och [&hellip;]\" \/>\n<meta property=\"og:url\" content=\"https:\/\/connectum.no\/sv\/prislista\/\" \/>\n<meta property=\"og:site_name\" content=\"Connectum\" \/>\n<meta property=\"article:modified_time\" content=\"2025-07-22T14:08:57+00:00\" \/>\n<meta property=\"og:image\" content=\"https:\/\/connectum.no\/wp-content\/uploads\/2019\/12\/Toppbannere_investfilosofi.jpg\" \/>\n\t<meta property=\"og:image:width\" content=\"2400\" \/>\n\t<meta property=\"og:image:height\" content=\"900\" \/>\n\t<meta property=\"og:image:type\" content=\"image\/jpeg\" \/>\n<meta name=\"twitter:card\" content=\"summary_large_image\" \/>\n<meta name=\"twitter:label1\" content=\"Ber\u00e4knad l\u00e4stid\" \/>\n\t<meta name=\"twitter:data1\" content=\"2 minuter\" \/>\n<script type=\"application\/ld+json\" class=\"yoast-schema-graph\">{\"@context\":\"https:\/\/schema.org\",\"@graph\":[{\"@type\":\"WebPage\",\"@id\":\"https:\/\/connectum.no\/sv\/prislista\/\",\"url\":\"https:\/\/connectum.no\/sv\/prislista\/\",\"name\":\"Prislista - Connectum\",\"isPartOf\":{\"@id\":\"https:\/\/connectum.no\/#website\"},\"primaryImageOfPage\":{\"@id\":\"https:\/\/connectum.no\/sv\/prislista\/#primaryimage\"},\"image\":{\"@id\":\"https:\/\/connectum.no\/sv\/prislista\/#primaryimage\"},\"thumbnailUrl\":\"https:\/\/www.connectum.no\/wp-content\/uploads\/2019\/12\/Toppbannere_investfilosofi.jpg\",\"datePublished\":\"2020-08-31T13:23:56+00:00\",\"dateModified\":\"2025-07-22T14:08:57+00:00\",\"breadcrumb\":{\"@id\":\"https:\/\/connectum.no\/sv\/prislista\/#breadcrumb\"},\"inLanguage\":\"sv-SE\",\"potentialAction\":[{\"@type\":\"ReadAction\",\"target\":[\"https:\/\/connectum.no\/sv\/prislista\/\"]}]},{\"@type\":\"ImageObject\",\"inLanguage\":\"sv-SE\",\"@id\":\"https:\/\/connectum.no\/sv\/prislista\/#primaryimage\",\"url\":\"https:\/\/www.connectum.no\/wp-content\/uploads\/2019\/12\/Toppbannere_investfilosofi.jpg\",\"contentUrl\":\"https:\/\/www.connectum.no\/wp-content\/uploads\/2019\/12\/Toppbannere_investfilosofi.jpg\",\"width\":2400,\"height\":900},{\"@type\":\"BreadcrumbList\",\"@id\":\"https:\/\/connectum.no\/sv\/prislista\/#breadcrumb\",\"itemListElement\":[{\"@type\":\"ListItem\",\"position\":1,\"name\":\"Home\",\"item\":\"https:\/\/connectum.no\/sv\/\"},{\"@type\":\"ListItem\",\"position\":2,\"name\":\"Prislista\"}]},{\"@type\":\"WebSite\",\"@id\":\"https:\/\/connectum.no\/#website\",\"url\":\"https:\/\/connectum.no\/\",\"name\":\"Connectum\",\"description\":\"Family Wealth Management\",\"potentialAction\":[{\"@type\":\"SearchAction\",\"target\":{\"@type\":\"EntryPoint\",\"urlTemplate\":\"https:\/\/connectum.no\/?s={search_term_string}\"},\"query-input\":{\"@type\":\"PropertyValueSpecification\",\"valueRequired\":true,\"valueName\":\"search_term_string\"}}],\"inLanguage\":\"sv-SE\"}]}<\/script>\n<!-- \/ Yoast SEO plugin. -->","yoast_head_json":{"title":"Prislista - Connectum","robots":{"index":"index","follow":"follow","max-snippet":"max-snippet:-1","max-image-preview":"max-image-preview:large","max-video-preview":"max-video-preview:-1"},"canonical":"https:\/\/connectum.no\/sv\/prislista\/","og_locale":"sv_SE","og_type":"article","og_title":"Prislista - Connectum","og_description":"[vc_row el_class=&#8221;row-1180&#8243; css=&#8221;.vc_custom_1725526715496{padding-top: 55px !important;padding-bottom: 55px !important;}&#8221;][vc_column][vc_row_inner css=&#8221;.vc_custom_1490048745144{margin-right: 0px !important;margin-left: 0px !important;padding-right: 0px !important;padding-left: 0px !important;}&#8221;][vc_column_inner width=&#8221;2\/3&#8243; css=&#8221;.vc_custom_1490048795632{margin-right: 0px !important;margin-left: 0px !important;padding-right: 50px !important;padding-left: 0px !important;}&#8221;][vc_column_text] Prislista Arvode f\u00f6r finansiell r\u00e5dgivning, s\u00e5som att skapa en investeringsstrategi eller spar- och investeringsplan, ber\u00e4knas baserat p\u00e5 nedlagd tid enligt g\u00e4llande timtaxa eller avtalad omfattning beroende p\u00e5 portf\u00f6ljstorlek och [&hellip;]","og_url":"https:\/\/connectum.no\/sv\/prislista\/","og_site_name":"Connectum","article_modified_time":"2025-07-22T14:08:57+00:00","og_image":[{"width":2400,"height":900,"url":"https:\/\/connectum.no\/wp-content\/uploads\/2019\/12\/Toppbannere_investfilosofi.jpg","type":"image\/jpeg"}],"twitter_card":"summary_large_image","twitter_misc":{"Ber\u00e4knad l\u00e4stid":"2 minuter"},"schema":{"@context":"https:\/\/schema.org","@graph":[{"@type":"WebPage","@id":"https:\/\/connectum.no\/sv\/prislista\/","url":"https:\/\/connectum.no\/sv\/prislista\/","name":"Prislista - Connectum","isPartOf":{"@id":"https:\/\/connectum.no\/#website"},"primaryImageOfPage":{"@id":"https:\/\/connectum.no\/sv\/prislista\/#primaryimage"},"image":{"@id":"https:\/\/connectum.no\/sv\/prislista\/#primaryimage"},"thumbnailUrl":"https:\/\/www.connectum.no\/wp-content\/uploads\/2019\/12\/Toppbannere_investfilosofi.jpg","datePublished":"2020-08-31T13:23:56+00:00","dateModified":"2025-07-22T14:08:57+00:00","breadcrumb":{"@id":"https:\/\/connectum.no\/sv\/prislista\/#breadcrumb"},"inLanguage":"sv-SE","potentialAction":[{"@type":"ReadAction","target":["https:\/\/connectum.no\/sv\/prislista\/"]}]},{"@type":"ImageObject","inLanguage":"sv-SE","@id":"https:\/\/connectum.no\/sv\/prislista\/#primaryimage","url":"https:\/\/www.connectum.no\/wp-content\/uploads\/2019\/12\/Toppbannere_investfilosofi.jpg","contentUrl":"https:\/\/www.connectum.no\/wp-content\/uploads\/2019\/12\/Toppbannere_investfilosofi.jpg","width":2400,"height":900},{"@type":"BreadcrumbList","@id":"https:\/\/connectum.no\/sv\/prislista\/#breadcrumb","itemListElement":[{"@type":"ListItem","position":1,"name":"Home","item":"https:\/\/connectum.no\/sv\/"},{"@type":"ListItem","position":2,"name":"Prislista"}]},{"@type":"WebSite","@id":"https:\/\/connectum.no\/#website","url":"https:\/\/connectum.no\/","name":"Connectum","description":"Family Wealth Management","potentialAction":[{"@type":"SearchAction","target":{"@type":"EntryPoint","urlTemplate":"https:\/\/connectum.no\/?s={search_term_string}"},"query-input":{"@type":"PropertyValueSpecification","valueRequired":true,"valueName":"search_term_string"}}],"inLanguage":"sv-SE"}]}},"_links":{"self":[{"href":"https:\/\/www.connectum.no\/sv\/wp-json\/wp\/v2\/pages\/2167","targetHints":{"allow":["GET"]}}],"collection":[{"href":"https:\/\/www.connectum.no\/sv\/wp-json\/wp\/v2\/pages"}],"about":[{"href":"https:\/\/www.connectum.no\/sv\/wp-json\/wp\/v2\/types\/page"}],"author":[{"embeddable":true,"href":"https:\/\/www.connectum.no\/sv\/wp-json\/wp\/v2\/users\/1"}],"replies":[{"embeddable":true,"href":"https:\/\/www.connectum.no\/sv\/wp-json\/wp\/v2\/comments?post=2167"}],"version-history":[{"count":9,"href":"https:\/\/www.connectum.no\/sv\/wp-json\/wp\/v2\/pages\/2167\/revisions"}],"predecessor-version":[{"id":4682,"href":"https:\/\/www.connectum.no\/sv\/wp-json\/wp\/v2\/pages\/2167\/revisions\/4682"}],"wp:featuredmedia":[{"embeddable":true,"href":"https:\/\/www.connectum.no\/sv\/wp-json\/wp\/v2\/media\/1954"}],"wp:attachment":[{"href":"https:\/\/www.connectum.no\/sv\/wp-json\/wp\/v2\/media?parent=2167"}],"curies":[{"name":"wp","href":"https:\/\/api.w.org\/{rel}","templated":true}]}}