{"id":2295,"date":"2020-09-08T14:42:42","date_gmt":"2020-09-08T14:42:42","guid":{"rendered":"https:\/\/www.connectum.no\/?page_id=2295"},"modified":"2024-02-21T20:48:03","modified_gmt":"2024-02-21T20:48:03","slug":"ledare-och-specialister","status":"publish","type":"page","link":"https:\/\/www.connectum.no\/sv\/ledare-och-specialister\/","title":{"rendered":"Ledare och specialister"},"content":{"rendered":"<section class=\"wpb-content-wrapper\"><p>[vc_row el_class=&#8221;row-1180 padding-90-25&#8243;][vc_column css=&#8221;.vc_custom_1490046604240{padding-right: 0px !important;padding-left: 0px !important;}&#8221;][\/vc_column][\/vc_row][vc_row el_class=&#8221;row-1180&#8243; css=&#8221;.vc_custom_1490561955115{padding-bottom: 55px !important;}&#8221;][vc_column css=&#8221;.vc_custom_1490046801872{margin-right: 0px !important;margin-left: 0px !important;padding-right: 0px !important;padding-left: 0px !important;}&#8221;][vc_row_inner css=&#8221;.vc_custom_1490561878737{margin-right: 0px !important;margin-left: 0px !important;}&#8221;][vc_column_inner css=&#8221;.vc_custom_1490046932175{margin-right: 0px !important;margin-left: 0px !important;padding-right: 50px !important;padding-left: 0px !important;}&#8221;][vc_column_text]<\/p>\n<h1>Ledare och specialister<\/h1>\n<p>&nbsp;<\/p>\n<p>Vi hj\u00e4lper personer i ledande befattningar och med olika specialistyrken med behov att planera sparande, investeringar och pensionskapital. Det kan vara partners i advokatbyr\u00e5er, konsult- och revisionsf\u00f6retag, chefer, l\u00e4kare, psykologer, tandl\u00e4kare eller andra yrken d\u00e4r arbetsinsatsen och l\u00f6nen \u00e4r h\u00f6g. \u00d6verg\u00e5ngen fr\u00e5n h\u00f6g inkomst och tidsbrist till en tillvaro dominerad av fritid och finansierad av pension och sparande \u00e4r pl\u00f6tslig f\u00f6r m\u00e5nga. En sak \u00e4r att ha n\u00e5got meningsfullt att fylla dagarna med, en annan \u00e4r att ha tillr\u00e4ckligt med kapital f\u00f6r att finansiera en aktiv livsstil med bost\u00e4der, bil, b\u00e5t, resor och intressen. F\u00f6r m\u00e5nga \u00e4r det n\u00f6dv\u00e4ndigt att bygga upp ett st\u00f6rre sparkapital f\u00f6r att finansiera livet efter arbetslivets slut.<\/p>\n<p>Oavsett om du redan idag har ett sparkapital eller om du beh\u00f6ver starta ett systematiskt sparande kan vi hj\u00e4lpa till.<\/p>\n<p>Connectum grundades 2002 och har alla erforderliga tillst\u00e5nd f\u00f6r sin verksamhet, st\u00e5r under tillsyn av norska Finanstilsynet och \u00e4r registrerade hos svenska Finansinspektionen. Detta borgar f\u00f6r strikta krav p\u00e5 efterlevnad av lagar och regler och h\u00f6g kvalitet i r\u00e5dgivningen. Connectum \u00e4r ocks\u00e5 den enda investeringsr\u00e5dgivaren i Norden som certifierats av CEFEX &#8211;\u00a0 vilket betyder att vi uppfyller h\u00f6gt st\u00e4llda krav p\u00e5 professionell kvalitet, integritet och objektivitet i v\u00e5r r\u00e5dgivning och s\u00e4tter kundens intressen f\u00f6rst.<\/p>\n<p>Vi skr\u00e4ddarsyr sparande- och investeringsstrategier i n\u00e4ra samarbete med v\u00e5ra kunder baserat p\u00e5 djup f\u00f6rst\u00e5else av behov, m\u00e5l och f\u00f6ruts\u00e4ttningar tillsammans med en vetenskaplig ansats. Vi vet av erfarenhet att systematik, t\u00e5lamod och disciplin ger bra resultat.<\/p>\n<p>Kontakta en av v\u00e5ra specialister p\u00e5 omr\u00e5det &#8211; Nils-Odd T\u00f8nnevold eller Henrik Tell, f\u00f6r ett kostnadsfritt och konfidentiellt samtal, eller fyll i och skicka in <span style=\"color: #51a678;\"><a style=\"color: #51a678;\" href=\"https:\/\/www.connectum.no\/sv\/kontakta-oss\/\"><strong><u>v\u00e5rt kontaktformul\u00e4r<\/u><\/strong><\/a><\/span> s\u00e5 kontaktar vi dig.[\/vc_column_text][\/vc_column_inner][\/vc_row_inner][\/vc_column][\/vc_row][vc_row el_class=&#8221;row-1180&#8243;][vc_column width=&#8221;1\/3&#8243;][vc_single_image image=&#8221;1989&#8243; img_size=&#8221;full&#8221; alignment=&#8221;center&#8221;][vc_column_text]<\/p>\n<h3 class=\"underline\">Kontakt Nils-Odd T\u00f8nnevold<\/h3>\n<p><a href=\"tel:+47 922 01 626\">+47 922 01 626<\/a><\/p>\n<p><a class=\"title underline\" href=\"mailto:nils.tonnevold@connectum.no\">nils.tonnevold@connectum.no<\/a>[\/vc_column_text][\/vc_column][vc_column width=&#8221;1\/3&#8243;][vc_single_image image=&#8221;1944&#8243; img_size=&#8221;full&#8221;][vc_column_text]<\/p>\n<h3 class=\"underline\">Kontakt Henrik Tell<\/h3>\n<p><a href=\"tel:+46 708 725 168\">+46 708 725 168<\/a><\/p>\n<p><a class=\"title underline\" href=\"mailto:henrik.tell@connectum.no\">henrik.tell@connectum.no<\/a>[\/vc_column_text][\/vc_column][\/vc_row][vc_row css=&#8221;.vc_custom_1492132857546{margin-right: 0px !important;margin-left: 0px !important;padding-right: 0px !important;padding-left: 0px !important;background-color: #337988 !important;}&#8221; el_class=&#8221;padding-55&#8243;][vc_column][vc_row_inner el_class=&#8221;row-1180&#8243;][vc_column_inner css=&#8221;.vc_custom_1490047374120{padding-right: 0px !important;padding-left: 0px !important;}&#8221;][vc_column_text]<\/p>\n<h5 class=\"p1\" style=\"text-align: center;\"><span style=\"color: #ffffff;\"><b>Vill du bli b\u00e4ttre bekant med oss &#8211; eller vill du veta mer?<\/b><\/span><\/h5>\n<p>&nbsp;<\/p>\n<p>&nbsp;<\/p>\n<p class=\"p1\" style=\"text-align: center;\">\n<div class=\"wpcf7 no-js\" id=\"wpcf7-f578-o1\" lang=\"en-US\" dir=\"ltr\" data-wpcf7-id=\"578\">\n<div class=\"screen-reader-response\"><p role=\"status\" aria-live=\"polite\" aria-atomic=\"true\"><\/p> <ul><\/ul><\/div>\n<form action=\"\/sv\/wp-json\/wp\/v2\/pages\/2295#wpcf7-f578-o1\" method=\"post\" class=\"wpcf7-form init\" aria-label=\"Contact form\" novalidate=\"novalidate\" data-status=\"init\">\n<div style=\"display: none;\">\n<input type=\"hidden\" name=\"_wpcf7\" value=\"578\" \/>\n<input type=\"hidden\" name=\"_wpcf7_version\" value=\"6.0.3\" \/>\n<input type=\"hidden\" name=\"_wpcf7_locale\" value=\"en_US\" \/>\n<input type=\"hidden\" name=\"_wpcf7_unit_tag\" value=\"wpcf7-f578-o1\" \/>\n<input type=\"hidden\" name=\"_wpcf7_container_post\" value=\"0\" \/>\n<input type=\"hidden\" name=\"_wpcf7_posted_data_hash\" value=\"\" \/>\n<input type=\"hidden\" name=\"_wpcf7_recaptcha_response\" value=\"\" \/>\n<\/div>\n<div class=\"line-50\">\n\t<p><span class=\"wpcf7-form-control-wrap\" data-name=\"text-738\"><input size=\"40\" maxlength=\"400\" class=\"wpcf7-form-control wpcf7-text wpcf7-validates-as-required\" aria-required=\"true\" aria-invalid=\"false\" placeholder=\"Namn*\" value=\"\" type=\"text\" name=\"text-738\" \/><\/span>\n\t<\/p>\n<\/div>\n<div class=\"line-50\">\n\t<p><span class=\"wpcf7-form-control-wrap\" data-name=\"tel-147\"><input size=\"40\" maxlength=\"400\" class=\"wpcf7-form-control wpcf7-tel wpcf7-validates-as-required wpcf7-text wpcf7-validates-as-tel\" aria-required=\"true\" aria-invalid=\"false\" placeholder=\"Telefon*\" value=\"\" type=\"tel\" name=\"tel-147\" \/><\/span>\n\t<\/p>\n<\/div>\n<div>\n\t<p><span class=\"wpcf7-form-control-wrap\" data-name=\"email-507\"><input size=\"40\" maxlength=\"400\" class=\"wpcf7-form-control wpcf7-email wpcf7-validates-as-required wpcf7-text wpcf7-validates-as-email\" aria-required=\"true\" aria-invalid=\"false\" placeholder=\"E-post*\" value=\"\" type=\"email\" name=\"email-507\" \/><\/span>\n\t<\/p>\n<\/div>\n<div>\n\t<p><span class=\"wpcf7-form-control-wrap\" data-name=\"textarea-704\"><textarea cols=\"40\" rows=\"5\" maxlength=\"2000\" class=\"wpcf7-form-control wpcf7-textarea\" aria-invalid=\"false\" placeholder=\"Kort beskrivning av dina behov\" name=\"textarea-704\"><\/textarea><\/span>\n\t<\/p>\n<\/div>\n<div class=\"checkbox\">\n\t<p><span class=\"wpcf7-form-control-wrap\" data-name=\"opt-in\"><span class=\"wpcf7-form-control wpcf7-checkbox\"><span class=\"wpcf7-list-item first last\"><label><input type=\"checkbox\" name=\"opt-in[]\" value=\"Ja, jag skulle vilja f\u00e5 Connectum nyhetsbrev.\" \/><span class=\"wpcf7-list-item-label\">Ja, jag skulle vilja f\u00e5 Connectum nyhetsbrev.<\/span><\/label><\/span><\/span><\/span>\n\t<\/p>\n<\/div>\n<p><script>\n document.addEventListener('DOMContentLoaded', function(){\n var $ = jQuery;\n setTimeout(\n function() {\n $('form.wpcf7-form input[type=\"submit\"').prop( \"disabled\", false );\n $('.specagreecheckbox').prop('checked', false);\n }, 5000);\n });\n<\/script>\n<\/p>\n<style>\n .specagree {display:none}\n<\/style>\n<div class=\"specagree\">\n\t<p><span class=\"wpcf7-form-control-wrap\" data-name=\"agree\"><span class=\"wpcf7-form-control wpcf7-acceptance invert\"><span class=\"wpcf7-list-item\"><input type=\"checkbox\" name=\"agree\" value=\"1\" checked=\"checked\" class=\"specagreecheckbox\" aria-invalid=\"false\" \/><\/span><\/span><\/span>\n\t<\/p>\n<\/div>\n<div class=\"one_line\">\n\t<div class=\"google_recaptcha\">\n\t\n\t<\/div>\n\t<div class=\"submit_btn\">\n\t\t<p><input class=\"wpcf7-form-control wpcf7-submit has-spinner button-green with-arrow\" type=\"submit\" value=\"Bli kontaktad\" \/>\n\t\t<\/p>\n\t<\/div>\n<\/div><div class=\"wpcf7-response-output\" aria-hidden=\"true\"><\/div>\n<\/form>\n<\/div>\n<p>[\/vc_column_text][\/vc_column_inner][\/vc_row_inner][\/vc_column][\/vc_row]<\/p>\n<\/section>","protected":false},"excerpt":{"rendered":"<p>[vc_row el_class=&#8221;row-1180 padding-90-25&#8243;][vc_column css=&#8221;.vc_custom_1490046604240{padding-right: 0px !important;padding-left: 0px !important;}&#8221;][\/vc_column][\/vc_row][vc_row el_class=&#8221;row-1180&#8243; css=&#8221;.vc_custom_1490561955115{padding-bottom: 55px !important;}&#8221;][vc_column css=&#8221;.vc_custom_1490046801872{margin-right: 0px !important;margin-left: 0px !important;padding-right: 0px !important;padding-left: 0px !important;}&#8221;][vc_row_inner css=&#8221;.vc_custom_1490561878737{margin-right: 0px !important;margin-left: 0px !important;}&#8221;][vc_column_inner css=&#8221;.vc_custom_1490046932175{margin-right: 0px !important;margin-left: 0px !important;padding-right: 50px !important;padding-left: 0px !important;}&#8221;][vc_column_text] Ledare och specialister &nbsp; Vi hj\u00e4lper personer i ledande befattningar och med olika specialistyrken med behov att planera sparande, investeringar [&hellip;]<\/p>\n","protected":false},"author":1,"featured_media":4338,"parent":0,"menu_order":0,"comment_status":"closed","ping_status":"closed","template":"","meta":{"_acf_changed":false,"footnotes":""},"class_list":["post-2295","page","type-page","status-publish","hentry"],"acf":[],"yoast_head":"<!-- This site is optimized with the Yoast SEO plugin v24.3 - https:\/\/yoast.com\/wordpress\/plugins\/seo\/ -->\n<title>Ledare och specialister - Connectum<\/title>\n<meta name=\"robots\" content=\"index, follow, max-snippet:-1, max-image-preview:large, max-video-preview:-1\" \/>\n<link rel=\"canonical\" href=\"https:\/\/connectum.no\/sv\/ledare-och-specialister\/\" \/>\n<meta property=\"og:locale\" content=\"sv_SE\" \/>\n<meta property=\"og:type\" content=\"article\" \/>\n<meta property=\"og:title\" content=\"Ledare och specialister - Connectum\" \/>\n<meta property=\"og:description\" content=\"[vc_row el_class=&#8221;row-1180 padding-90-25&#8243;][vc_column css=&#8221;.vc_custom_1490046604240{padding-right: 0px !important;padding-left: 0px !important;}&#8221;][\/vc_column][\/vc_row][vc_row el_class=&#8221;row-1180&#8243; css=&#8221;.vc_custom_1490561955115{padding-bottom: 55px !important;}&#8221;][vc_column css=&#8221;.vc_custom_1490046801872{margin-right: 0px !important;margin-left: 0px !important;padding-right: 0px !important;padding-left: 0px !important;}&#8221;][vc_row_inner css=&#8221;.vc_custom_1490561878737{margin-right: 0px !important;margin-left: 0px !important;}&#8221;][vc_column_inner css=&#8221;.vc_custom_1490046932175{margin-right: 0px !important;margin-left: 0px !important;padding-right: 50px !important;padding-left: 0px !important;}&#8221;][vc_column_text] Ledare och specialister &nbsp; Vi hj\u00e4lper personer i ledande befattningar och med olika specialistyrken med behov att planera sparande, investeringar [&hellip;]\" \/>\n<meta property=\"og:url\" content=\"https:\/\/connectum.no\/sv\/ledare-och-specialister\/\" \/>\n<meta property=\"og:site_name\" content=\"Connectum\" \/>\n<meta property=\"article:modified_time\" content=\"2024-02-21T20:48:03+00:00\" \/>\n<meta property=\"og:image\" content=\"https:\/\/connectum.no\/wp-content\/uploads\/2024\/02\/Kvinne_business.jpg\" \/>\n\t<meta property=\"og:image:width\" content=\"2498\" \/>\n\t<meta property=\"og:image:height\" content=\"825\" \/>\n\t<meta property=\"og:image:type\" content=\"image\/jpeg\" \/>\n<meta name=\"twitter:card\" content=\"summary_large_image\" \/>\n<meta name=\"twitter:label1\" content=\"Ber\u00e4knad l\u00e4stid\" \/>\n\t<meta name=\"twitter:data1\" content=\"2 minuter\" \/>\n<script type=\"application\/ld+json\" class=\"yoast-schema-graph\">{\"@context\":\"https:\/\/schema.org\",\"@graph\":[{\"@type\":\"WebPage\",\"@id\":\"https:\/\/connectum.no\/sv\/ledare-och-specialister\/\",\"url\":\"https:\/\/connectum.no\/sv\/ledare-och-specialister\/\",\"name\":\"Ledare och specialister - Connectum\",\"isPartOf\":{\"@id\":\"https:\/\/connectum.no\/#website\"},\"primaryImageOfPage\":{\"@id\":\"https:\/\/connectum.no\/sv\/ledare-och-specialister\/#primaryimage\"},\"image\":{\"@id\":\"https:\/\/connectum.no\/sv\/ledare-och-specialister\/#primaryimage\"},\"thumbnailUrl\":\"https:\/\/www.connectum.no\/wp-content\/uploads\/2024\/02\/Kvinne_business.jpg\",\"datePublished\":\"2020-09-08T14:42:42+00:00\",\"dateModified\":\"2024-02-21T20:48:03+00:00\",\"breadcrumb\":{\"@id\":\"https:\/\/connectum.no\/sv\/ledare-och-specialister\/#breadcrumb\"},\"inLanguage\":\"sv-SE\",\"potentialAction\":[{\"@type\":\"ReadAction\",\"target\":[\"https:\/\/connectum.no\/sv\/ledare-och-specialister\/\"]}]},{\"@type\":\"ImageObject\",\"inLanguage\":\"sv-SE\",\"@id\":\"https:\/\/connectum.no\/sv\/ledare-och-specialister\/#primaryimage\",\"url\":\"https:\/\/www.connectum.no\/wp-content\/uploads\/2024\/02\/Kvinne_business.jpg\",\"contentUrl\":\"https:\/\/www.connectum.no\/wp-content\/uploads\/2024\/02\/Kvinne_business.jpg\",\"width\":2498,\"height\":825},{\"@type\":\"BreadcrumbList\",\"@id\":\"https:\/\/connectum.no\/sv\/ledare-och-specialister\/#breadcrumb\",\"itemListElement\":[{\"@type\":\"ListItem\",\"position\":1,\"name\":\"Home\",\"item\":\"https:\/\/connectum.no\/sv\/\"},{\"@type\":\"ListItem\",\"position\":2,\"name\":\"Ledare och specialister\"}]},{\"@type\":\"WebSite\",\"@id\":\"https:\/\/connectum.no\/#website\",\"url\":\"https:\/\/connectum.no\/\",\"name\":\"Connectum\",\"description\":\"Family Wealth Management\",\"potentialAction\":[{\"@type\":\"SearchAction\",\"target\":{\"@type\":\"EntryPoint\",\"urlTemplate\":\"https:\/\/connectum.no\/?s={search_term_string}\"},\"query-input\":{\"@type\":\"PropertyValueSpecification\",\"valueRequired\":true,\"valueName\":\"search_term_string\"}}],\"inLanguage\":\"sv-SE\"}]}<\/script>\n<!-- \/ Yoast SEO plugin. -->","yoast_head_json":{"title":"Ledare och specialister - Connectum","robots":{"index":"index","follow":"follow","max-snippet":"max-snippet:-1","max-image-preview":"max-image-preview:large","max-video-preview":"max-video-preview:-1"},"canonical":"https:\/\/connectum.no\/sv\/ledare-och-specialister\/","og_locale":"sv_SE","og_type":"article","og_title":"Ledare och specialister - Connectum","og_description":"[vc_row el_class=&#8221;row-1180 padding-90-25&#8243;][vc_column css=&#8221;.vc_custom_1490046604240{padding-right: 0px !important;padding-left: 0px !important;}&#8221;][\/vc_column][\/vc_row][vc_row el_class=&#8221;row-1180&#8243; css=&#8221;.vc_custom_1490561955115{padding-bottom: 55px !important;}&#8221;][vc_column css=&#8221;.vc_custom_1490046801872{margin-right: 0px !important;margin-left: 0px !important;padding-right: 0px !important;padding-left: 0px !important;}&#8221;][vc_row_inner css=&#8221;.vc_custom_1490561878737{margin-right: 0px !important;margin-left: 0px !important;}&#8221;][vc_column_inner css=&#8221;.vc_custom_1490046932175{margin-right: 0px !important;margin-left: 0px !important;padding-right: 50px !important;padding-left: 0px !important;}&#8221;][vc_column_text] Ledare och specialister &nbsp; Vi hj\u00e4lper personer i ledande befattningar och med olika specialistyrken med behov att planera sparande, investeringar [&hellip;]","og_url":"https:\/\/connectum.no\/sv\/ledare-och-specialister\/","og_site_name":"Connectum","article_modified_time":"2024-02-21T20:48:03+00:00","og_image":[{"width":2498,"height":825,"url":"https:\/\/connectum.no\/wp-content\/uploads\/2024\/02\/Kvinne_business.jpg","type":"image\/jpeg"}],"twitter_card":"summary_large_image","twitter_misc":{"Ber\u00e4knad l\u00e4stid":"2 minuter"},"schema":{"@context":"https:\/\/schema.org","@graph":[{"@type":"WebPage","@id":"https:\/\/connectum.no\/sv\/ledare-och-specialister\/","url":"https:\/\/connectum.no\/sv\/ledare-och-specialister\/","name":"Ledare och specialister - Connectum","isPartOf":{"@id":"https:\/\/connectum.no\/#website"},"primaryImageOfPage":{"@id":"https:\/\/connectum.no\/sv\/ledare-och-specialister\/#primaryimage"},"image":{"@id":"https:\/\/connectum.no\/sv\/ledare-och-specialister\/#primaryimage"},"thumbnailUrl":"https:\/\/www.connectum.no\/wp-content\/uploads\/2024\/02\/Kvinne_business.jpg","datePublished":"2020-09-08T14:42:42+00:00","dateModified":"2024-02-21T20:48:03+00:00","breadcrumb":{"@id":"https:\/\/connectum.no\/sv\/ledare-och-specialister\/#breadcrumb"},"inLanguage":"sv-SE","potentialAction":[{"@type":"ReadAction","target":["https:\/\/connectum.no\/sv\/ledare-och-specialister\/"]}]},{"@type":"ImageObject","inLanguage":"sv-SE","@id":"https:\/\/connectum.no\/sv\/ledare-och-specialister\/#primaryimage","url":"https:\/\/www.connectum.no\/wp-content\/uploads\/2024\/02\/Kvinne_business.jpg","contentUrl":"https:\/\/www.connectum.no\/wp-content\/uploads\/2024\/02\/Kvinne_business.jpg","width":2498,"height":825},{"@type":"BreadcrumbList","@id":"https:\/\/connectum.no\/sv\/ledare-och-specialister\/#breadcrumb","itemListElement":[{"@type":"ListItem","position":1,"name":"Home","item":"https:\/\/connectum.no\/sv\/"},{"@type":"ListItem","position":2,"name":"Ledare och specialister"}]},{"@type":"WebSite","@id":"https:\/\/connectum.no\/#website","url":"https:\/\/connectum.no\/","name":"Connectum","description":"Family Wealth Management","potentialAction":[{"@type":"SearchAction","target":{"@type":"EntryPoint","urlTemplate":"https:\/\/connectum.no\/?s={search_term_string}"},"query-input":{"@type":"PropertyValueSpecification","valueRequired":true,"valueName":"search_term_string"}}],"inLanguage":"sv-SE"}]}},"_links":{"self":[{"href":"https:\/\/www.connectum.no\/sv\/wp-json\/wp\/v2\/pages\/2295","targetHints":{"allow":["GET"]}}],"collection":[{"href":"https:\/\/www.connectum.no\/sv\/wp-json\/wp\/v2\/pages"}],"about":[{"href":"https:\/\/www.connectum.no\/sv\/wp-json\/wp\/v2\/types\/page"}],"author":[{"embeddable":true,"href":"https:\/\/www.connectum.no\/sv\/wp-json\/wp\/v2\/users\/1"}],"replies":[{"embeddable":true,"href":"https:\/\/www.connectum.no\/sv\/wp-json\/wp\/v2\/comments?post=2295"}],"version-history":[{"count":7,"href":"https:\/\/www.connectum.no\/sv\/wp-json\/wp\/v2\/pages\/2295\/revisions"}],"predecessor-version":[{"id":3228,"href":"https:\/\/www.connectum.no\/sv\/wp-json\/wp\/v2\/pages\/2295\/revisions\/3228"}],"wp:featuredmedia":[{"embeddable":true,"href":"https:\/\/www.connectum.no\/sv\/wp-json\/wp\/v2\/media\/4338"}],"wp:attachment":[{"href":"https:\/\/www.connectum.no\/sv\/wp-json\/wp\/v2\/media?parent=2295"}],"curies":[{"name":"wp","href":"https:\/\/api.w.org\/{rel}","templated":true}]}}