{"id":3336,"date":"2021-06-03T06:50:41","date_gmt":"2021-06-03T06:50:41","guid":{"rendered":"https:\/\/www.connectum.no\/disclaimer\/"},"modified":"2021-06-17T06:29:42","modified_gmt":"2021-06-17T06:29:42","slug":"disclaimer","status":"publish","type":"page","link":"https:\/\/www.connectum.no\/sv\/disclaimer\/","title":{"rendered":"Disclaimer"},"content":{"rendered":"<section class=\"wpb-content-wrapper\"><p>[vc_row][vc_column][vc_column_text]Alla investeringar i och handel med finansiella instrument och andra relaterade instrument medf\u00f6r risk f\u00f6r f\u00f6rlust. Det investerade kapitalet kan \u00f6ka eller minska i v\u00e4rde. V\u00e4rdet p\u00e5 de finansiella instrumenten beror p\u00e5 ett antal faktorer, kursr\u00f6relser p\u00e5 de finansiella marknaderna och specifika f\u00f6rh\u00e5llanden hos de finansiella instrumenten och hos emittenterna av dem. Historisk avkastning f\u00f6r finansiella instrument och relaterade instrument kan inte anv\u00e4ndas som en tillf\u00f6rlitlig indikator p\u00e5 framtida avkastning f\u00f6r instrumenten. Kunden m\u00e5ste sj\u00e4lv noga utv\u00e4rdera de risker som \u00e4r f\u00f6rknippade med det aktuella instrumentet och marknaden. Kunden b\u00f6r avst\u00e5 fr\u00e5n att investera i eller handla med finansiella instrument och andra relaterade instrument om kunden inte \u00e4r inf\u00f6rst\u00e5dd med riskerna f\u00f6rknippade med detta. Kunden uppmanas att s\u00f6ka r\u00e5d fr\u00e5n relevanta r\u00e5dgivare och vid behov s\u00f6ka ytterligare information sj\u00e4lv innan kunden fattar sitt beslut.<\/p>\n<p>Alla transaktioner som kunden g\u00f6r p\u00e5 grundval av allm\u00e4nna analyser och rekommendationer utarbetade av Connectum g\u00f6rs efter kundens eget gottfinnande och efter kundens val och beslut. Connectum fr\u00e5ns\u00e4ger sig allt ansvar f\u00f6r finansiella risker och finansiella utfall relaterade till rekommendationer och analyser som utarbetats av f\u00f6retaget. Connectum garanterar inte heller n\u00e5got s\u00e4rskilt resultat av kundens handel eller investeringar.<\/p>\n<p>Alla analyser och rekommendationer som utarbetats av Connectum baseras p\u00e5 offentligt tillg\u00e4nglig information som antas vara korrekt. Connectum garanterar inte att analyser eller rekommendationer \u00e4r fullst\u00e4ndiga och f\u00f6retaget tar inget ansvar f\u00f6r fel, utel\u00e4mnanden eller brister i f\u00f6retagets analyser och rekommendationer, eller i den information som ligger till grund f\u00f6r dem.<\/p>\n<p>Varje uttalande och antagande om framtida utveckling som direkt eller indirekt ges i en analys eller rekommendation \u00e4r till sin karakt\u00e4r os\u00e4kert. S\u00e5dana uttalanden kan aldrig f\u00f6rst\u00e5s som l\u00f6ften eller garantier fr\u00e5n Connectum.[\/vc_column_text][\/vc_column][\/vc_row]<\/p>\n<\/section>","protected":false},"excerpt":{"rendered":"<p>[vc_row][vc_column][vc_column_text]Alla investeringar i och handel med finansiella instrument och andra relaterade instrument medf\u00f6r risk f\u00f6r f\u00f6rlust. Det investerade kapitalet kan \u00f6ka eller minska i v\u00e4rde. V\u00e4rdet p\u00e5 de finansiella instrumenten beror p\u00e5 ett antal faktorer, kursr\u00f6relser p\u00e5 de finansiella marknaderna och specifika f\u00f6rh\u00e5llanden hos de finansiella instrumenten och hos emittenterna av dem. Historisk avkastning f\u00f6r [&hellip;]<\/p>\n","protected":false},"author":1,"featured_media":0,"parent":0,"menu_order":0,"comment_status":"closed","ping_status":"closed","template":"page-templates\/template-3.php","meta":{"_acf_changed":false,"footnotes":""},"class_list":["post-3336","page","type-page","status-publish","hentry"],"acf":[],"yoast_head":"<!-- This site is optimized with the Yoast SEO plugin v24.3 - https:\/\/yoast.com\/wordpress\/plugins\/seo\/ -->\n<title>Disclaimer - Connectum<\/title>\n<meta name=\"robots\" content=\"index, follow, max-snippet:-1, max-image-preview:large, max-video-preview:-1\" \/>\n<link rel=\"canonical\" href=\"https:\/\/connectum.no\/sv\/disclaimer\/\" \/>\n<meta property=\"og:locale\" content=\"sv_SE\" \/>\n<meta property=\"og:type\" content=\"article\" \/>\n<meta property=\"og:title\" content=\"Disclaimer - Connectum\" \/>\n<meta property=\"og:description\" content=\"[vc_row][vc_column][vc_column_text]Alla investeringar i och handel med finansiella instrument och andra relaterade instrument medf\u00f6r risk f\u00f6r f\u00f6rlust. Det investerade kapitalet kan \u00f6ka eller minska i v\u00e4rde. V\u00e4rdet p\u00e5 de finansiella instrumenten beror p\u00e5 ett antal faktorer, kursr\u00f6relser p\u00e5 de finansiella marknaderna och specifika f\u00f6rh\u00e5llanden hos de finansiella instrumenten och hos emittenterna av dem. Historisk avkastning f\u00f6r [&hellip;]\" \/>\n<meta property=\"og:url\" content=\"https:\/\/connectum.no\/sv\/disclaimer\/\" \/>\n<meta property=\"og:site_name\" content=\"Connectum\" \/>\n<meta property=\"article:modified_time\" content=\"2021-06-17T06:29:42+00:00\" \/>\n<meta name=\"twitter:card\" content=\"summary_large_image\" \/>\n<meta name=\"twitter:label1\" content=\"Ber\u00e4knad l\u00e4stid\" \/>\n\t<meta name=\"twitter:data1\" content=\"2 minuter\" \/>\n<script type=\"application\/ld+json\" class=\"yoast-schema-graph\">{\"@context\":\"https:\/\/schema.org\",\"@graph\":[{\"@type\":\"WebPage\",\"@id\":\"https:\/\/connectum.no\/sv\/disclaimer\/\",\"url\":\"https:\/\/connectum.no\/sv\/disclaimer\/\",\"name\":\"Disclaimer - Connectum\",\"isPartOf\":{\"@id\":\"https:\/\/connectum.no\/#website\"},\"datePublished\":\"2021-06-03T06:50:41+00:00\",\"dateModified\":\"2021-06-17T06:29:42+00:00\",\"breadcrumb\":{\"@id\":\"https:\/\/connectum.no\/sv\/disclaimer\/#breadcrumb\"},\"inLanguage\":\"sv-SE\",\"potentialAction\":[{\"@type\":\"ReadAction\",\"target\":[\"https:\/\/connectum.no\/sv\/disclaimer\/\"]}]},{\"@type\":\"BreadcrumbList\",\"@id\":\"https:\/\/connectum.no\/sv\/disclaimer\/#breadcrumb\",\"itemListElement\":[{\"@type\":\"ListItem\",\"position\":1,\"name\":\"Home\",\"item\":\"https:\/\/connectum.no\/sv\/\"},{\"@type\":\"ListItem\",\"position\":2,\"name\":\"Disclaimer\"}]},{\"@type\":\"WebSite\",\"@id\":\"https:\/\/connectum.no\/#website\",\"url\":\"https:\/\/connectum.no\/\",\"name\":\"Connectum\",\"description\":\"Family Wealth Management\",\"potentialAction\":[{\"@type\":\"SearchAction\",\"target\":{\"@type\":\"EntryPoint\",\"urlTemplate\":\"https:\/\/connectum.no\/?s={search_term_string}\"},\"query-input\":{\"@type\":\"PropertyValueSpecification\",\"valueRequired\":true,\"valueName\":\"search_term_string\"}}],\"inLanguage\":\"sv-SE\"}]}<\/script>\n<!-- \/ Yoast SEO plugin. -->","yoast_head_json":{"title":"Disclaimer - Connectum","robots":{"index":"index","follow":"follow","max-snippet":"max-snippet:-1","max-image-preview":"max-image-preview:large","max-video-preview":"max-video-preview:-1"},"canonical":"https:\/\/connectum.no\/sv\/disclaimer\/","og_locale":"sv_SE","og_type":"article","og_title":"Disclaimer - Connectum","og_description":"[vc_row][vc_column][vc_column_text]Alla investeringar i och handel med finansiella instrument och andra relaterade instrument medf\u00f6r risk f\u00f6r f\u00f6rlust. Det investerade kapitalet kan \u00f6ka eller minska i v\u00e4rde. V\u00e4rdet p\u00e5 de finansiella instrumenten beror p\u00e5 ett antal faktorer, kursr\u00f6relser p\u00e5 de finansiella marknaderna och specifika f\u00f6rh\u00e5llanden hos de finansiella instrumenten och hos emittenterna av dem. Historisk avkastning f\u00f6r [&hellip;]","og_url":"https:\/\/connectum.no\/sv\/disclaimer\/","og_site_name":"Connectum","article_modified_time":"2021-06-17T06:29:42+00:00","twitter_card":"summary_large_image","twitter_misc":{"Ber\u00e4knad l\u00e4stid":"2 minuter"},"schema":{"@context":"https:\/\/schema.org","@graph":[{"@type":"WebPage","@id":"https:\/\/connectum.no\/sv\/disclaimer\/","url":"https:\/\/connectum.no\/sv\/disclaimer\/","name":"Disclaimer - Connectum","isPartOf":{"@id":"https:\/\/connectum.no\/#website"},"datePublished":"2021-06-03T06:50:41+00:00","dateModified":"2021-06-17T06:29:42+00:00","breadcrumb":{"@id":"https:\/\/connectum.no\/sv\/disclaimer\/#breadcrumb"},"inLanguage":"sv-SE","potentialAction":[{"@type":"ReadAction","target":["https:\/\/connectum.no\/sv\/disclaimer\/"]}]},{"@type":"BreadcrumbList","@id":"https:\/\/connectum.no\/sv\/disclaimer\/#breadcrumb","itemListElement":[{"@type":"ListItem","position":1,"name":"Home","item":"https:\/\/connectum.no\/sv\/"},{"@type":"ListItem","position":2,"name":"Disclaimer"}]},{"@type":"WebSite","@id":"https:\/\/connectum.no\/#website","url":"https:\/\/connectum.no\/","name":"Connectum","description":"Family Wealth Management","potentialAction":[{"@type":"SearchAction","target":{"@type":"EntryPoint","urlTemplate":"https:\/\/connectum.no\/?s={search_term_string}"},"query-input":{"@type":"PropertyValueSpecification","valueRequired":true,"valueName":"search_term_string"}}],"inLanguage":"sv-SE"}]}},"_links":{"self":[{"href":"https:\/\/www.connectum.no\/sv\/wp-json\/wp\/v2\/pages\/3336","targetHints":{"allow":["GET"]}}],"collection":[{"href":"https:\/\/www.connectum.no\/sv\/wp-json\/wp\/v2\/pages"}],"about":[{"href":"https:\/\/www.connectum.no\/sv\/wp-json\/wp\/v2\/types\/page"}],"author":[{"embeddable":true,"href":"https:\/\/www.connectum.no\/sv\/wp-json\/wp\/v2\/users\/1"}],"replies":[{"embeddable":true,"href":"https:\/\/www.connectum.no\/sv\/wp-json\/wp\/v2\/comments?post=3336"}],"version-history":[{"count":2,"href":"https:\/\/www.connectum.no\/sv\/wp-json\/wp\/v2\/pages\/3336\/revisions"}],"predecessor-version":[{"id":3370,"href":"https:\/\/www.connectum.no\/sv\/wp-json\/wp\/v2\/pages\/3336\/revisions\/3370"}],"wp:attachment":[{"href":"https:\/\/www.connectum.no\/sv\/wp-json\/wp\/v2\/media?parent=3336"}],"curies":[{"name":"wp","href":"https:\/\/api.w.org\/{rel}","templated":true}]}}