{"id":825,"date":"2017-06-26T09:36:33","date_gmt":"2017-06-26T09:36:33","guid":{"rendered":"https:\/\/www.connectum.no\/?page_id=825&#038;lang=sv"},"modified":"2020-08-31T10:13:13","modified_gmt":"2020-08-31T10:13:13","slug":"om-oss","status":"publish","type":"page","link":"https:\/\/www.connectum.no\/sv\/om-oss\/","title":{"rendered":"Om oss"},"content":{"rendered":"<section class=\"wpb-content-wrapper\"><p>[vc_row el_class=&#8221;row-1180 padding-90-25&#8243;][vc_column css=&#8221;.vc_custom_1489962484503{padding-right: 0px !important;padding-left: 0px !important;}&#8221;][vc_column_text]<\/p>\n<h1 class=\"mobile-align-left\" style=\"text-align: center; margin-bottom: 25px;\">Om oss<\/h1>\n<h4 class=\"extra-padding\" style=\"text-align: center;\">V\u00e5rt m\u00e5l \u00e4r att du ska uppn\u00e5 det du vill med ditt investerade kapital. Med ditt liv, dina pengar och din framtid som utg\u00e5ngspunkt ger vi goda och opartiska r\u00e5d och tar fram en skr\u00e4ddarsydd plan f\u00f6r att s\u00e4kra dina m\u00e5l och behov.<\/h4>\n<p>[\/vc_column_text][\/vc_column][\/vc_row][vc_row el_class=&#8221;row-1180&#8243; css=&#8221;.vc_custom_1490395483681{padding-bottom: 55px !important;}&#8221;][vc_column css=&#8221;.vc_custom_1489963219399{margin-right: 0px !important;margin-left: 0px !important;padding-right: 0px !important;padding-left: 0px !important;}&#8221;][vc_row_inner css=&#8221;.vc_custom_1489963239711{margin-right: 0px !important;margin-left: 0px !important;padding-right: 0px !important;padding-left: 0px !important;}&#8221;][vc_column_inner width=&#8221;2\/3&#8243; css=&#8221;.vc_custom_1489963227718{margin-right: 0px !important;margin-left: 0px !important;padding-right: 50px !important;padding-left: 0px !important;}&#8221;][vc_column_text]<\/p>\n<h3 style=\"margin-top: 0;\">Varf\u00f6r s\u00e4ljer vi inte produkter?<\/h3>\n<p>Helt enkelt f\u00f6r att det inte finns en enda produkt som passar alla. Vi menar att din portf\u00f6lj ska s\u00e4ttas samman med dig och dina unika behov som utg\u00e5ngspunkt, ist\u00e4llet f\u00f6r att anv\u00e4nda de produkter en bank eller ett finanshus r\u00e5kar ha \u201dp\u00e5 lager\u201d och vill s\u00e4lja.<\/p>\n<p>P\u00e5 det s\u00e4ttet har vi arbetat i Connectum sedan starten 2002. Vi startade f\u00f6retaget f\u00f6r att vi s\u00e5g ett behov av finansiell r\u00e5dgivning utan intressekonflikter i en marknad dominerad av akt\u00f6rer som alltf\u00f6r ofta prioriterar egen intj\u00e4ning p\u00e5 kundens bekostnad.<\/p>\n<blockquote><p>Efter att ha arbetat b\u00e5de i och med private banking, fondbolag, kapitalf\u00f6rvaltningsorganisationer och stiftelser, och sj\u00e4lva varit kunder till dessa, har vi sett hur pressen att s\u00e4lja produkter ofta leder till rekommendationer som \u00e4r direkt ol\u00e4mpliga f\u00f6r kunderna. Dessa erfarenheter ledde till att vi best\u00e4mde oss f\u00f6r att grunda Connectum 2002.<\/p><\/blockquote>\n<h3>Vad f\u00e5r du hos oss?<\/h3>\n<p>Hos oss f\u00e5r du ett helt oberoende alternativ d\u00e4r vi i st\u00e4llet f\u00f6r att s\u00e4lja produkter \u00e4r en l\u00e5ngsiktig samarbetspartner och betrodd r\u00e5dgivare \u00e5t dig. Vi tar inte betalt genom provisioner eller bonusar fr\u00e5n de leverant\u00f6rer vi rekommenderar, utan enbart genom ett i f\u00f6rv\u00e4g avtalat arvode. P\u00e5 det s\u00e4ttet kan vi s\u00e4kra dina intressen och samtidigt beh\u00e5lla v\u00e5r integritet.<\/p>\n<h3>Vilka ger vi r\u00e5d till?<\/h3>\n<p>Hos Connectum har vi alla typer av kunder \u2013 unga och gamla, entrepren\u00f6rer och f\u00f6retags\u00e4gare, chefer, l\u00f6ntagare och andra, i Sverige och utomlands. N\u00e5gra vill ha en b\u00e4ttre tillvaro som pension\u00e4r, andra vill ha frihet och handlingsutrymme. Men de har ett gemensamt: De vill spara och investera p\u00e5 ett f\u00f6rnuftigt s\u00e4tt, s\u00e5 att de kan s\u00e4kra sin framtid och leva som de \u00f6nskar.[\/vc_column_text][\/vc_column_inner][vc_column_inner width=&#8221;1\/3&#8243; css=&#8221;.vc_custom_1489963245423{margin-right: 0px !important;margin-left: 0px !important;padding-right: 0px !important;padding-left: 0px !important;}&#8221;][vc_column_text]<\/p>\n<h3 class=\"underline\">Relaterade sidor<\/h3>\n<p><a class=\"title with-arrow\" href=\"https:\/\/www.connectum.no\/sv\/vara-fordelar\/\">V\u00e5ra f\u00f6rdelar<\/a><\/p>\n<p><a class=\"title with-arrow\" href=\"https:\/\/www.connectum.no\/sv\/investeringsfilosofi\/\">Investeringsfilosofi<\/a><\/p>\n<p><a class=\"title with-arrow\" href=\"https:\/\/www.connectum.no\/sv\/connectum-metoden\/\">Connectum-modellen<\/a>[\/vc_column_text][\/vc_column_inner][\/vc_row_inner][\/vc_column][\/vc_row][vc_row css=&#8221;.vc_custom_1492126192221{margin-right: 0px !important;margin-left: 0px !important;background-color: #32374b !important;}&#8221; el_class=&#8221;padding-t-55 padding-b-90&#8243;][vc_column css=&#8221;.vc_custom_1489964363976{padding-right: 0px !important;padding-left: 0px !important;}&#8221;][vc_row_inner el_class=&#8221;row-1180&#8243;][vc_column_inner css=&#8221;.vc_custom_1489965434920{margin-bottom: 0px !important;padding-right: 0px !important;padding-left: 0px !important;}&#8221;][vc_column_text css=&#8221;.vc_custom_1498554464203{margin-bottom: 0px !important;}&#8221;]<\/p>\n<h1 class=\"white-color mobile-align-left\" style=\"text-align: center;\">S\u00e5 tillvaratar vi dina intressen<\/h1>\n<p>[\/vc_column_text][\/vc_column_inner][\/vc_row_inner][vc_row_inner el_class=&#8221;row-1180&#8243;][vc_column_inner width=&#8221;1\/2&#8243; css=&#8221;.vc_custom_1490396446350{margin-bottom: 0px !important;padding-right: 0px !important;padding-left: 0px !important;}&#8221;][vc_column_text css=&#8221;.vc_custom_1498554566537{margin-bottom: 0px !important;}&#8221;]<\/p>\n<h3 class=\"white-color\" style=\"margin-top: 50px;\">Skr\u00e4ddarsydd plan<\/h3>\n<p class=\"white-color\">N\u00e4r vi g\u00e5r in i ett samarbete vill vi b\u00f6rja i r\u00e4tt \u00e4nde: med det som \u00e4r viktigt f\u00f6r dig. Vi tar oss tid att l\u00e4ra k\u00e4nna dig v\u00e4l och placerar inget kapital innan vi \u00e4r helt eniga om f\u00f6ruts\u00e4ttningar, m\u00e5l och behov. Det viktigaste f\u00f6r oss \u00e4r att skapa en plan som s\u00e4krar just din ekonomiska framtid.<\/p>\n<h3 class=\"white-color\" style=\"margin-top: 50px;\">Inga obehagliga \u00f6verraskningar<\/h3>\n<p class=\"white-color\">N\u00e4r du anf\u00f6rtror ditt kapital till oss ska du k\u00e4nna dig v\u00e4l omh\u00e4ndertagen och slippa obehagliga \u00f6verraskningar l\u00e4ngs v\u00e4gen. V\u00e5rt jobb \u00e4r att se till att du f\u00e5r ut det mesta av varje krona du investerar. D\u00e4rf\u00f6r \u00e4r alla kostnader transparenta och f\u00f6ruts\u00e4gbara \u2013 vi \u00e4ter inte av kapitalet genom returprovisioner eller procent p\u00e5 transaktioner.<\/p>\n<p>[\/vc_column_text][\/vc_column_inner][vc_column_inner width=&#8221;1\/2&#8243; css=&#8221;.vc_custom_1490396441509{margin-bottom: 0px !important;padding-right: 0px !important;padding-left: 0px !important;}&#8221;][vc_column_text css=&#8221;.vc_custom_1498554617060{margin-bottom: 0px !important;}&#8221;]<\/p>\n<h3 class=\"white-color\" style=\"margin-top: 50px;\">Personligt och uppriktigt<\/h3>\n<p class=\"white-color\">Hos oss \u00e4r du mer \u00e4n ett kundnummer. Vi l\u00e4gger stor vikt vid att ha en personlig relation till alla v\u00e5ra kunder. Inte bara f\u00f6r att det \u00e4r trevligt, utan f\u00f6r att det \u00e4r viktigt f\u00f6r resultatet. Det g\u00f6r att vi kan ge mer insiktsfulla r\u00e5d samt att vi l\u00e4ttare kan rekommendera \u00e4ndringar och justeringar av planen n\u00e4r det \u00e4r motiverat. Uppriktighet och \u00f6msesidigt f\u00f6rtroende \u00e4r n\u00f6dv\u00e4ndigt f\u00f6r ett gott samarbete.<\/p>\n<h3 class=\"white-color\" style=\"margin-top: 50px;\">L\u00e5ngsiktigt och l\u00f6nsamt<\/h3>\n<p class=\"white-color\">Vi vet att dina pengar inte handlar om kronor och \u00f6ren, utan om det liv de l\u00e5ter dig leva. D\u00e4rf\u00f6r arbetar vi f\u00f6ruts\u00e4gbart och disciplinerat f\u00f6r att skapa en robust och tillf\u00f6rlitlig portf\u00f6lj som ger god avkastning \u00f6ver tiden. P\u00e5 detta s\u00e4tt s\u00e4kerst\u00e4ller vi att du och de dina f\u00e5r den framtid du vill.<\/p>\n<p>[\/vc_column_text][\/vc_column_inner][\/vc_row_inner][\/vc_column][\/vc_row][vc_row css=&#8221;.vc_custom_1492126412002{margin-right: 0px !important;margin-left: 0px !important;background-color: #f3f3f3 !important;}&#8221; el_class=&#8221;padding-55&#8243;][vc_column css=&#8221;.vc_custom_1489965621665{padding-right: 0px !important;padding-left: 0px !important;}&#8221;][vc_row_inner el_class=&#8221;row-1180&#8243;][vc_column_inner css=&#8221;.vc_custom_1489965626433{padding-right: 0px !important;padding-left: 0px !important;}&#8221;][vc_column_text]<\/p>\n<h1 style=\"text-align: center; margin-bottom: 50px;\">M\u00f6t Connectum-teamet<\/h1>\n<p>[\/vc_column_text]<div class=\"employee_list\"><div class=\"post_single\">\r\n\t\t\t\t\t\t\t\t<div class=\"post-content\">\r\n\t\t\t\t\t\t\t\t\t<div class=\"img_section\">\r\n\t\t\t\t\t\t\t\t\t\t<a href=\"https:\/\/www.connectum.no\/sv\/employee\/dr-nils-odd-tonnevold-2\/\">\r\n\t\t\t\t\t\t\t\t\t\t\t<img decoding=\"async\" src=\"https:\/\/www.connectum.no\/wp-content\/uploads\/2019\/12\/Ansattebilder_NilsOdd-360x360.jpg\" alt=\"1\" \/>\r\n\t\t\t\t\t\t\t\t\t\t<\/a>\r\n\t\t\t\t\t\t\t\t\t<\/div>\r\n\t\t\t\t\t\t\t\t\t<h3><a class=\"title\" href=\"https:\/\/www.connectum.no\/sv\/employee\/dr-nils-odd-tonnevold-2\/\">Dr. Nils Odd T\u00f8nnevold<\/a><\/h3>\r\n\t\t\t\t\t\t\t\t\t<p>Founding partner<\/p>\r\n\t\t\t\t\t\t\t\t\t<p><a href=\"tel:+47 922 01 626\">+47 922 01 626<\/a><\/p>\r\n\t\t\t\t\t\t\t\t\t<p><a class=\"title underline\" href=\"mailto:nils.tonnevold@connectum.no\">nils.tonnevold@connectum.no<\/a><\/p>\r\n\t\t\t\t\t\t\t\t<\/div>\r\n\t\t\t\t\t\t\t<\/div><div class=\"post_single\">\r\n\t\t\t\t\t\t\t\t<div class=\"post-content\">\r\n\t\t\t\t\t\t\t\t\t<div class=\"img_section\">\r\n\t\t\t\t\t\t\t\t\t\t<a href=\"https:\/\/www.connectum.no\/sv\/employee\/henrik-tell-2\/\">\r\n\t\t\t\t\t\t\t\t\t\t\t<img decoding=\"async\" src=\"https:\/\/www.connectum.no\/wp-content\/uploads\/2017\/06\/Henrik-1-360x360.jpg\" alt=\"1\" \/>\r\n\t\t\t\t\t\t\t\t\t\t<\/a>\r\n\t\t\t\t\t\t\t\t\t<\/div>\r\n\t\t\t\t\t\t\t\t\t<h3><a class=\"title\" href=\"https:\/\/www.connectum.no\/sv\/employee\/henrik-tell-2\/\">Henrik Tell<\/a><\/h3>\r\n\t\t\t\t\t\t\t\t\t<p>Representerar Connectum i Sverige<\/p>\r\n\t\t\t\t\t\t\t\t\t<p><a href=\"tel:+46 708 725 168\">+46 708 725 168<\/a><\/p>\r\n\t\t\t\t\t\t\t\t\t<p><a class=\"title underline\" href=\"mailto:henrik.tell@connectum.no\">henrik.tell@connectum.no<\/a><\/p>\r\n\t\t\t\t\t\t\t\t<\/div>\r\n\t\t\t\t\t\t\t<\/div><div class=\"post_single\">\r\n\t\t\t\t\t\t\t\t<div class=\"post-content\">\r\n\t\t\t\t\t\t\t\t\t<div class=\"img_section\">\r\n\t\t\t\t\t\t\t\t\t\t<a href=\"https:\/\/www.connectum.no\/sv\/employee\/richard-stott-2\/\">\r\n\t\t\t\t\t\t\t\t\t\t\t<img decoding=\"async\" src=\"https:\/\/www.connectum.no\/wp-content\/uploads\/2017\/06\/Richard-1-360x360.jpg\" alt=\"1\" \/>\r\n\t\t\t\t\t\t\t\t\t\t<\/a>\r\n\t\t\t\t\t\t\t\t\t<\/div>\r\n\t\t\t\t\t\t\t\t\t<h3><a class=\"title\" href=\"https:\/\/www.connectum.no\/sv\/employee\/richard-stott-2\/\">Richard Stott<\/a><\/h3>\r\n\t\t\t\t\t\t\t\t\t<p>CEO och Founding Partner<\/p>\r\n\t\t\t\t\t\t\t\t\t<p><a href=\"tel:+47 907 22 780\">+47 907 22 780<\/a><\/p>\r\n\t\t\t\t\t\t\t\t\t<p><a class=\"title underline\" href=\"mailto:richard.stott@connectum.no\">richard.stott@connectum.no<\/a><\/p>\r\n\t\t\t\t\t\t\t\t<\/div>\r\n\t\t\t\t\t\t\t<\/div><div class=\"post_single\">\r\n\t\t\t\t\t\t\t\t<div class=\"post-content\">\r\n\t\t\t\t\t\t\t\t\t<div class=\"img_section\">\r\n\t\t\t\t\t\t\t\t\t\t<a href=\"https:\/\/www.connectum.no\/sv\/employee\/mazen-younes\/\">\r\n\t\t\t\t\t\t\t\t\t\t\t<img decoding=\"async\" src=\"https:\/\/www.connectum.no\/wp-content\/uploads\/2020\/07\/Ansattebilder_360x360px_Mazen-360x360.jpg\" alt=\"1\" \/>\r\n\t\t\t\t\t\t\t\t\t\t<\/a>\r\n\t\t\t\t\t\t\t\t\t<\/div>\r\n\t\t\t\t\t\t\t\t\t<h3><a class=\"title\" href=\"https:\/\/www.connectum.no\/sv\/employee\/mazen-younes\/\">Mazen Younes<\/a><\/h3>\r\n\t\t\t\t\t\t\t\t\t<p>Analytiker<\/p>\r\n\t\t\t\t\t\t\t\t\t<p><a href=\"tel:+47 412 46 683\">+47 412 46 683<\/a><\/p>\r\n\t\t\t\t\t\t\t\t\t<p><a class=\"title underline\" href=\"mailto:mazen.younes@connectum.no\">mazen.younes@connectum.no<\/a><\/p>\r\n\t\t\t\t\t\t\t\t<\/div>\r\n\t\t\t\t\t\t\t<\/div><div class=\"post_single\">\r\n\t\t\t\t\t\t\t\t<div class=\"post-content\">\r\n\t\t\t\t\t\t\t\t\t<div class=\"img_section\">\r\n\t\t\t\t\t\t\t\t\t\t<a href=\"https:\/\/www.connectum.no\/sv\/employee\/karlo-basic\/\">\r\n\t\t\t\t\t\t\t\t\t\t\t<img decoding=\"async\" src=\"https:\/\/www.connectum.no\/wp-content\/uploads\/2020\/07\/Ansattebilder_360x360px_Karlo-360x360.jpg\" alt=\"1\" \/>\r\n\t\t\t\t\t\t\t\t\t\t<\/a>\r\n\t\t\t\t\t\t\t\t\t<\/div>\r\n\t\t\t\t\t\t\t\t\t<h3><a class=\"title\" href=\"https:\/\/www.connectum.no\/sv\/employee\/karlo-basic\/\">Karlo Basic<\/a><\/h3>\r\n\t\t\t\t\t\t\t\t\t<p>Analytiker<\/p>\r\n\t\t\t\t\t\t\t\t\t<p><a href=\"tel:+47 941 44 583\">+47 941 44 583<\/a><\/p>\r\n\t\t\t\t\t\t\t\t\t<p><a class=\"title underline\" href=\"mailto:karlo.basic@connectum.no\">karlo.basic@connectum.no<\/a><\/p>\r\n\t\t\t\t\t\t\t\t<\/div>\r\n\t\t\t\t\t\t\t<\/div><div class=\"post_single\">\r\n\t\t\t\t\t\t\t\t<div class=\"post-content\">\r\n\t\t\t\t\t\t\t\t\t<div class=\"img_section\">\r\n\t\t\t\t\t\t\t\t\t\t<a href=\"https:\/\/www.connectum.no\/sv\/employee\/thomas-l-halvorssen\/\">\r\n\t\t\t\t\t\t\t\t\t\t\t<img decoding=\"async\" src=\"https:\/\/www.connectum.no\/wp-content\/uploads\/2020\/02\/Thomas-360x360.jpg\" alt=\"1\" \/>\r\n\t\t\t\t\t\t\t\t\t\t<\/a>\r\n\t\t\t\t\t\t\t\t\t<\/div>\r\n\t\t\t\t\t\t\t\t\t<h3><a class=\"title\" href=\"https:\/\/www.connectum.no\/sv\/employee\/thomas-l-halvorssen\/\">Thomas L. Halvorssen<\/a><\/h3>\r\n\t\t\t\t\t\t\t\t\t<p>Administrativ Chef<\/p>\r\n\t\t\t\t\t\t\t\t\t<p><a href=\"tel:+47 488 95 683\">+47 488 95 683<\/a><\/p>\r\n\t\t\t\t\t\t\t\t\t<p><a class=\"title underline\" href=\"mailto:thomas.halvorssen@connectum.no\">thomas.halvorssen@connectum.no<\/a><\/p>\r\n\t\t\t\t\t\t\t\t<\/div>\r\n\t\t\t\t\t\t\t<\/div><div style=\"clear:both;\"><\/div><\/div>[\/vc_column_inner][\/vc_row_inner][\/vc_column][\/vc_row]<\/p>\n<\/section>","protected":false},"excerpt":{"rendered":"<p>[vc_row el_class=&#8221;row-1180 padding-90-25&#8243;][vc_column css=&#8221;.vc_custom_1489962484503{padding-right: 0px !important;padding-left: 0px !important;}&#8221;][vc_column_text] Om oss V\u00e5rt m\u00e5l \u00e4r att du ska uppn\u00e5 det du vill med ditt investerade kapital. Med ditt liv, dina pengar och din framtid som utg\u00e5ngspunkt ger vi goda och opartiska r\u00e5d och tar fram en skr\u00e4ddarsydd plan f\u00f6r att s\u00e4kra dina m\u00e5l och behov. [\/vc_column_text][\/vc_column][\/vc_row][vc_row el_class=&#8221;row-1180&#8243; [&hellip;]<\/p>\n","protected":false},"author":1,"featured_media":2157,"parent":0,"menu_order":0,"comment_status":"closed","ping_status":"closed","template":"","meta":{"_acf_changed":false,"footnotes":""},"class_list":["post-825","page","type-page","status-publish","hentry"],"acf":[],"yoast_head":"<!-- This site is optimized with the Yoast SEO plugin v24.3 - https:\/\/yoast.com\/wordpress\/plugins\/seo\/ -->\n<title>Om oss - Connectum<\/title>\n<meta name=\"robots\" content=\"index, follow, max-snippet:-1, max-image-preview:large, max-video-preview:-1\" \/>\n<link rel=\"canonical\" href=\"https:\/\/connectum.no\/sv\/om-oss\/\" \/>\n<meta property=\"og:locale\" content=\"sv_SE\" \/>\n<meta property=\"og:type\" content=\"article\" \/>\n<meta property=\"og:title\" content=\"Om oss - Connectum\" \/>\n<meta property=\"og:description\" content=\"[vc_row el_class=&#8221;row-1180 padding-90-25&#8243;][vc_column css=&#8221;.vc_custom_1489962484503{padding-right: 0px !important;padding-left: 0px !important;}&#8221;][vc_column_text] Om oss V\u00e5rt m\u00e5l \u00e4r att du ska uppn\u00e5 det du vill med ditt investerade kapital. Med ditt liv, dina pengar och din framtid som utg\u00e5ngspunkt ger vi goda och opartiska r\u00e5d och tar fram en skr\u00e4ddarsydd plan f\u00f6r att s\u00e4kra dina m\u00e5l och behov. [\/vc_column_text][\/vc_column][\/vc_row][vc_row el_class=&#8221;row-1180&#8243; [&hellip;]\" \/>\n<meta property=\"og:url\" content=\"https:\/\/connectum.no\/sv\/om-oss\/\" \/>\n<meta property=\"og:site_name\" content=\"Connectum\" \/>\n<meta property=\"article:modified_time\" content=\"2020-08-31T10:13:13+00:00\" \/>\n<meta property=\"og:image\" content=\"https:\/\/connectum.no\/wp-content\/uploads\/2020\/02\/Toppbannere_2400x900px2.jpg\" \/>\n\t<meta property=\"og:image:width\" content=\"2400\" \/>\n\t<meta property=\"og:image:height\" content=\"900\" \/>\n\t<meta property=\"og:image:type\" content=\"image\/jpeg\" \/>\n<meta name=\"twitter:card\" content=\"summary_large_image\" \/>\n<meta name=\"twitter:label1\" content=\"Ber\u00e4knad l\u00e4stid\" \/>\n\t<meta name=\"twitter:data1\" content=\"5 minuter\" \/>\n<script type=\"application\/ld+json\" class=\"yoast-schema-graph\">{\"@context\":\"https:\/\/schema.org\",\"@graph\":[{\"@type\":\"WebPage\",\"@id\":\"https:\/\/connectum.no\/sv\/om-oss\/\",\"url\":\"https:\/\/connectum.no\/sv\/om-oss\/\",\"name\":\"Om oss - Connectum\",\"isPartOf\":{\"@id\":\"https:\/\/connectum.no\/#website\"},\"primaryImageOfPage\":{\"@id\":\"https:\/\/connectum.no\/sv\/om-oss\/#primaryimage\"},\"image\":{\"@id\":\"https:\/\/connectum.no\/sv\/om-oss\/#primaryimage\"},\"thumbnailUrl\":\"https:\/\/www.connectum.no\/wp-content\/uploads\/2020\/02\/Toppbannere_2400x900px2.jpg\",\"datePublished\":\"2017-06-26T09:36:33+00:00\",\"dateModified\":\"2020-08-31T10:13:13+00:00\",\"breadcrumb\":{\"@id\":\"https:\/\/connectum.no\/sv\/om-oss\/#breadcrumb\"},\"inLanguage\":\"sv-SE\",\"potentialAction\":[{\"@type\":\"ReadAction\",\"target\":[\"https:\/\/connectum.no\/sv\/om-oss\/\"]}]},{\"@type\":\"ImageObject\",\"inLanguage\":\"sv-SE\",\"@id\":\"https:\/\/connectum.no\/sv\/om-oss\/#primaryimage\",\"url\":\"https:\/\/www.connectum.no\/wp-content\/uploads\/2020\/02\/Toppbannere_2400x900px2.jpg\",\"contentUrl\":\"https:\/\/www.connectum.no\/wp-content\/uploads\/2020\/02\/Toppbannere_2400x900px2.jpg\",\"width\":2400,\"height\":900},{\"@type\":\"BreadcrumbList\",\"@id\":\"https:\/\/connectum.no\/sv\/om-oss\/#breadcrumb\",\"itemListElement\":[{\"@type\":\"ListItem\",\"position\":1,\"name\":\"Home\",\"item\":\"https:\/\/connectum.no\/sv\/\"},{\"@type\":\"ListItem\",\"position\":2,\"name\":\"Om oss\"}]},{\"@type\":\"WebSite\",\"@id\":\"https:\/\/connectum.no\/#website\",\"url\":\"https:\/\/connectum.no\/\",\"name\":\"Connectum\",\"description\":\"Family Wealth Management\",\"potentialAction\":[{\"@type\":\"SearchAction\",\"target\":{\"@type\":\"EntryPoint\",\"urlTemplate\":\"https:\/\/connectum.no\/?s={search_term_string}\"},\"query-input\":{\"@type\":\"PropertyValueSpecification\",\"valueRequired\":true,\"valueName\":\"search_term_string\"}}],\"inLanguage\":\"sv-SE\"}]}<\/script>\n<!-- \/ Yoast SEO plugin. -->","yoast_head_json":{"title":"Om oss - Connectum","robots":{"index":"index","follow":"follow","max-snippet":"max-snippet:-1","max-image-preview":"max-image-preview:large","max-video-preview":"max-video-preview:-1"},"canonical":"https:\/\/connectum.no\/sv\/om-oss\/","og_locale":"sv_SE","og_type":"article","og_title":"Om oss - Connectum","og_description":"[vc_row el_class=&#8221;row-1180 padding-90-25&#8243;][vc_column css=&#8221;.vc_custom_1489962484503{padding-right: 0px !important;padding-left: 0px !important;}&#8221;][vc_column_text] Om oss V\u00e5rt m\u00e5l \u00e4r att du ska uppn\u00e5 det du vill med ditt investerade kapital. Med ditt liv, dina pengar och din framtid som utg\u00e5ngspunkt ger vi goda och opartiska r\u00e5d och tar fram en skr\u00e4ddarsydd plan f\u00f6r att s\u00e4kra dina m\u00e5l och behov. [\/vc_column_text][\/vc_column][\/vc_row][vc_row el_class=&#8221;row-1180&#8243; [&hellip;]","og_url":"https:\/\/connectum.no\/sv\/om-oss\/","og_site_name":"Connectum","article_modified_time":"2020-08-31T10:13:13+00:00","og_image":[{"width":2400,"height":900,"url":"https:\/\/connectum.no\/wp-content\/uploads\/2020\/02\/Toppbannere_2400x900px2.jpg","type":"image\/jpeg"}],"twitter_card":"summary_large_image","twitter_misc":{"Ber\u00e4knad l\u00e4stid":"5 minuter"},"schema":{"@context":"https:\/\/schema.org","@graph":[{"@type":"WebPage","@id":"https:\/\/connectum.no\/sv\/om-oss\/","url":"https:\/\/connectum.no\/sv\/om-oss\/","name":"Om oss - Connectum","isPartOf":{"@id":"https:\/\/connectum.no\/#website"},"primaryImageOfPage":{"@id":"https:\/\/connectum.no\/sv\/om-oss\/#primaryimage"},"image":{"@id":"https:\/\/connectum.no\/sv\/om-oss\/#primaryimage"},"thumbnailUrl":"https:\/\/www.connectum.no\/wp-content\/uploads\/2020\/02\/Toppbannere_2400x900px2.jpg","datePublished":"2017-06-26T09:36:33+00:00","dateModified":"2020-08-31T10:13:13+00:00","breadcrumb":{"@id":"https:\/\/connectum.no\/sv\/om-oss\/#breadcrumb"},"inLanguage":"sv-SE","potentialAction":[{"@type":"ReadAction","target":["https:\/\/connectum.no\/sv\/om-oss\/"]}]},{"@type":"ImageObject","inLanguage":"sv-SE","@id":"https:\/\/connectum.no\/sv\/om-oss\/#primaryimage","url":"https:\/\/www.connectum.no\/wp-content\/uploads\/2020\/02\/Toppbannere_2400x900px2.jpg","contentUrl":"https:\/\/www.connectum.no\/wp-content\/uploads\/2020\/02\/Toppbannere_2400x900px2.jpg","width":2400,"height":900},{"@type":"BreadcrumbList","@id":"https:\/\/connectum.no\/sv\/om-oss\/#breadcrumb","itemListElement":[{"@type":"ListItem","position":1,"name":"Home","item":"https:\/\/connectum.no\/sv\/"},{"@type":"ListItem","position":2,"name":"Om oss"}]},{"@type":"WebSite","@id":"https:\/\/connectum.no\/#website","url":"https:\/\/connectum.no\/","name":"Connectum","description":"Family Wealth Management","potentialAction":[{"@type":"SearchAction","target":{"@type":"EntryPoint","urlTemplate":"https:\/\/connectum.no\/?s={search_term_string}"},"query-input":{"@type":"PropertyValueSpecification","valueRequired":true,"valueName":"search_term_string"}}],"inLanguage":"sv-SE"}]}},"_links":{"self":[{"href":"https:\/\/www.connectum.no\/sv\/wp-json\/wp\/v2\/pages\/825","targetHints":{"allow":["GET"]}}],"collection":[{"href":"https:\/\/www.connectum.no\/sv\/wp-json\/wp\/v2\/pages"}],"about":[{"href":"https:\/\/www.connectum.no\/sv\/wp-json\/wp\/v2\/types\/page"}],"author":[{"embeddable":true,"href":"https:\/\/www.connectum.no\/sv\/wp-json\/wp\/v2\/users\/1"}],"replies":[{"embeddable":true,"href":"https:\/\/www.connectum.no\/sv\/wp-json\/wp\/v2\/comments?post=825"}],"version-history":[{"count":7,"href":"https:\/\/www.connectum.no\/sv\/wp-json\/wp\/v2\/pages\/825\/revisions"}],"predecessor-version":[{"id":1429,"href":"https:\/\/www.connectum.no\/sv\/wp-json\/wp\/v2\/pages\/825\/revisions\/1429"}],"wp:featuredmedia":[{"embeddable":true,"href":"https:\/\/www.connectum.no\/sv\/wp-json\/wp\/v2\/media\/2157"}],"wp:attachment":[{"href":"https:\/\/www.connectum.no\/sv\/wp-json\/wp\/v2\/media?parent=825"}],"curies":[{"name":"wp","href":"https:\/\/api.w.org\/{rel}","templated":true}]}}