{"id":828,"date":"2017-06-26T09:38:38","date_gmt":"2017-06-26T09:38:38","guid":{"rendered":"https:\/\/www.connectum.no\/?page_id=828&#038;lang=sv"},"modified":"2023-09-05T13:24:54","modified_gmt":"2023-09-05T13:24:54","slug":"connectum-metoden-2","status":"publish","type":"page","link":"https:\/\/www.connectum.no\/sv\/connectum-metoden-2\/","title":{"rendered":"Connectum-modellen"},"content":{"rendered":"<section class=\"wpb-content-wrapper\"><p>[vc_row el_class=&#8221;row-1180 padding-90-25&#8243;][vc_column css=&#8221;.vc_custom_1490048536143{padding-right: 0px !important;padding-left: 0px !important;}&#8221;][vc_column_text]<\/p>\n<h1 class=\"mobile-align-left\" style=\"text-align: center; margin-bottom: 25px;\">Connectum-modellen<\/h1>\n<h4 class=\"extra-padding mobile-align-left\" style=\"text-align: center;\">V\u00e5r modell kan sammanfattas i tre ord: Vi gissar inte.<\/h4>\n<p>[\/vc_column_text][\/vc_column][\/vc_row][vc_row el_class=&#8221;row-1180&#8243; css=&#8221;.vc_custom_1490562130112{padding-bottom: 55px !important;}&#8221;][vc_column][vc_row_inner css=&#8221;.vc_custom_1490048730887{margin-right: 0px !important;margin-left: 0px !important;padding-right: 0px !important;padding-left: 0px !important;}&#8221;][vc_column_inner width=&#8221;2\/3&#8243; css=&#8221;.vc_custom_1490048777183{margin-right: 0px !important;margin-left: 0px !important;padding-right: 50px !important;padding-left: 0px !important;}&#8221;][vc_column_text]Vi f\u00f6ljer inga magk\u00e4nslor, stalltips eller hyper utan \u00e4r lyssnande, disciplinerade och l\u00e5ngsiktiga n\u00e4r vi stakar ut en kurs och rekommenderar investeringar. Varje kundrelation \u00e4r unik. D\u00e4rf\u00f6r \u00e4r v\u00e5ra rekommendationer om spar- och investeringsplaner, portf\u00f6ljer, investeringar och f\u00f6rdelningar skr\u00e4ddarsydda f\u00f6r varje enskild kund. Och de bygger p\u00e5 samma principer, sammanst\u00e4llda i v\u00e5r bepr\u00f6vade och forskningsbaserade investeringsfilosofi. Alla \u00e5tg\u00e4rder f\u00f6ljer av fakta och logik &#8211; ingenting l\u00e4mnas \u00e5t slumpen.<\/p>\n<h3>Dina pengar, din plan<\/h3>\n<p>Som kund hos Connectum \u00e4r det ingen annan som har en exakt likadan portf\u00f6lj som din utan att de har samma m\u00e5l med sina investeringar som du. Alla portf\u00f6ljer har dock en sak gemensamt: De bygger p\u00e5 samma v\u00e4rderingar och principer. Din portf\u00f6lj skall s\u00e4kerst\u00e4lla att du kommer fr\u00e5n A till B p\u00e5 ett s\u00e4tt som passar dina egna f\u00f6ruts\u00e4ttningar, m\u00e5l och behov.[\/vc_column_text][\/vc_column_inner][vc_column_inner width=&#8221;1\/3&#8243; css=&#8221;.vc_custom_1490048768824{margin-right: 0px !important;margin-left: 0px !important;padding-right: 0px !important;padding-left: 0px !important;}&#8221;][vc_column_text]<\/p>\n<h3 class=\"underline\">Relaterade sidor<\/h3>\n<p><a class=\"title with-arrow\" href=\"https:\/\/www.connectum.no\/sv\/vara-fordelar\/\">V\u00e5ra f\u00f6rdelar<\/a><\/p>\n<p><a class=\"title with-arrow\" href=\"https:\/\/www.connectum.no\/sv\/investeringsfilosofi\/\">Investeringsfilosofi<\/a><\/p>\n<p><a class=\"title with-arrow\" href=\"https:\/\/www.connectum.no\/sv\/om-oss\/\">Om oss<\/a>[\/vc_column_text][\/vc_column_inner][\/vc_row_inner][\/vc_column][\/vc_row][vc_row css=&#8221;.vc_custom_1492132094744{margin-right: 0px !important;margin-left: 0px !important;padding-right: 0px !important;padding-left: 0px !important;background-color: #f3f3f3 !important;}&#8221; el_class=&#8221;padding-55&#8243;][vc_column css=&#8221;.vc_custom_1490054596321{margin-right: 0px !important;margin-left: 0px !important;padding-right: 0px !important;padding-left: 0px !important;}&#8221;][vc_row_inner el_class=&#8221;row-1180&#8243;][vc_column_inner css=&#8221;.vc_custom_1490054607586{margin-right: 0px !important;margin-left: 0px !important;padding-right: 0px !important;padding-left: 0px !important;}&#8221;][vc_column_text css=&#8221;.vc_custom_1498558590681{padding-right: 0px !important;padding-left: 0px !important;}&#8221;]<\/p>\n<h1 class=\"mobile-align-left\" style=\"text-align: center;\">Modellen vi arbetar efter<\/h1>\n<p>[\/vc_column_text][vc_column_text css=&#8221;.vc_custom_1498558634826{margin-bottom: 50px !important;padding-right: 0px !important;padding-left: 0px !important;}&#8221;]<\/p>\n<div class=\"metoden_section\">\n<div class=\"metoden_img\"><img decoding=\"async\" class=\"alignnone wp-image-791\" src=\"https:\/\/www.connectum.no\/wp-content\/uploads\/2017\/03\/Din-personlige-portef\u00f8lje_Connectum.png\" alt=\"\" width=\"110\" height=\"110\" \/><\/div>\n<div class=\"metoden_text\">\n<h3 style=\"margin-top: 0; color: #4d7c8c;\">1.\u00a0Din personliga portf\u00f6lj<\/h3>\n<p>Tillsammans med dig tar vi oss tid att identifiera dina f\u00f6ruts\u00e4ttningar, m\u00e5l och behov. Vi har ingen fast tidshorisont f\u00f6r detta \u2013 det tar den tid det tar. Det viktigaste \u00e4r att du och vi \u00e4r s\u00e4kra p\u00e5 att vi delar uppfattning och m\u00e5l innan du investerar s\u00e5 mycket som en krona.<\/p>\n<p>N\u00e4r vi \u00e4r \u00f6verens om m\u00e5l och f\u00f6rv\u00e4ntningar s\u00e4tter vi samman en personlig portf\u00f6lj med l\u00e4mpliga investeringar. Till skillnad fr\u00e5n de flesta banker och finanshus har vi inga band till leverant\u00f6rer av n\u00e5got slag eller krav p\u00e5 att s\u00e4lja speciella spar- och investeringsprodukter . Vi har inga avtal om provisioner eller annat som kan skapa intressekonflikter.<\/p>\n<\/div>\n<\/div>\n<p>[\/vc_column_text][vc_column_text css=&#8221;.vc_custom_1498675295168{margin-bottom: 50px !important;}&#8221;]<\/p>\n<div class=\"metoden_section\">\n<div class=\"metoden_img\"><img decoding=\"async\" class=\"alignnone wp-image-1135\" src=\"https:\/\/www.connectum.no\/wp-content\/uploads\/2017\/03\/Spredring_diagram_Connectum.png\" alt=\"\" width=\"115\" height=\"115\" \/><\/div>\n<div class=\"metoden_text\">\n<h3 style=\"margin-top: 0; color: #4d7c8c;\">2.\u00a0Spridning<\/h3>\n<p>Vi s\u00e4kerst\u00e4ller systematiskt urval, diversifiering och viktning av investeringar \u00f6ver tillg\u00e5ngsslag s\u00e5som penningmarknadsinstrument, obligationer, fastigheter och aktier. Vi g\u00f6r ett noggrant urval inom varje tillg\u00e5ngsklass s\u00e5 att risker sprids effektivt \u00f6ver l\u00e4nder, valutor, industrier, sektorer, regioner och underliggande v\u00e4rdepapper i enlighet med tydligt definierade kriterier. F\u00f6rdelen f\u00f6r dig \u00e4r en balanserad och robust portf\u00f6lj som ger god avkastning \u00f6ver tiden.<\/p>\n<\/div>\n<\/div>\n<p>[\/vc_column_text][vc_column_text css=&#8221;.vc_custom_1498675306416{margin-bottom: 50px !important;}&#8221;]<\/p>\n<div class=\"metoden_section\">\n<div class=\"metoden_img\"><img decoding=\"async\" class=\"alignnone wp-image-798\" src=\"https:\/\/www.connectum.no\/wp-content\/uploads\/2017\/03\/Effektivitet_2_Connectum.png\" alt=\"\" width=\"115\" height=\"115\" \/><\/div>\n<div class=\"metoden_text\">\n<h3 style=\"margin-top: 0; color: #4d7c8c;\">3.\u00a0Effektivitet<\/h3>\n<p>Vi tar bort de risker och kostnader som inte tillf\u00f6r v\u00e4rde f\u00f6r dig som investerare. Vi arbetar med starkt vetenskapligt st\u00f6d i v\u00e5r tillg\u00e5ngsallokering och n\u00e4r vi v\u00e4ljer faktorexponeringar som kan f\u00f6rv\u00e4ntas ge meravkastning. Detta medf\u00f6r st\u00f6rre f\u00f6ruts\u00e4gbarhet och g\u00f6r det l\u00e4ttare f\u00f6r dig att n\u00e5 dina m\u00e5l.<\/p>\n<\/div>\n<\/div>\n<p>[\/vc_column_text][vc_column_text]<\/p>\n<div class=\"metoden_section\">\n<div class=\"metoden_img\"><img loading=\"lazy\" decoding=\"async\" class=\"alignnone wp-image-793\" src=\"https:\/\/www.connectum.no\/wp-content\/uploads\/2017\/03\/Spredning_Connectum-1.png\" alt=\"\" width=\"118\" height=\"118\" \/><\/div>\n<div class=\"metoden_text\">\n<h3 style=\"margin-top: 0; color: #4d7c8c;\">4. Genomf\u00f6rande och disciplin<\/h3>\n<p>N\u00e4r vi \u00e4r \u00f6verens om planen, hj\u00e4lper vi dig att s\u00e4tta den i verket. Vi f\u00f6ljer upp din portf\u00f6lj enligt plan och rapporterar regelbundet om utvecklingen. Vi g\u00f6r inga f\u00f6r\u00e4ndringar utan ditt medgivande och vi tar inga transaktionsrelaterade avgifter som medf\u00f6r att vi skulle tj\u00e4na p\u00e5 att g\u00f6ra m\u00e5nga aff\u00e4rer.<\/p>\n<\/div>\n<\/div>\n<p>[\/vc_column_text][\/vc_column_inner][\/vc_row_inner][\/vc_column][\/vc_row][vc_row css=&#8221;.vc_custom_1492132214523{margin-right: 0px !important;margin-left: 0px !important;padding-right: 0px !important;padding-left: 0px !important;background-color: #337988 !important;}&#8221; el_class=&#8221;padding-55&#8243;][vc_column css=&#8221;.vc_custom_1490056196916{padding-right: 0px !important;padding-left: 0px !important;}&#8221;][vc_row_inner el_class=&#8221;row-1180&#8243;][vc_column_inner css=&#8221;.vc_custom_1490056234107{padding-right: 0px !important;padding-left: 0px !important;}&#8221;][vc_column_text]<\/p>\n<h5 class=\"white-color\" style=\"text-align: center;\">Vill du bli b\u00e4ttre bekant med oss &#8211; eller vill du veta mer?<\/h5>\n<p style=\"text-align: center; margin-top: 40px; font-family: 'libre_franklin_medium';\"><a class=\"btn-transparent with-arrow\" href=\"https:\/\/www.connectum.no\/sv\/kontakta-oss\/\">Bli kontaktad<\/a><\/p>\n<p>[\/vc_column_text][\/vc_column_inner][\/vc_row_inner][\/vc_column][\/vc_row][vc_row css=&#8221;.vc_custom_1490058405397{margin-right: 0px !important;margin-left: 0px !important;padding-top: 0px !important;padding-right: 0px !important;padding-bottom: 10px !important;padding-left: 0px !important;background-color: #f3f3f3 !important;}&#8221;][vc_column css=&#8221;.vc_custom_1490056965300{padding-top: 0px !important;padding-right: 0px !important;padding-bottom: 0px !important;padding-left: 0px !important;}&#8221;][vc_row_inner][vc_column_inner offset=&#8221;vc_hidden-lg vc_hidden-md vc_hidden-sm&#8221;][vc_column_text css=&#8221;.vc_custom_1492132518307{margin-bottom: 0px !important;}&#8221;]<img decoding=\"async\" style=\"width: 100%;\" src=\"https:\/\/www.connectum.no\/wp-content\/uploads\/2017\/03\/conn_secret_of_money.png\" alt=\"Secret of money\" \/>[\/vc_column_text][\/vc_column_inner][\/vc_row_inner][vc_row_inner el_class=&#8221;row-1180&#8243;][vc_column_inner width=&#8221;2\/3&#8243; css=&#8221;.vc_custom_1490564381839{padding-top: 0px !important;padding-right: 50px !important;padding-left: 0px !important;}&#8221; offset=&#8221;vc_col-xs-12&#8243;][vc_column_text]<\/p>\n<h2 class=\"margin-top-80\" style=\"margin-bottom: 15px;\">F\u00e5 f\u00f6rsta kapitlet gratis!<\/h2>\n<p>Boken \u201cThe 7 Secrets of Money\u201d ger dig insikt i hur du bygger upp dina investeringar och uppn\u00e5r dina m\u00e5l. Fyll i din e-postadress s\u00e5 skickar vi dig bokens f\u00f6rsta kapitel.<\/p>\n<div class=\"secret_of_money\">\n\t<section id=\"yikes-mailchimp-container-12\" class=\"yikes-mailchimp-container yikes-mailchimp-container-12 \">\n\t\t\t\t<form id=\"secret-of-money-sv-12\" class=\"yikes-easy-mc-form yikes-easy-mc-form-12 yikes-mailchimp-form-inline  \" method=\"POST\" data-attr-form-id=\"12\">\n\n\t\t\t\t\t\t\t\t\t\t\t\t\t<label for=\"yikes-easy-mc-form-12-EMAIL\"  class=\"label-inline EMAIL-label yikes-mailchimp-field-required \">\n\n\t\t\t\t\t\t\t\t\t\t<!-- dictate label visibility -->\n\t\t\t\t\t\t\t\t\t\t\n\t\t\t\t\t\t\t\t\t\t<!-- Description Above -->\n\t\t\t\t\t\t\t\t\t\t\n\t\t\t\t\t\t\t\t\t\t<input id=\"yikes-easy-mc-form-12-EMAIL\"  name=\"EMAIL\"  placeholder=\"E-\u00adpostadress\"  class=\"yikes-easy-mc-email field-no-label\"  required=\"required\" type=\"email\"  value=\"\">\n\n\t\t\t\t\t\t\t\t\t\t<!-- Description Below -->\n\t\t\t\t\t\t\t\t\t\t\n\t\t\t\t\t\t\t\t\t<\/label>\n\t\t\t\t\t\t\t\t\t<label class=\"yikes-mailchimp-eu-compliance-label\"><input type=\"checkbox\" required=\"required\" name=\"eu-laws\" value=\"1\" > <div class=\"yikes-mailchimp-eu-compliance-text\"><div id=\"magicdomid9\" class=\"\"><span class=\"author-hCNKNOp05o1S\">Ja, jag vill ta emot nyhetsbrev fr\u00e5n Connectum<\/span><\/div>\n<\/div><\/label>\n\t\t\t\t<!-- Honeypot Trap -->\n\t\t\t\t<input type=\"hidden\" name=\"yikes-mailchimp-honeypot\" id=\"yikes-mailchimp-honeypot-12\" value=\"\">\n\n\t\t\t\t<!-- List ID -->\n\t\t\t\t<input type=\"hidden\" name=\"yikes-mailchimp-associated-list-id\" id=\"yikes-mailchimp-associated-list-id-12\" value=\"29ee2356d4\">\n\n\t\t\t\t<!-- The form that is being submitted! Used to display error\/success messages above the correct form -->\n\t\t\t\t<input type=\"hidden\" name=\"yikes-mailchimp-submitted-form\" id=\"yikes-mailchimp-submitted-form-12\" value=\"12\">\n\n\t\t\t\t<!-- Submit Button -->\n\t\t\t\t<button type=\"submit\" class=\"yikes-easy-mc-submit-button yikes-easy-mc-submit-button-12 btn btn-primary transparent submit_btn\"> <span class=\"yikes-mailchimp-submit-button-span-text\">Skicka in<\/span><\/button>\t\t\t\t<!-- Nonce Security Check -->\n\t\t\t\t<input type=\"hidden\" id=\"yikes_easy_mc_new_subscriber_12\" name=\"yikes_easy_mc_new_subscriber\" value=\"570a2da23f\">\n\t\t\t\t<input type=\"hidden\" name=\"_wp_http_referer\" value=\"\/sv\/wp-json\/wp\/v2\/pages\/828\" \/>\n\t\t\t<\/form>\n\t\t\t<!-- Mailchimp Form generated by Easy Forms for Mailchimp v6.9.0 (https:\/\/wordpress.org\/plugins\/yikes-inc-easy-mailchimp-extender\/) -->\n\n\t\t\t<\/section>\n\t<\/div>\n<p>[\/vc_column_text][\/vc_column_inner][vc_column_inner width=&#8221;1\/3&#8243; css=&#8221;.vc_custom_1490564206262{margin-bottom: 0px !important;padding-right: 0px !important;padding-left: 0px !important;}&#8221; offset=&#8221;vc_hidden-sm vc_hidden-xs&#8221;][vc_column_text css=&#8221;.vc_custom_1490564196872{margin-bottom: 0px !important;}&#8221;]<img decoding=\"async\" style=\"width: 100%;\" src=\"https:\/\/www.connectum.no\/wp-content\/uploads\/2017\/03\/conn_secret_of_money.png\" alt=\"Secret of money\" \/>[\/vc_column_text][\/vc_column_inner][\/vc_row_inner][\/vc_column][\/vc_row]<\/p>\n<\/section>","protected":false},"excerpt":{"rendered":"<p>[vc_row el_class=&#8221;row-1180 padding-90-25&#8243;][vc_column css=&#8221;.vc_custom_1490048536143{padding-right: 0px !important;padding-left: 0px !important;}&#8221;][vc_column_text] Connectum-modellen V\u00e5r modell kan sammanfattas i tre ord: Vi gissar inte. [\/vc_column_text][\/vc_column][\/vc_row][vc_row el_class=&#8221;row-1180&#8243; css=&#8221;.vc_custom_1490562130112{padding-bottom: 55px !important;}&#8221;][vc_column][vc_row_inner css=&#8221;.vc_custom_1490048730887{margin-right: 0px !important;margin-left: 0px !important;padding-right: 0px !important;padding-left: 0px !important;}&#8221;][vc_column_inner width=&#8221;2\/3&#8243; css=&#8221;.vc_custom_1490048777183{margin-right: 0px !important;margin-left: 0px !important;padding-right: 50px !important;padding-left: 0px !important;}&#8221;][vc_column_text]Vi f\u00f6ljer inga magk\u00e4nslor, stalltips eller hyper utan \u00e4r lyssnande, disciplinerade och l\u00e5ngsiktiga [&hellip;]<\/p>\n","protected":false},"author":1,"featured_media":4223,"parent":0,"menu_order":0,"comment_status":"closed","ping_status":"closed","template":"","meta":{"_acf_changed":false,"footnotes":""},"class_list":["post-828","page","type-page","status-publish","hentry"],"acf":[],"yoast_head":"<!-- This site is optimized with the Yoast SEO plugin v24.3 - https:\/\/yoast.com\/wordpress\/plugins\/seo\/ -->\n<title>Connectum-modellen - Connectum<\/title>\n<meta name=\"robots\" content=\"index, follow, max-snippet:-1, max-image-preview:large, max-video-preview:-1\" \/>\n<link rel=\"canonical\" href=\"https:\/\/connectum.no\/sv\/connectum-metoden-2\/\" \/>\n<meta property=\"og:locale\" content=\"sv_SE\" \/>\n<meta property=\"og:type\" content=\"article\" \/>\n<meta property=\"og:title\" content=\"Connectum-modellen - Connectum\" \/>\n<meta property=\"og:description\" content=\"[vc_row el_class=&#8221;row-1180 padding-90-25&#8243;][vc_column css=&#8221;.vc_custom_1490048536143{padding-right: 0px !important;padding-left: 0px !important;}&#8221;][vc_column_text] Connectum-modellen V\u00e5r modell kan sammanfattas i tre ord: Vi gissar inte. [\/vc_column_text][\/vc_column][\/vc_row][vc_row el_class=&#8221;row-1180&#8243; css=&#8221;.vc_custom_1490562130112{padding-bottom: 55px !important;}&#8221;][vc_column][vc_row_inner css=&#8221;.vc_custom_1490048730887{margin-right: 0px !important;margin-left: 0px !important;padding-right: 0px !important;padding-left: 0px !important;}&#8221;][vc_column_inner width=&#8221;2\/3&#8243; css=&#8221;.vc_custom_1490048777183{margin-right: 0px !important;margin-left: 0px !important;padding-right: 50px !important;padding-left: 0px !important;}&#8221;][vc_column_text]Vi f\u00f6ljer inga magk\u00e4nslor, stalltips eller hyper utan \u00e4r lyssnande, disciplinerade och l\u00e5ngsiktiga [&hellip;]\" \/>\n<meta property=\"og:url\" content=\"https:\/\/connectum.no\/sv\/connectum-metoden-2\/\" \/>\n<meta property=\"og:site_name\" content=\"Connectum\" \/>\n<meta property=\"article:modified_time\" content=\"2023-09-05T13:24:54+00:00\" \/>\n<meta property=\"og:image\" content=\"https:\/\/connectum.no\/wp-content\/uploads\/2023\/09\/shutterstock_1857042019-scaled.jpg\" \/>\n\t<meta property=\"og:image:width\" content=\"2560\" \/>\n\t<meta property=\"og:image:height\" content=\"1706\" \/>\n\t<meta property=\"og:image:type\" content=\"image\/jpeg\" \/>\n<meta name=\"twitter:card\" content=\"summary_large_image\" \/>\n<meta name=\"twitter:label1\" content=\"Ber\u00e4knad l\u00e4stid\" \/>\n\t<meta name=\"twitter:data1\" content=\"5 minuter\" \/>\n<script type=\"application\/ld+json\" class=\"yoast-schema-graph\">{\"@context\":\"https:\/\/schema.org\",\"@graph\":[{\"@type\":\"WebPage\",\"@id\":\"https:\/\/connectum.no\/sv\/connectum-metoden-2\/\",\"url\":\"https:\/\/connectum.no\/sv\/connectum-metoden-2\/\",\"name\":\"Connectum-modellen - Connectum\",\"isPartOf\":{\"@id\":\"https:\/\/connectum.no\/#website\"},\"primaryImageOfPage\":{\"@id\":\"https:\/\/connectum.no\/sv\/connectum-metoden-2\/#primaryimage\"},\"image\":{\"@id\":\"https:\/\/connectum.no\/sv\/connectum-metoden-2\/#primaryimage\"},\"thumbnailUrl\":\"https:\/\/www.connectum.no\/wp-content\/uploads\/2023\/09\/shutterstock_1857042019-scaled.jpg\",\"datePublished\":\"2017-06-26T09:38:38+00:00\",\"dateModified\":\"2023-09-05T13:24:54+00:00\",\"breadcrumb\":{\"@id\":\"https:\/\/connectum.no\/sv\/connectum-metoden-2\/#breadcrumb\"},\"inLanguage\":\"sv-SE\",\"potentialAction\":[{\"@type\":\"ReadAction\",\"target\":[\"https:\/\/connectum.no\/sv\/connectum-metoden-2\/\"]}]},{\"@type\":\"ImageObject\",\"inLanguage\":\"sv-SE\",\"@id\":\"https:\/\/connectum.no\/sv\/connectum-metoden-2\/#primaryimage\",\"url\":\"https:\/\/www.connectum.no\/wp-content\/uploads\/2023\/09\/shutterstock_1857042019-scaled.jpg\",\"contentUrl\":\"https:\/\/www.connectum.no\/wp-content\/uploads\/2023\/09\/shutterstock_1857042019-scaled.jpg\",\"width\":2560,\"height\":1706},{\"@type\":\"BreadcrumbList\",\"@id\":\"https:\/\/connectum.no\/sv\/connectum-metoden-2\/#breadcrumb\",\"itemListElement\":[{\"@type\":\"ListItem\",\"position\":1,\"name\":\"Home\",\"item\":\"https:\/\/connectum.no\/sv\/\"},{\"@type\":\"ListItem\",\"position\":2,\"name\":\"Connectum-modellen\"}]},{\"@type\":\"WebSite\",\"@id\":\"https:\/\/connectum.no\/#website\",\"url\":\"https:\/\/connectum.no\/\",\"name\":\"Connectum\",\"description\":\"Family Wealth Management\",\"potentialAction\":[{\"@type\":\"SearchAction\",\"target\":{\"@type\":\"EntryPoint\",\"urlTemplate\":\"https:\/\/connectum.no\/?s={search_term_string}\"},\"query-input\":{\"@type\":\"PropertyValueSpecification\",\"valueRequired\":true,\"valueName\":\"search_term_string\"}}],\"inLanguage\":\"sv-SE\"}]}<\/script>\n<!-- \/ Yoast SEO plugin. -->","yoast_head_json":{"title":"Connectum-modellen - Connectum","robots":{"index":"index","follow":"follow","max-snippet":"max-snippet:-1","max-image-preview":"max-image-preview:large","max-video-preview":"max-video-preview:-1"},"canonical":"https:\/\/connectum.no\/sv\/connectum-metoden-2\/","og_locale":"sv_SE","og_type":"article","og_title":"Connectum-modellen - Connectum","og_description":"[vc_row el_class=&#8221;row-1180 padding-90-25&#8243;][vc_column css=&#8221;.vc_custom_1490048536143{padding-right: 0px !important;padding-left: 0px !important;}&#8221;][vc_column_text] Connectum-modellen V\u00e5r modell kan sammanfattas i tre ord: Vi gissar inte. [\/vc_column_text][\/vc_column][\/vc_row][vc_row el_class=&#8221;row-1180&#8243; css=&#8221;.vc_custom_1490562130112{padding-bottom: 55px !important;}&#8221;][vc_column][vc_row_inner css=&#8221;.vc_custom_1490048730887{margin-right: 0px !important;margin-left: 0px !important;padding-right: 0px !important;padding-left: 0px !important;}&#8221;][vc_column_inner width=&#8221;2\/3&#8243; css=&#8221;.vc_custom_1490048777183{margin-right: 0px !important;margin-left: 0px !important;padding-right: 50px !important;padding-left: 0px !important;}&#8221;][vc_column_text]Vi f\u00f6ljer inga magk\u00e4nslor, stalltips eller hyper utan \u00e4r lyssnande, disciplinerade och l\u00e5ngsiktiga [&hellip;]","og_url":"https:\/\/connectum.no\/sv\/connectum-metoden-2\/","og_site_name":"Connectum","article_modified_time":"2023-09-05T13:24:54+00:00","og_image":[{"width":2560,"height":1706,"url":"https:\/\/connectum.no\/wp-content\/uploads\/2023\/09\/shutterstock_1857042019-scaled.jpg","type":"image\/jpeg"}],"twitter_card":"summary_large_image","twitter_misc":{"Ber\u00e4knad l\u00e4stid":"5 minuter"},"schema":{"@context":"https:\/\/schema.org","@graph":[{"@type":"WebPage","@id":"https:\/\/connectum.no\/sv\/connectum-metoden-2\/","url":"https:\/\/connectum.no\/sv\/connectum-metoden-2\/","name":"Connectum-modellen - Connectum","isPartOf":{"@id":"https:\/\/connectum.no\/#website"},"primaryImageOfPage":{"@id":"https:\/\/connectum.no\/sv\/connectum-metoden-2\/#primaryimage"},"image":{"@id":"https:\/\/connectum.no\/sv\/connectum-metoden-2\/#primaryimage"},"thumbnailUrl":"https:\/\/www.connectum.no\/wp-content\/uploads\/2023\/09\/shutterstock_1857042019-scaled.jpg","datePublished":"2017-06-26T09:38:38+00:00","dateModified":"2023-09-05T13:24:54+00:00","breadcrumb":{"@id":"https:\/\/connectum.no\/sv\/connectum-metoden-2\/#breadcrumb"},"inLanguage":"sv-SE","potentialAction":[{"@type":"ReadAction","target":["https:\/\/connectum.no\/sv\/connectum-metoden-2\/"]}]},{"@type":"ImageObject","inLanguage":"sv-SE","@id":"https:\/\/connectum.no\/sv\/connectum-metoden-2\/#primaryimage","url":"https:\/\/www.connectum.no\/wp-content\/uploads\/2023\/09\/shutterstock_1857042019-scaled.jpg","contentUrl":"https:\/\/www.connectum.no\/wp-content\/uploads\/2023\/09\/shutterstock_1857042019-scaled.jpg","width":2560,"height":1706},{"@type":"BreadcrumbList","@id":"https:\/\/connectum.no\/sv\/connectum-metoden-2\/#breadcrumb","itemListElement":[{"@type":"ListItem","position":1,"name":"Home","item":"https:\/\/connectum.no\/sv\/"},{"@type":"ListItem","position":2,"name":"Connectum-modellen"}]},{"@type":"WebSite","@id":"https:\/\/connectum.no\/#website","url":"https:\/\/connectum.no\/","name":"Connectum","description":"Family Wealth Management","potentialAction":[{"@type":"SearchAction","target":{"@type":"EntryPoint","urlTemplate":"https:\/\/connectum.no\/?s={search_term_string}"},"query-input":{"@type":"PropertyValueSpecification","valueRequired":true,"valueName":"search_term_string"}}],"inLanguage":"sv-SE"}]}},"_links":{"self":[{"href":"https:\/\/www.connectum.no\/sv\/wp-json\/wp\/v2\/pages\/828","targetHints":{"allow":["GET"]}}],"collection":[{"href":"https:\/\/www.connectum.no\/sv\/wp-json\/wp\/v2\/pages"}],"about":[{"href":"https:\/\/www.connectum.no\/sv\/wp-json\/wp\/v2\/types\/page"}],"author":[{"embeddable":true,"href":"https:\/\/www.connectum.no\/sv\/wp-json\/wp\/v2\/users\/1"}],"replies":[{"embeddable":true,"href":"https:\/\/www.connectum.no\/sv\/wp-json\/wp\/v2\/comments?post=828"}],"version-history":[{"count":10,"href":"https:\/\/www.connectum.no\/sv\/wp-json\/wp\/v2\/pages\/828\/revisions"}],"predecessor-version":[{"id":1434,"href":"https:\/\/www.connectum.no\/sv\/wp-json\/wp\/v2\/pages\/828\/revisions\/1434"}],"wp:featuredmedia":[{"embeddable":true,"href":"https:\/\/www.connectum.no\/sv\/wp-json\/wp\/v2\/media\/4223"}],"wp:attachment":[{"href":"https:\/\/www.connectum.no\/sv\/wp-json\/wp\/v2\/media?parent=828"}],"curies":[{"name":"wp","href":"https:\/\/api.w.org\/{rel}","templated":true}]}}