{"id":831,"date":"2017-06-26T09:42:00","date_gmt":"2017-06-26T09:42:00","guid":{"rendered":"https:\/\/www.connectum.no\/?page_id=831&#038;lang=sv"},"modified":"2024-09-30T12:04:07","modified_gmt":"2024-09-30T12:04:07","slug":"vara-fordelar","status":"publish","type":"page","link":"https:\/\/www.connectum.no\/sv\/vara-fordelar\/","title":{"rendered":"V\u00e5ra f\u00f6rdelar"},"content":{"rendered":"<section class=\"wpb-content-wrapper\"><p>[vc_row el_class=&#8221;row-1180 padding-90-25&#8243;][vc_column css=&#8221;.vc_custom_1490046604240{padding-right: 0px !important;padding-left: 0px !important;}&#8221;][vc_column_text]<\/p>\n<h1 class=\"mobile-align-left\" style=\"text-align: center; margin-bottom: 25px;\">\u00a0F\u00f6rdelar f\u00f6r dig<\/h1>\n<h4 class=\"extra-padding mobile-align-left\" style=\"text-align: center;\">Vi f\u00f6ljer inte en strategi f\u00f6r att er\u00f6vra marknadsandelar, utan har som m\u00e5l att vara b\u00e4st.<\/h4>\n<h3>Det som skiljer oss fr\u00e5n alla andra akt\u00f6rer \u00e4r:<\/h3>\n<p>1. Connectum var den f\u00f6rsta certifierade oberoende investeringsr\u00e5dgivaren i Norden.<\/p>\n<p>2. Som kund f\u00e5r du personlig uppf\u00f6ljning och direkt tillg\u00e5ng till f\u00f6retagets partners, som fattar de viktiga besluten och ger r\u00e5d om investeringar och annat.<\/p>\n<p>3. Connectum har en unik expertis inom evidensbaserad, systematisk f\u00f6rvaltning samt tillg\u00e5ng till l\u00f6sningar och fonder i v\u00e4rldsklass som f\u00e5 har tillg\u00e5ng till.<\/p>\n<p>Denna kombination g\u00f6r det l\u00e4ttare att uppn\u00e5 dina m\u00e5l. Detta f\u00e5r du ingen annanstans \u00e4n hos Connectum.[\/vc_column_text][\/vc_column][\/vc_row][vc_row el_class=&#8221;row-1180&#8243; css=&#8221;.vc_custom_1490561955115{padding-bottom: 55px !important;}&#8221;][vc_column css=&#8221;.vc_custom_1490046801872{margin-right: 0px !important;margin-left: 0px !important;padding-right: 0px !important;padding-left: 0px !important;}&#8221;][vc_row_inner css=&#8221;.vc_custom_1490561878737{margin-right: 0px !important;margin-left: 0px !important;}&#8221;][vc_column_inner width=&#8221;2\/3&#8243; css=&#8221;.vc_custom_1490046932175{margin-right: 0px !important;margin-left: 0px !important;padding-right: 50px !important;padding-left: 0px !important;}&#8221;][vc_column_text]<\/p>\n<h3 style=\"margin-top: 0;\">Fullst\u00e4ndigt oberoende r\u00e5dgivning<\/h3>\n<p>Connectum har inga bindningar till banker, f\u00f6rs\u00e4kringsbolag, fondbolag eller leverant\u00f6rer av annat slag. Vi s\u00e4ljer inte heller produkter och tar inte emot provisioner, kommissioner, \u201dkickbacks\u201d eller liknande. Det betyder att vi kan fokusera p\u00e5 dig och dina f\u00f6ruts\u00e4ttningar, m\u00e5l och behov och g\u00f6ra det som \u00e4r r\u00e4tt f\u00f6r dig.<\/p>\n<h3>Tydlig ers\u00e4ttning<\/h3>\n<p>I st\u00e4llet f\u00f6r procent p\u00e5 transaktioner eller provision fr\u00e5n produktf\u00f6rs\u00e4ljning \u00e4r v\u00e5r int\u00e4ktsk\u00e4lla uteslutande arvodet fr\u00e5n v\u00e5ra kunder. Arvodet baseras p\u00e5 portf\u00f6ljv\u00e4rde, nedlagda timmar eller en avtalad fast summa. Du vet vad du betalar. Tydligt, enkelt, kostnadseffektivt och fritt fr\u00e5n intressekonflikter.<\/p>\n<h3>Engagerade och personliga<\/h3>\n<p>Din f\u00f6rm\u00f6genhet \u00e4r viktig f\u00f6r dig. Och f\u00f6r oss. Detta \u00e4r utg\u00e5ngspunkten n\u00e4r vi skapar en plan f\u00f6r just dig. Vi tar oss tid att lyssna, fr\u00e5ga och g\u00e5 p\u00e5 djupet, s\u00e5 att vi har en god grund att rekommendera vad du \u00e4r b\u00e4st betj\u00e4nt av.<\/p>\n<h3>En plan f\u00f6r alla<\/h3>\n<p>Vi har alla typer av kunder hos Connectum \u2013 unga och gamla, entrepren\u00f6rer och f\u00f6retags\u00e4gare, chefer, l\u00f6ntagare och andra, i Sverige eller utomlands, som vill spara och investera p\u00e5 ett klokt s\u00e4tt. Men de har en sak gemensamt: De \u00f6nskar att s\u00e4kra framtiden s\u00e5 att de kan leva som de \u00f6nskar, antingen om det g\u00e4ller en b\u00e4ttre tillvaro som pension\u00e4r, mer frihet och handlingsutrymme, kunna koncentrera sig mer p\u00e5 sin egen verksamhet eller n\u00e5got annat.[\/vc_column_text][\/vc_column_inner][vc_column_inner width=&#8221;1\/3&#8243; css=&#8221;.vc_custom_1490046846768{margin-right: 0px !important;margin-left: 0px !important;padding-right: 0px !important;padding-left: 0px !important;}&#8221;][vc_column_text]<\/p>\n<h3 class=\"underline\">Relaterade sidor<\/h3>\n<p><a class=\"title with-arrow\" href=\"https:\/\/www.connectum.no\/sv\/investeringsfilosofi\/\">Investeringsfilosofi<\/a><\/p>\n<p><a class=\"title with-arrow\" href=\"https:\/\/www.connectum.no\/sv\/connectum-metoden\/\">Connectum-modellen<\/a><\/p>\n<p><a class=\"title with-arrow\" href=\"https:\/\/www.connectum.no\/sv\/om-oss\/\">Om oss<\/a>[\/vc_column_text][\/vc_column_inner][\/vc_row_inner][\/vc_column][\/vc_row][vc_row css=&#8221;.vc_custom_1492132857546{margin-right: 0px !important;margin-left: 0px !important;padding-right: 0px !important;padding-left: 0px !important;background-color: #337988 !important;}&#8221; el_class=&#8221;padding-55&#8243;][vc_column][vc_row_inner el_class=&#8221;row-1180&#8243;][vc_column_inner css=&#8221;.vc_custom_1490047374120{padding-right: 0px !important;padding-left: 0px !important;}&#8221;][vc_column_text]<\/p>\n<h5 class=\"white-color\" style=\"text-align: center;\">Vill du bli b\u00e4ttre bekant med oss &#8211; eller vill du veta mer?<\/h5>\n<p style=\"text-align: center; margin-top: 40px; font-family: 'libre_franklin_medium';\"><a class=\"btn-transparent with-arrow\" href=\"https:\/\/www.connectum.no\/sv\/kontakta-oss\/\">Bli kontaktad<\/a><\/p>\n<p>[\/vc_column_text][\/vc_column_inner][\/vc_row_inner][\/vc_column][\/vc_row]<\/p>\n<\/section>","protected":false},"excerpt":{"rendered":"<p>[vc_row el_class=&#8221;row-1180 padding-90-25&#8243;][vc_column css=&#8221;.vc_custom_1490046604240{padding-right: 0px !important;padding-left: 0px !important;}&#8221;][vc_column_text] \u00a0F\u00f6rdelar f\u00f6r dig Vi f\u00f6ljer inte en strategi f\u00f6r att er\u00f6vra marknadsandelar, utan har som m\u00e5l att vara b\u00e4st. Det som skiljer oss fr\u00e5n alla andra akt\u00f6rer \u00e4r: 1. Connectum var den f\u00f6rsta certifierade oberoende investeringsr\u00e5dgivaren i Norden. 2. Som kund f\u00e5r du personlig uppf\u00f6ljning och direkt [&hellip;]<\/p>\n","protected":false},"author":1,"featured_media":4344,"parent":0,"menu_order":0,"comment_status":"closed","ping_status":"closed","template":"","meta":{"_acf_changed":false,"footnotes":""},"class_list":["post-831","page","type-page","status-publish","hentry"],"acf":[],"yoast_head":"<!-- This site is optimized with the Yoast SEO plugin v24.3 - https:\/\/yoast.com\/wordpress\/plugins\/seo\/ -->\n<title>V\u00e5ra f\u00f6rdelar - Connectum<\/title>\n<meta name=\"robots\" content=\"index, follow, max-snippet:-1, max-image-preview:large, max-video-preview:-1\" \/>\n<link rel=\"canonical\" href=\"https:\/\/connectum.no\/sv\/vara-fordelar\/\" \/>\n<meta property=\"og:locale\" content=\"sv_SE\" \/>\n<meta property=\"og:type\" content=\"article\" \/>\n<meta property=\"og:title\" content=\"V\u00e5ra f\u00f6rdelar - Connectum\" \/>\n<meta property=\"og:description\" content=\"[vc_row el_class=&#8221;row-1180 padding-90-25&#8243;][vc_column css=&#8221;.vc_custom_1490046604240{padding-right: 0px !important;padding-left: 0px !important;}&#8221;][vc_column_text] \u00a0F\u00f6rdelar f\u00f6r dig Vi f\u00f6ljer inte en strategi f\u00f6r att er\u00f6vra marknadsandelar, utan har som m\u00e5l att vara b\u00e4st. Det som skiljer oss fr\u00e5n alla andra akt\u00f6rer \u00e4r: 1. Connectum var den f\u00f6rsta certifierade oberoende investeringsr\u00e5dgivaren i Norden. 2. Som kund f\u00e5r du personlig uppf\u00f6ljning och direkt [&hellip;]\" \/>\n<meta property=\"og:url\" content=\"https:\/\/connectum.no\/sv\/vara-fordelar\/\" \/>\n<meta property=\"og:site_name\" content=\"Connectum\" \/>\n<meta property=\"article:modified_time\" content=\"2024-09-30T12:04:07+00:00\" \/>\n<meta property=\"og:image\" content=\"https:\/\/connectum.no\/wp-content\/uploads\/2024\/02\/Barn_is.jpg\" \/>\n\t<meta property=\"og:image:width\" content=\"2500\" \/>\n\t<meta property=\"og:image:height\" content=\"820\" \/>\n\t<meta property=\"og:image:type\" content=\"image\/jpeg\" \/>\n<meta name=\"twitter:card\" content=\"summary_large_image\" \/>\n<meta name=\"twitter:label1\" content=\"Ber\u00e4knad l\u00e4stid\" \/>\n\t<meta name=\"twitter:data1\" content=\"3 minuter\" \/>\n<script type=\"application\/ld+json\" class=\"yoast-schema-graph\">{\"@context\":\"https:\/\/schema.org\",\"@graph\":[{\"@type\":\"WebPage\",\"@id\":\"https:\/\/connectum.no\/sv\/vara-fordelar\/\",\"url\":\"https:\/\/connectum.no\/sv\/vara-fordelar\/\",\"name\":\"V\u00e5ra f\u00f6rdelar - Connectum\",\"isPartOf\":{\"@id\":\"https:\/\/connectum.no\/#website\"},\"primaryImageOfPage\":{\"@id\":\"https:\/\/connectum.no\/sv\/vara-fordelar\/#primaryimage\"},\"image\":{\"@id\":\"https:\/\/connectum.no\/sv\/vara-fordelar\/#primaryimage\"},\"thumbnailUrl\":\"https:\/\/www.connectum.no\/wp-content\/uploads\/2024\/02\/Barn_is.jpg\",\"datePublished\":\"2017-06-26T09:42:00+00:00\",\"dateModified\":\"2024-09-30T12:04:07+00:00\",\"breadcrumb\":{\"@id\":\"https:\/\/connectum.no\/sv\/vara-fordelar\/#breadcrumb\"},\"inLanguage\":\"sv-SE\",\"potentialAction\":[{\"@type\":\"ReadAction\",\"target\":[\"https:\/\/connectum.no\/sv\/vara-fordelar\/\"]}]},{\"@type\":\"ImageObject\",\"inLanguage\":\"sv-SE\",\"@id\":\"https:\/\/connectum.no\/sv\/vara-fordelar\/#primaryimage\",\"url\":\"https:\/\/www.connectum.no\/wp-content\/uploads\/2024\/02\/Barn_is.jpg\",\"contentUrl\":\"https:\/\/www.connectum.no\/wp-content\/uploads\/2024\/02\/Barn_is.jpg\",\"width\":2500,\"height\":820},{\"@type\":\"BreadcrumbList\",\"@id\":\"https:\/\/connectum.no\/sv\/vara-fordelar\/#breadcrumb\",\"itemListElement\":[{\"@type\":\"ListItem\",\"position\":1,\"name\":\"Home\",\"item\":\"https:\/\/connectum.no\/sv\/\"},{\"@type\":\"ListItem\",\"position\":2,\"name\":\"V\u00e5ra f\u00f6rdelar\"}]},{\"@type\":\"WebSite\",\"@id\":\"https:\/\/connectum.no\/#website\",\"url\":\"https:\/\/connectum.no\/\",\"name\":\"Connectum\",\"description\":\"Family Wealth Management\",\"potentialAction\":[{\"@type\":\"SearchAction\",\"target\":{\"@type\":\"EntryPoint\",\"urlTemplate\":\"https:\/\/connectum.no\/?s={search_term_string}\"},\"query-input\":{\"@type\":\"PropertyValueSpecification\",\"valueRequired\":true,\"valueName\":\"search_term_string\"}}],\"inLanguage\":\"sv-SE\"}]}<\/script>\n<!-- \/ Yoast SEO plugin. -->","yoast_head_json":{"title":"V\u00e5ra f\u00f6rdelar - Connectum","robots":{"index":"index","follow":"follow","max-snippet":"max-snippet:-1","max-image-preview":"max-image-preview:large","max-video-preview":"max-video-preview:-1"},"canonical":"https:\/\/connectum.no\/sv\/vara-fordelar\/","og_locale":"sv_SE","og_type":"article","og_title":"V\u00e5ra f\u00f6rdelar - Connectum","og_description":"[vc_row el_class=&#8221;row-1180 padding-90-25&#8243;][vc_column css=&#8221;.vc_custom_1490046604240{padding-right: 0px !important;padding-left: 0px !important;}&#8221;][vc_column_text] \u00a0F\u00f6rdelar f\u00f6r dig Vi f\u00f6ljer inte en strategi f\u00f6r att er\u00f6vra marknadsandelar, utan har som m\u00e5l att vara b\u00e4st. Det som skiljer oss fr\u00e5n alla andra akt\u00f6rer \u00e4r: 1. Connectum var den f\u00f6rsta certifierade oberoende investeringsr\u00e5dgivaren i Norden. 2. Som kund f\u00e5r du personlig uppf\u00f6ljning och direkt [&hellip;]","og_url":"https:\/\/connectum.no\/sv\/vara-fordelar\/","og_site_name":"Connectum","article_modified_time":"2024-09-30T12:04:07+00:00","og_image":[{"width":2500,"height":820,"url":"https:\/\/connectum.no\/wp-content\/uploads\/2024\/02\/Barn_is.jpg","type":"image\/jpeg"}],"twitter_card":"summary_large_image","twitter_misc":{"Ber\u00e4knad l\u00e4stid":"3 minuter"},"schema":{"@context":"https:\/\/schema.org","@graph":[{"@type":"WebPage","@id":"https:\/\/connectum.no\/sv\/vara-fordelar\/","url":"https:\/\/connectum.no\/sv\/vara-fordelar\/","name":"V\u00e5ra f\u00f6rdelar - Connectum","isPartOf":{"@id":"https:\/\/connectum.no\/#website"},"primaryImageOfPage":{"@id":"https:\/\/connectum.no\/sv\/vara-fordelar\/#primaryimage"},"image":{"@id":"https:\/\/connectum.no\/sv\/vara-fordelar\/#primaryimage"},"thumbnailUrl":"https:\/\/www.connectum.no\/wp-content\/uploads\/2024\/02\/Barn_is.jpg","datePublished":"2017-06-26T09:42:00+00:00","dateModified":"2024-09-30T12:04:07+00:00","breadcrumb":{"@id":"https:\/\/connectum.no\/sv\/vara-fordelar\/#breadcrumb"},"inLanguage":"sv-SE","potentialAction":[{"@type":"ReadAction","target":["https:\/\/connectum.no\/sv\/vara-fordelar\/"]}]},{"@type":"ImageObject","inLanguage":"sv-SE","@id":"https:\/\/connectum.no\/sv\/vara-fordelar\/#primaryimage","url":"https:\/\/www.connectum.no\/wp-content\/uploads\/2024\/02\/Barn_is.jpg","contentUrl":"https:\/\/www.connectum.no\/wp-content\/uploads\/2024\/02\/Barn_is.jpg","width":2500,"height":820},{"@type":"BreadcrumbList","@id":"https:\/\/connectum.no\/sv\/vara-fordelar\/#breadcrumb","itemListElement":[{"@type":"ListItem","position":1,"name":"Home","item":"https:\/\/connectum.no\/sv\/"},{"@type":"ListItem","position":2,"name":"V\u00e5ra f\u00f6rdelar"}]},{"@type":"WebSite","@id":"https:\/\/connectum.no\/#website","url":"https:\/\/connectum.no\/","name":"Connectum","description":"Family Wealth Management","potentialAction":[{"@type":"SearchAction","target":{"@type":"EntryPoint","urlTemplate":"https:\/\/connectum.no\/?s={search_term_string}"},"query-input":{"@type":"PropertyValueSpecification","valueRequired":true,"valueName":"search_term_string"}}],"inLanguage":"sv-SE"}]}},"_links":{"self":[{"href":"https:\/\/www.connectum.no\/sv\/wp-json\/wp\/v2\/pages\/831","targetHints":{"allow":["GET"]}}],"collection":[{"href":"https:\/\/www.connectum.no\/sv\/wp-json\/wp\/v2\/pages"}],"about":[{"href":"https:\/\/www.connectum.no\/sv\/wp-json\/wp\/v2\/types\/page"}],"author":[{"embeddable":true,"href":"https:\/\/www.connectum.no\/sv\/wp-json\/wp\/v2\/users\/1"}],"replies":[{"embeddable":true,"href":"https:\/\/www.connectum.no\/sv\/wp-json\/wp\/v2\/comments?post=831"}],"version-history":[{"count":13,"href":"https:\/\/www.connectum.no\/sv\/wp-json\/wp\/v2\/pages\/831\/revisions"}],"predecessor-version":[{"id":4494,"href":"https:\/\/www.connectum.no\/sv\/wp-json\/wp\/v2\/pages\/831\/revisions\/4494"}],"wp:featuredmedia":[{"embeddable":true,"href":"https:\/\/www.connectum.no\/sv\/wp-json\/wp\/v2\/media\/4344"}],"wp:attachment":[{"href":"https:\/\/www.connectum.no\/sv\/wp-json\/wp\/v2\/media?parent=831"}],"curies":[{"name":"wp","href":"https:\/\/api.w.org\/{rel}","templated":true}]}}