{"id":874,"date":"2017-06-26T11:45:55","date_gmt":"2017-06-26T11:45:55","guid":{"rendered":"https:\/\/www.connectum.no\/?page_id=874&#038;lang=sv"},"modified":"2021-04-14T11:27:47","modified_gmt":"2021-04-14T11:27:47","slug":"referenser","status":"publish","type":"page","link":"https:\/\/www.connectum.no\/sv\/referenser\/","title":{"rendered":"Referenser"},"content":{"rendered":"<section class=\"wpb-content-wrapper\"><p>[vc_row css=&#8221;.vc_custom_1492134546727{margin-right: 0px !important;margin-left: 0px !important;padding-right: 0px !important;padding-left: 0px !important;background-color: #f0f0f0 !important;}&#8221; el_class=&#8221;padding-55&#8243;][vc_column css=&#8221;.vc_custom_1490381796763{padding-right: 0px !important;padding-left: 0px !important;}&#8221;][vc_row_inner el_class=&#8221;row-1180&#8243;][vc_column_inner][vc_column_text css=&#8221;.vc_custom_1503484529302{margin-bottom: 0px !important;padding-right: 0px !important;padding-left: 0px !important;}&#8221;]<\/p>\n<h1 style=\"text-align: center;\">Detta s\u00e4ger v\u00e5ra kunder<\/h1>\n<p>[\/vc_column_text][\/vc_column_inner][\/vc_row_inner][\/vc_column][\/vc_row][vc_row css=&#8221;.vc_custom_1492134842103{margin-top: 0px !important;margin-right: 0px !important;margin-bottom: 0px !important;margin-left: 0px !important;padding-top: 0px !important;padding-right: 0px !important;padding-left: 0px !important;background-color: #f0f0f0 !important;}&#8221; el_class=&#8221;padding-b-55&#8243;][vc_column][vc_row_inner el_class=&#8221;row-1180&#8243; css=&#8221;.vc_custom_1489624828730{margin-top: 0px !important;padding-top: 0px !important;}&#8221;][vc_column_inner css=&#8221;.vc_custom_1489625480187{padding-right: 0px !important;padding-left: 0px !important;}&#8221;][vc_column_text css=&#8221;.vc_custom_1489668224412{padding-top: 0px !important;padding-right: 0px !important;padding-left: 0px !important;}&#8221;]<div class=\"testimonials_page\"><div class=\"testimonial_single\">\r\n\t\t\t\t\t\t\t\t<div class=\"img_section\">\r\n\t\t\t\t\t\t\t\t\t<img decoding=\"async\" src=\"https:\/\/www.connectum.no\/wp-content\/uploads\/2017\/07\/Olof_Holmer.png\" alt=\"1\" \/>\r\n\t\t\t\t\t\t\t\t\t<h3 class=\"title\">Olof Holmer<\/h3>\r\n\t\t\t\t\t\t\t\t\t<p class=\"position\">VD f\u00f6r KTF<\/p>\r\n\t\t\t\t\t\t\t\t\t<p class=\"position\">Stockholm<\/p>\r\n\t\t\t\t\t\t\t\t\t<div style=\"clear:both;\"><\/div>\r\n\t\t\t\t\t\t\t\t<\/div>\r\n\t\t\t\t\t\t\t\t<div class=\"person_info\">\r\n\t\t\t\t\t\t\t\t\t<p><p class=\"p1\"><span class=\"s1\">\"Det \u00e4r idag v\u00e4l belagt att det i praktiken \u00e4r meningsl\u00f6st att f\u00f6rs\u00f6ka \"sl\u00e5 marknaden\" i sina investeringar. Trots detta forts\u00e4tter r\u00e5dgivare och kapitalf\u00f6rvaltare \u00e4nd\u00e5 att ta v\u00e4ldigt bra betalt f\u00f6r att f\u00f6rs\u00f6ka, med sina kunders pengar. Oftast med uselt resultat. Som relativt insatt kund blir detta bara en k\u00e4lla till frustration och oro.<\/span><\/p>\r\n<p class=\"p1\"><span class=\"s1\">D\u00e4rf\u00f6r har vi valt att samarbeta med Connectum f\u00f6r v\u00e5r stiftelsef\u00f6rvaltning. De arbetar p\u00e5 ett helt annat s\u00e4tt. Deras oberoende och frihet fr\u00e5n intressekonflikter g\u00f6r att de kan vara helt fokuserade p\u00e5 att g\u00f6ra nytta f\u00f6r oss. De har en l\u00e5ngsiktig, trov\u00e4rdig strategi med en stadig grund i forskningsresultat. De \u00e4r kompetenta, transparenta och tydliga, och vi k\u00e4nner att de verkligen bryr sig om oss och v\u00e5ra behov.\u00a0Vi \u00e4r v\u00e4ldigt n\u00f6jda.\"<\/span><\/p><\/p>\r\n\t\t\t\t\t\t\t\t<\/div>\r\n\t\t\t\t\t\t\t<\/div><div class=\"testimonial_single\">\r\n\t\t\t\t\t\t\t\t<div class=\"img_section\">\r\n\t\t\t\t\t\t\t\t\t<img decoding=\"async\" src=\"https:\/\/www.connectum.no\/wp-content\/uploads\/2017\/07\/Untitled-1-1.png\" alt=\"1\" \/>\r\n\t\t\t\t\t\t\t\t\t<h3 class=\"title\">Petter R\u00f8ed<\/h3>\r\n\t\t\t\t\t\t\t\t\t<p class=\"position\">Investor<\/p>\r\n\t\t\t\t\t\t\t\t\t<p class=\"position\">Tj\u00f8me, Norway<\/p>\r\n\t\t\t\t\t\t\t\t\t<div style=\"clear:both;\"><\/div>\r\n\t\t\t\t\t\t\t\t<\/div>\r\n\t\t\t\t\t\t\t\t<div class=\"person_info\">\r\n\t\t\t\t\t\t\t\t\t<p><p class=\"p1\"><span class=\"s1\">\"Mitt kapital sk\u00f6ts av \u00e4rliga och skickliga r\u00e5dgivare. De lyssnar p\u00e5 mig och ger kloka och tydliga r\u00e5d. Jag \u00e4r \u00f6vertygad om att min portf\u00f6lj kommer att forts\u00e4tta sin stabila tillv\u00e4xt och hanteras enligt plan, i linje med mina behov, s\u00e5 jag inte beh\u00f6ver oroa mig f\u00f6r den. Portf\u00f6ljen \u00e4r robust j\u00e4mf\u00f6rt med andra investeringar och ger mig tid att fokusera p\u00e5 andra saker som \u00e4r viktiga i livet<\/span><span class=\"s1\">.\"<\/span><\/p><\/p>\r\n\t\t\t\t\t\t\t\t<\/div>\r\n\t\t\t\t\t\t\t<\/div><div class=\"testimonial_single\">\r\n\t\t\t\t\t\t\t\t<div class=\"img_section\">\r\n\t\t\t\t\t\t\t\t\t<img decoding=\"async\" src=\"https:\/\/www.connectum.no\/wp-content\/uploads\/2017\/03\/Nils-og-ingeborg-atteraas.png\" alt=\"1\" \/>\r\n\t\t\t\t\t\t\t\t\t<h3 class=\"title\">Nils &#038; Ingeborg Atter\u00e5s<\/h3>\r\n\t\t\t\t\t\t\t\t\t<p class=\"position\">Grundare och f d del\u00e4ger i LAB<\/p>\r\n\t\t\t\t\t\t\t\t\t<p class=\"position\">Fana\/Bergen<\/p>\r\n\t\t\t\t\t\t\t\t\t<div style=\"clear:both;\"><\/div>\r\n\t\t\t\t\t\t\t\t<\/div>\r\n\t\t\t\t\t\t\t\t<div class=\"person_info\">\r\n\t\t\t\t\t\t\t\t\t<p>\u201dEfter f\u00f6rs\u00e4ljningen av v\u00e5r andel av Larsen, Atter\u00e5s og Brosvik AS (LAB) upplevde vi att v\u00e5r bank under m\u00e5nga \u00e5r mest var intresserad av att s\u00e4lja produkter till oss.\r\n\r\nI Connectum har vi m\u00f6tt m\u00e4nniskor som visar uppriktigt intresse f\u00f6r vad som \u00e4r b\u00e4st f\u00f6r oss. De har i m\u00e5nga \u00e5r varit familjens r\u00e5dgivare och vi \u00e4r v\u00e4ldigt n\u00f6jda med b\u00e5de portf\u00f6ljen och s\u00e4ttet vi tas om hand p\u00e5.\u201d<\/p>\r\n\t\t\t\t\t\t\t\t<\/div>\r\n\t\t\t\t\t\t\t<\/div><div class=\"testimonial_single\">\r\n\t\t\t\t\t\t\t\t<div class=\"img_section\">\r\n\t\t\t\t\t\t\t\t\t<img decoding=\"async\" src=\"https:\/\/www.connectum.no\/wp-content\/uploads\/2017\/03\/Avatar_Connectum.png\" alt=\"1\" \/>\r\n\t\t\t\t\t\t\t\t\t<h3 class=\"title\">Otto R. Norland<\/h3>\r\n\t\t\t\t\t\t\t\t\t<p class=\"position\">Tidligare VD, Hambros Bank, London<\/p>\r\n\t\t\t\t\t\t\t\t\t<p class=\"position\">London<\/p>\r\n\t\t\t\t\t\t\t\t\t<div style=\"clear:both;\"><\/div>\r\n\t\t\t\t\t\t\t\t<\/div>\r\n\t\t\t\t\t\t\t\t<div class=\"person_info\">\r\n\t\t\t\t\t\t\t\t\t<p>\u201dVi \u00e4r verkligen tacksamma f\u00f6r vad Connectum utr\u00e4ttat f\u00f6r oss med omstruktureringen av v\u00e5ra aff\u00e4rer i Norge och England, och sitt personliga engagemang. Som tidigare merchant banker vet jag att v\u00e4rdes\u00e4tta professionalitet i toppklass.\u201d<\/p>\r\n\t\t\t\t\t\t\t\t<\/div>\r\n\t\t\t\t\t\t\t<\/div><div class=\"testimonial_single\">\r\n\t\t\t\t\t\t\t\t<div class=\"img_section\">\r\n\t\t\t\t\t\t\t\t\t<img decoding=\"async\" src=\"https:\/\/www.connectum.no\/wp-content\/uploads\/2017\/03\/Avatar_Connectum.png\" alt=\"1\" \/>\r\n\t\t\t\t\t\t\t\t\t<h3 class=\"title\">Paddy Shanahan<\/h3>\r\n\t\t\t\t\t\t\t\t\t<p class=\"position\">Partner Pesanto Capital LLP \/ Tidligare VD, Deutsche Bank Global Equities, New York <\/p>\r\n\t\t\t\t\t\t\t\t\t<p class=\"position\">Dublin<\/p>\r\n\t\t\t\t\t\t\t\t\t<div style=\"clear:both;\"><\/div>\r\n\t\t\t\t\t\t\t\t<\/div>\r\n\t\t\t\t\t\t\t\t<div class=\"person_info\">\r\n\t\t\t\t\t\t\t\t\t<p>\u201dConnectum levererar f\u00f6rstklassig finansiell r\u00e5dgivning befriad fr\u00e5n intressekonflikter. De har f\u00f6rvaltat mina finansiella tillg\u00e5ngar i turbulenta marknader med konservativa, genomt\u00e4nkta strategier som forts\u00e4tter att skydda min f\u00f6rm\u00f6genhet. Jag rekommenderar dem utan f\u00f6rbeh\u00e5ll till var och en som s\u00f6ker en f\u00f6rstklassig oberoende investeringsr\u00e5dgivare.\u201d<\/p>\r\n\t\t\t\t\t\t\t\t<\/div>\r\n\t\t\t\t\t\t\t<\/div><\/div><div class=\"pagenav\"><ul class=\"pagination\"><li class=\"current\">1<\/li><li><a href=\"https:\/\/www.connectum.no\/sv\/wp-json\/wp\/v2\/pages\/874\/page\/2\/\">2<\/a><\/li><li><a href=\"https:\/\/www.connectum.no\/sv\/wp-json\/wp\/v2\/pages\/874\/page\/3\/\">3<\/a><\/li><li class=\"nextbtn\"><a href=\"https:\/\/www.connectum.no\/sv\/wp-json\/wp\/v2\/pages\/874\/page\/2\/\"><i class=\"fa fa-chevron-right\"><\/i><\/a><\/li><\/ul><\/div>\n[\/vc_column_text][\/vc_column_inner][\/vc_row_inner][\/vc_column][\/vc_row][vc_row css=&#8221;.vc_custom_1492134704469{margin-right: 0px !important;margin-left: 0px !important;padding-right: 0px !important;padding-left: 0px !important;background-color: #337988 !important;}&#8221; el_class=&#8221;padding-55&#8243;][vc_column][vc_row_inner el_class=&#8221;row-1180&#8243;][vc_column_inner][vc_column_text]<\/p>\n<h5 class=\"p1\" style=\"text-align: center;\"><span style=\"color: #ffffff;\"><b>Vill du bli b\u00e4ttre bekant med oss &#8211; eller vill du veta mer?<\/b><\/span><\/h5>\n<p>&nbsp;<\/p>\n<p>&nbsp;<\/p>\n<p class=\"p1\" style=\"text-align: center;\">\n<div class=\"wpcf7 no-js\" id=\"wpcf7-f578-o1\" lang=\"en-US\" dir=\"ltr\" data-wpcf7-id=\"578\">\n<div class=\"screen-reader-response\"><p role=\"status\" aria-live=\"polite\" aria-atomic=\"true\"><\/p> <ul><\/ul><\/div>\n<form action=\"\/sv\/wp-json\/wp\/v2\/pages\/874#wpcf7-f578-o1\" method=\"post\" class=\"wpcf7-form init\" aria-label=\"Contact form\" novalidate=\"novalidate\" data-status=\"init\">\n<div style=\"display: none;\">\n<input type=\"hidden\" name=\"_wpcf7\" value=\"578\" \/>\n<input type=\"hidden\" name=\"_wpcf7_version\" value=\"6.0.3\" \/>\n<input type=\"hidden\" name=\"_wpcf7_locale\" value=\"en_US\" \/>\n<input type=\"hidden\" name=\"_wpcf7_unit_tag\" value=\"wpcf7-f578-o1\" \/>\n<input type=\"hidden\" name=\"_wpcf7_container_post\" value=\"0\" \/>\n<input type=\"hidden\" name=\"_wpcf7_posted_data_hash\" value=\"\" \/>\n<input type=\"hidden\" name=\"_wpcf7_recaptcha_response\" value=\"\" \/>\n<\/div>\n<div class=\"line-50\">\n\t<p><span class=\"wpcf7-form-control-wrap\" data-name=\"text-738\"><input size=\"40\" maxlength=\"400\" class=\"wpcf7-form-control wpcf7-text wpcf7-validates-as-required\" aria-required=\"true\" aria-invalid=\"false\" placeholder=\"Namn*\" value=\"\" type=\"text\" name=\"text-738\" \/><\/span>\n\t<\/p>\n<\/div>\n<div class=\"line-50\">\n\t<p><span class=\"wpcf7-form-control-wrap\" data-name=\"tel-147\"><input size=\"40\" maxlength=\"400\" class=\"wpcf7-form-control wpcf7-tel wpcf7-validates-as-required wpcf7-text wpcf7-validates-as-tel\" aria-required=\"true\" aria-invalid=\"false\" placeholder=\"Telefon*\" value=\"\" type=\"tel\" name=\"tel-147\" \/><\/span>\n\t<\/p>\n<\/div>\n<div>\n\t<p><span class=\"wpcf7-form-control-wrap\" data-name=\"email-507\"><input size=\"40\" maxlength=\"400\" class=\"wpcf7-form-control wpcf7-email wpcf7-validates-as-required wpcf7-text wpcf7-validates-as-email\" aria-required=\"true\" aria-invalid=\"false\" placeholder=\"E-post*\" value=\"\" type=\"email\" name=\"email-507\" \/><\/span>\n\t<\/p>\n<\/div>\n<div>\n\t<p><span class=\"wpcf7-form-control-wrap\" data-name=\"textarea-704\"><textarea cols=\"40\" rows=\"5\" maxlength=\"2000\" class=\"wpcf7-form-control wpcf7-textarea\" aria-invalid=\"false\" placeholder=\"Kort beskrivning av dina behov\" name=\"textarea-704\"><\/textarea><\/span>\n\t<\/p>\n<\/div>\n<div class=\"checkbox\">\n\t<p><span class=\"wpcf7-form-control-wrap\" data-name=\"opt-in\"><span class=\"wpcf7-form-control wpcf7-checkbox\"><span class=\"wpcf7-list-item first last\"><label><input type=\"checkbox\" name=\"opt-in[]\" value=\"Ja, jag skulle vilja f\u00e5 Connectum nyhetsbrev.\" \/><span class=\"wpcf7-list-item-label\">Ja, jag skulle vilja f\u00e5 Connectum nyhetsbrev.<\/span><\/label><\/span><\/span><\/span>\n\t<\/p>\n<\/div>\n<p><script>\n document.addEventListener('DOMContentLoaded', function(){\n var $ = jQuery;\n setTimeout(\n function() {\n $('form.wpcf7-form input[type=\"submit\"').prop( \"disabled\", false );\n $('.specagreecheckbox').prop('checked', false);\n }, 5000);\n });\n<\/script>\n<\/p>\n<style>\n .specagree {display:none}\n<\/style>\n<div class=\"specagree\">\n\t<p><span class=\"wpcf7-form-control-wrap\" data-name=\"agree\"><span class=\"wpcf7-form-control wpcf7-acceptance invert\"><span class=\"wpcf7-list-item\"><input type=\"checkbox\" name=\"agree\" value=\"1\" checked=\"checked\" class=\"specagreecheckbox\" aria-invalid=\"false\" \/><\/span><\/span><\/span>\n\t<\/p>\n<\/div>\n<div class=\"one_line\">\n\t<div class=\"google_recaptcha\">\n\t\n\t<\/div>\n\t<div class=\"submit_btn\">\n\t\t<p><input class=\"wpcf7-form-control wpcf7-submit has-spinner button-green with-arrow\" type=\"submit\" value=\"Bli kontaktad\" \/>\n\t\t<\/p>\n\t<\/div>\n<\/div><div class=\"wpcf7-response-output\" aria-hidden=\"true\"><\/div>\n<\/form>\n<\/div>\n<p>\u00a0[\/vc_column_text][\/vc_column_inner][\/vc_row_inner][\/vc_column][\/vc_row]<\/p>\n<\/section>","protected":false},"excerpt":{"rendered":"<p>[vc_row css=&#8221;.vc_custom_1492134546727{margin-right: 0px !important;margin-left: 0px !important;padding-right: 0px !important;padding-left: 0px !important;background-color: #f0f0f0 !important;}&#8221; el_class=&#8221;padding-55&#8243;][vc_column css=&#8221;.vc_custom_1490381796763{padding-right: 0px !important;padding-left: 0px !important;}&#8221;][vc_row_inner el_class=&#8221;row-1180&#8243;][vc_column_inner][vc_column_text css=&#8221;.vc_custom_1503484529302{margin-bottom: 0px !important;padding-right: 0px !important;padding-left: 0px !important;}&#8221;] Detta s\u00e4ger v\u00e5ra kunder [\/vc_column_text][\/vc_column_inner][\/vc_row_inner][\/vc_column][\/vc_row][vc_row css=&#8221;.vc_custom_1492134842103{margin-top: 0px !important;margin-right: 0px !important;margin-bottom: 0px !important;margin-left: 0px !important;padding-top: 0px !important;padding-right: 0px !important;padding-left: 0px !important;background-color: #f0f0f0 !important;}&#8221; el_class=&#8221;padding-b-55&#8243;][vc_column][vc_row_inner el_class=&#8221;row-1180&#8243; css=&#8221;.vc_custom_1489624828730{margin-top: 0px !important;padding-top: 0px !important;}&#8221;][vc_column_inner [&hellip;]<\/p>\n","protected":false},"author":1,"featured_media":0,"parent":0,"menu_order":0,"comment_status":"closed","ping_status":"closed","template":"","meta":{"_acf_changed":false,"footnotes":""},"class_list":["post-874","page","type-page","status-publish","hentry"],"acf":[],"yoast_head":"<!-- This site is optimized with the Yoast SEO plugin v24.3 - https:\/\/yoast.com\/wordpress\/plugins\/seo\/ -->\n<title>Referenser - Connectum<\/title>\n<meta name=\"robots\" content=\"index, follow, max-snippet:-1, max-image-preview:large, max-video-preview:-1\" \/>\n<link rel=\"canonical\" href=\"https:\/\/connectum.no\/sv\/referenser\/\" \/>\n<meta property=\"og:locale\" content=\"sv_SE\" \/>\n<meta property=\"og:type\" content=\"article\" \/>\n<meta property=\"og:title\" content=\"Referenser - Connectum\" \/>\n<meta property=\"og:description\" content=\"[vc_row css=&#8221;.vc_custom_1492134546727{margin-right: 0px !important;margin-left: 0px !important;padding-right: 0px !important;padding-left: 0px !important;background-color: #f0f0f0 !important;}&#8221; el_class=&#8221;padding-55&#8243;][vc_column css=&#8221;.vc_custom_1490381796763{padding-right: 0px !important;padding-left: 0px !important;}&#8221;][vc_row_inner el_class=&#8221;row-1180&#8243;][vc_column_inner][vc_column_text css=&#8221;.vc_custom_1503484529302{margin-bottom: 0px !important;padding-right: 0px !important;padding-left: 0px !important;}&#8221;] Detta s\u00e4ger v\u00e5ra kunder [\/vc_column_text][\/vc_column_inner][\/vc_row_inner][\/vc_column][\/vc_row][vc_row css=&#8221;.vc_custom_1492134842103{margin-top: 0px !important;margin-right: 0px !important;margin-bottom: 0px !important;margin-left: 0px !important;padding-top: 0px !important;padding-right: 0px !important;padding-left: 0px !important;background-color: #f0f0f0 !important;}&#8221; el_class=&#8221;padding-b-55&#8243;][vc_column][vc_row_inner el_class=&#8221;row-1180&#8243; css=&#8221;.vc_custom_1489624828730{margin-top: 0px !important;padding-top: 0px !important;}&#8221;][vc_column_inner [&hellip;]\" \/>\n<meta property=\"og:url\" content=\"https:\/\/connectum.no\/sv\/referenser\/\" \/>\n<meta property=\"og:site_name\" content=\"Connectum\" \/>\n<meta property=\"article:modified_time\" content=\"2021-04-14T11:27:47+00:00\" \/>\n<meta name=\"twitter:card\" content=\"summary_large_image\" \/>\n<meta name=\"twitter:label1\" content=\"Ber\u00e4knad l\u00e4stid\" \/>\n\t<meta name=\"twitter:data1\" content=\"1 minut\" \/>\n<script type=\"application\/ld+json\" class=\"yoast-schema-graph\">{\"@context\":\"https:\/\/schema.org\",\"@graph\":[{\"@type\":\"WebPage\",\"@id\":\"https:\/\/connectum.no\/sv\/referenser\/\",\"url\":\"https:\/\/connectum.no\/sv\/referenser\/\",\"name\":\"Referenser - Connectum\",\"isPartOf\":{\"@id\":\"https:\/\/connectum.no\/#website\"},\"datePublished\":\"2017-06-26T11:45:55+00:00\",\"dateModified\":\"2021-04-14T11:27:47+00:00\",\"breadcrumb\":{\"@id\":\"https:\/\/connectum.no\/sv\/referenser\/#breadcrumb\"},\"inLanguage\":\"sv-SE\",\"potentialAction\":[{\"@type\":\"ReadAction\",\"target\":[\"https:\/\/connectum.no\/sv\/referenser\/\"]}]},{\"@type\":\"BreadcrumbList\",\"@id\":\"https:\/\/connectum.no\/sv\/referenser\/#breadcrumb\",\"itemListElement\":[{\"@type\":\"ListItem\",\"position\":1,\"name\":\"Home\",\"item\":\"https:\/\/connectum.no\/sv\/\"},{\"@type\":\"ListItem\",\"position\":2,\"name\":\"Referenser\"}]},{\"@type\":\"WebSite\",\"@id\":\"https:\/\/connectum.no\/#website\",\"url\":\"https:\/\/connectum.no\/\",\"name\":\"Connectum\",\"description\":\"Family Wealth Management\",\"potentialAction\":[{\"@type\":\"SearchAction\",\"target\":{\"@type\":\"EntryPoint\",\"urlTemplate\":\"https:\/\/connectum.no\/?s={search_term_string}\"},\"query-input\":{\"@type\":\"PropertyValueSpecification\",\"valueRequired\":true,\"valueName\":\"search_term_string\"}}],\"inLanguage\":\"sv-SE\"}]}<\/script>\n<!-- \/ Yoast SEO plugin. -->","yoast_head_json":{"title":"Referenser - Connectum","robots":{"index":"index","follow":"follow","max-snippet":"max-snippet:-1","max-image-preview":"max-image-preview:large","max-video-preview":"max-video-preview:-1"},"canonical":"https:\/\/connectum.no\/sv\/referenser\/","og_locale":"sv_SE","og_type":"article","og_title":"Referenser - Connectum","og_description":"[vc_row css=&#8221;.vc_custom_1492134546727{margin-right: 0px !important;margin-left: 0px !important;padding-right: 0px !important;padding-left: 0px !important;background-color: #f0f0f0 !important;}&#8221; el_class=&#8221;padding-55&#8243;][vc_column css=&#8221;.vc_custom_1490381796763{padding-right: 0px !important;padding-left: 0px !important;}&#8221;][vc_row_inner el_class=&#8221;row-1180&#8243;][vc_column_inner][vc_column_text css=&#8221;.vc_custom_1503484529302{margin-bottom: 0px !important;padding-right: 0px !important;padding-left: 0px !important;}&#8221;] Detta s\u00e4ger v\u00e5ra kunder [\/vc_column_text][\/vc_column_inner][\/vc_row_inner][\/vc_column][\/vc_row][vc_row css=&#8221;.vc_custom_1492134842103{margin-top: 0px !important;margin-right: 0px !important;margin-bottom: 0px !important;margin-left: 0px !important;padding-top: 0px !important;padding-right: 0px !important;padding-left: 0px !important;background-color: #f0f0f0 !important;}&#8221; el_class=&#8221;padding-b-55&#8243;][vc_column][vc_row_inner el_class=&#8221;row-1180&#8243; css=&#8221;.vc_custom_1489624828730{margin-top: 0px !important;padding-top: 0px !important;}&#8221;][vc_column_inner [&hellip;]","og_url":"https:\/\/connectum.no\/sv\/referenser\/","og_site_name":"Connectum","article_modified_time":"2021-04-14T11:27:47+00:00","twitter_card":"summary_large_image","twitter_misc":{"Ber\u00e4knad l\u00e4stid":"1 minut"},"schema":{"@context":"https:\/\/schema.org","@graph":[{"@type":"WebPage","@id":"https:\/\/connectum.no\/sv\/referenser\/","url":"https:\/\/connectum.no\/sv\/referenser\/","name":"Referenser - Connectum","isPartOf":{"@id":"https:\/\/connectum.no\/#website"},"datePublished":"2017-06-26T11:45:55+00:00","dateModified":"2021-04-14T11:27:47+00:00","breadcrumb":{"@id":"https:\/\/connectum.no\/sv\/referenser\/#breadcrumb"},"inLanguage":"sv-SE","potentialAction":[{"@type":"ReadAction","target":["https:\/\/connectum.no\/sv\/referenser\/"]}]},{"@type":"BreadcrumbList","@id":"https:\/\/connectum.no\/sv\/referenser\/#breadcrumb","itemListElement":[{"@type":"ListItem","position":1,"name":"Home","item":"https:\/\/connectum.no\/sv\/"},{"@type":"ListItem","position":2,"name":"Referenser"}]},{"@type":"WebSite","@id":"https:\/\/connectum.no\/#website","url":"https:\/\/connectum.no\/","name":"Connectum","description":"Family Wealth Management","potentialAction":[{"@type":"SearchAction","target":{"@type":"EntryPoint","urlTemplate":"https:\/\/connectum.no\/?s={search_term_string}"},"query-input":{"@type":"PropertyValueSpecification","valueRequired":true,"valueName":"search_term_string"}}],"inLanguage":"sv-SE"}]}},"_links":{"self":[{"href":"https:\/\/www.connectum.no\/sv\/wp-json\/wp\/v2\/pages\/874","targetHints":{"allow":["GET"]}}],"collection":[{"href":"https:\/\/www.connectum.no\/sv\/wp-json\/wp\/v2\/pages"}],"about":[{"href":"https:\/\/www.connectum.no\/sv\/wp-json\/wp\/v2\/types\/page"}],"author":[{"embeddable":true,"href":"https:\/\/www.connectum.no\/sv\/wp-json\/wp\/v2\/users\/1"}],"replies":[{"embeddable":true,"href":"https:\/\/www.connectum.no\/sv\/wp-json\/wp\/v2\/comments?post=874"}],"version-history":[{"count":14,"href":"https:\/\/www.connectum.no\/sv\/wp-json\/wp\/v2\/pages\/874\/revisions"}],"predecessor-version":[{"id":3247,"href":"https:\/\/www.connectum.no\/sv\/wp-json\/wp\/v2\/pages\/874\/revisions\/3247"}],"wp:attachment":[{"href":"https:\/\/www.connectum.no\/sv\/wp-json\/wp\/v2\/media?parent=874"}],"curies":[{"name":"wp","href":"https:\/\/api.w.org\/{rel}","templated":true}]}}