{"id":916,"date":"2017-06-27T11:16:24","date_gmt":"2017-06-27T11:16:24","guid":{"rendered":"https:\/\/www.connectum.no\/?page_id=916&#038;lang=sv"},"modified":"2024-09-05T15:49:19","modified_gmt":"2024-09-05T15:49:19","slug":"investeringsfilosofi","status":"publish","type":"page","link":"https:\/\/www.connectum.no\/sv\/investeringsfilosofi\/","title":{"rendered":"Investeringsfilosofi"},"content":{"rendered":"<section class=\"wpb-content-wrapper\"><p>[vc_row el_class=&#8221;row-1180 padding-90-25&#8243;][vc_column css=&#8221;.vc_custom_1490048407895{padding-right: 0px !important;padding-left: 0px !important;}&#8221;][vc_column_text]<\/p>\n<h1 class=\"mobile-align-left\" style=\"text-align: center; margin-bottom: 25px;\">Investeringsfilosofi<\/h1>\n<h4 class=\"extra-padding mobile-align-left\" style=\"text-align: center;\">Det \u00e4r kanske inte s\u00e5 vanligt att prata om filosofi och pengar i samma andetag, men vi \u00e4r inte n\u00e5got vanligt f\u00f6retag. V\u00e5r filosofi kan sammanfattas i tv\u00e5 punkter som f\u00f6rklarar hur vi ser p\u00e5 kapital och f\u00f6rvaltningen av det.<\/h4>\n<p>[\/vc_column_text][\/vc_column][\/vc_row][vc_row el_class=&#8221;row-1180&#8243; css=&#8221;.vc_custom_1490562091446{padding-bottom: 55px !important;}&#8221;][vc_column][vc_row_inner css=&#8221;.vc_custom_1490048745144{margin-right: 0px !important;margin-left: 0px !important;padding-right: 0px !important;padding-left: 0px !important;}&#8221;][vc_column_inner width=&#8221;2\/3&#8243; css=&#8221;.vc_custom_1490048795632{margin-right: 0px !important;margin-left: 0px !important;padding-right: 50px !important;padding-left: 0px !important;}&#8221;][vc_column_text]<\/p>\n<h3 style=\"margin-top: 0;\">\u201dReturn on life\u201d<\/h3>\n<p>Pengar \u00e4r inte n\u00e5got m\u00e5l i sig, men det \u00e4r ett medel som kan ge ett gott liv. D\u00e4rf\u00f6r menar vi att det \u00e4r viktigare att fokusera p\u00e5 det vi kallar return on life framf\u00f6r return on investment. Det betyder inte att du inte ska f\u00e5 god avkastning p\u00e5 dina investeringar, tv\u00e4rtom, men om du fokuserar f\u00f6r mycket p\u00e5 avkastningen kan det leda till fel beslut.<\/p>\n<h3>Planer \u00e4r b\u00e4ttre \u00e4n produkter<\/h3>\n<p>F\u00f6r att ditt kapital ska kunna ge dig ett gott liv, beh\u00f6ver du en bra blan. Du beh\u00f6ver vara disciplinerad och l\u00e5ngsiktig, samt acceptera att det inte finns n\u00e5gra genv\u00e4gar. Och du beh\u00f6ver vara s\u00e4ker p\u00e5 att din plan \u00e4r den r\u00e4tta f\u00f6r dig. D\u00e4rf\u00f6r erbjuder vi inte f\u00e4rdiga investeringsprodukter eller paketl\u00f6sningar utan arbetar alltid utifr\u00e5n en plan som \u00e4r skr\u00e4ddarsydd f\u00f6r att s\u00e4kra det just du tycker \u00e4r v\u00e4rdefullt och viktigt.<\/p>\n<p class=\"p1\"><a href=\"https:\/\/www.connectum.no\/sv\/kontakta-oss\/\"><span class=\"s1\">Kontakta oss <\/span><span class=\"s2\">om du vill <\/span><span class=\"s1\">veta mer<\/span><\/a><\/p>\n<p>[\/vc_column_text][\/vc_column_inner][vc_column_inner width=&#8221;1\/3&#8243; css=&#8221;.vc_custom_1490048787729{margin-right: 0px !important;margin-left: 0px !important;padding-right: 0px !important;padding-left: 0px !important;}&#8221;][vc_column_text]<\/p>\n<h3 class=\"underline\">Relaterade sidor<\/h3>\n<p><a class=\"title with-arrow\" href=\"https:\/\/www.connectum.no\/sv\/vara-fordelar\/\">V\u00e5ra f\u00f6rdelar<\/a><\/p>\n<p><a class=\"title with-arrow\" href=\"https:\/\/www.connectum.no\/sv\/connectum-metoden\/\">Connectum-modellen<\/a><\/p>\n<p><a class=\"title with-arrow\" href=\"https:\/\/www.connectum.no\/sv\/om-oss\/\">Om oss<\/a>[\/vc_column_text][\/vc_column_inner][\/vc_row_inner][\/vc_column][\/vc_row][vc_row css=&#8221;.vc_custom_1492132969440{margin-right: 0px !important;margin-left: 0px !important;padding-right: 0px !important;padding-left: 0px !important;background-color: #337988 !important;}&#8221; el_class=&#8221;padding-55&#8243;][vc_column][vc_row_inner el_class=&#8221;row-1180&#8243;][vc_column_inner][vc_column_text]<\/p>\n<h5 class=\"white-color\" style=\"text-align: center;\">Vill du bli b\u00e4ttre bekant med oss &#8211; eller vill du veta mer?<\/h5>\n<p style=\"text-align: center; margin-top: 40px; font-family: 'libre_franklin_medium';\"><a class=\"btn-transparent with-arrow\" href=\"https:\/\/www.connectum.no\/sv\/kontakta-oss\/\">Bli kontaktad<\/a><\/p>\n<p>[\/vc_column_text][\/vc_column_inner][\/vc_row_inner][\/vc_column][\/vc_row][vc_row css=&#8221;.vc_custom_1490058648977{margin-right: 0px !important;margin-left: 0px !important;padding-top: 0px !important;padding-right: 0px !important;padding-bottom: 10px !important;padding-left: 0px !important;background-color: #f3f3f3 !important;}&#8221;][vc_column css=&#8221;.vc_custom_1490058666604{padding-top: 0px !important;padding-right: 0px !important;padding-bottom: 0px !important;padding-left: 0px !important;}&#8221;][vc_row_inner][vc_column_inner offset=&#8221;vc_hidden-lg vc_hidden-md vc_hidden-sm&#8221;][vc_column_text css=&#8221;.vc_custom_1492133026060{margin-bottom: 0px !important;}&#8221;]<img decoding=\"async\" style=\"width: 100%;\" src=\"https:\/\/www.connectum.no\/wp-content\/uploads\/2017\/03\/conn_secret_of_money.png\" alt=\"Secret of money\" \/>[\/vc_column_text][\/vc_column_inner][\/vc_row_inner][vc_row_inner el_class=&#8221;row-1180&#8243;][vc_column_inner width=&#8221;2\/3&#8243; css=&#8221;.vc_custom_1490564322831{padding-top: 0px !important;padding-right: 50px !important;padding-left: 0px !important;}&#8221; offset=&#8221;vc_col-xs-12&#8243;][vc_column_text]<\/p>\n<h2 class=\"margin-top-80\" style=\"margin-bottom: 15px;\">F\u00e5 f\u00f6rsta kapitlet gratis!<\/h2>\n<p>Boken \u201cThe 7 Secrets of Money\u201d ger dig insikt i hur du bygger upp dina investeringar och uppn\u00e5r dina m\u00e5l. Fyll i din e-postadress s\u00e5 skickar vi dig bokens f\u00f6rsta kapitel.<\/p>\n<div class=\"secret_of_money\">\n\t<section id=\"yikes-mailchimp-container-12\" class=\"yikes-mailchimp-container yikes-mailchimp-container-12 \">\n\t\t\t\t<form id=\"secret-of-money-sv-12\" class=\"yikes-easy-mc-form yikes-easy-mc-form-12 yikes-mailchimp-form-inline  \" method=\"POST\" data-attr-form-id=\"12\">\n\n\t\t\t\t\t\t\t\t\t\t\t\t\t<label for=\"yikes-easy-mc-form-12-EMAIL\"  class=\"label-inline EMAIL-label yikes-mailchimp-field-required \">\n\n\t\t\t\t\t\t\t\t\t\t<!-- dictate label visibility -->\n\t\t\t\t\t\t\t\t\t\t\n\t\t\t\t\t\t\t\t\t\t<!-- Description Above -->\n\t\t\t\t\t\t\t\t\t\t\n\t\t\t\t\t\t\t\t\t\t<input id=\"yikes-easy-mc-form-12-EMAIL\"  name=\"EMAIL\"  placeholder=\"E-\u00adpostadress\"  class=\"yikes-easy-mc-email field-no-label\"  required=\"required\" type=\"email\"  value=\"\">\n\n\t\t\t\t\t\t\t\t\t\t<!-- Description Below -->\n\t\t\t\t\t\t\t\t\t\t\n\t\t\t\t\t\t\t\t\t<\/label>\n\t\t\t\t\t\t\t\t\t<label class=\"yikes-mailchimp-eu-compliance-label\"><input type=\"checkbox\" required=\"required\" name=\"eu-laws\" value=\"1\" > <div class=\"yikes-mailchimp-eu-compliance-text\"><div id=\"magicdomid9\" class=\"\"><span class=\"author-hCNKNOp05o1S\">Ja, jag vill ta emot nyhetsbrev fr\u00e5n Connectum<\/span><\/div>\n<\/div><\/label>\n\t\t\t\t<!-- Honeypot Trap -->\n\t\t\t\t<input type=\"hidden\" name=\"yikes-mailchimp-honeypot\" id=\"yikes-mailchimp-honeypot-12\" value=\"\">\n\n\t\t\t\t<!-- List ID -->\n\t\t\t\t<input type=\"hidden\" name=\"yikes-mailchimp-associated-list-id\" id=\"yikes-mailchimp-associated-list-id-12\" value=\"29ee2356d4\">\n\n\t\t\t\t<!-- The form that is being submitted! Used to display error\/success messages above the correct form -->\n\t\t\t\t<input type=\"hidden\" name=\"yikes-mailchimp-submitted-form\" id=\"yikes-mailchimp-submitted-form-12\" value=\"12\">\n\n\t\t\t\t<!-- Submit Button -->\n\t\t\t\t<button type=\"submit\" class=\"yikes-easy-mc-submit-button yikes-easy-mc-submit-button-12 btn btn-primary transparent submit_btn\"> <span class=\"yikes-mailchimp-submit-button-span-text\">Skicka in<\/span><\/button>\t\t\t\t<!-- Nonce Security Check -->\n\t\t\t\t<input type=\"hidden\" id=\"yikes_easy_mc_new_subscriber_12\" name=\"yikes_easy_mc_new_subscriber\" value=\"570a2da23f\">\n\t\t\t\t<input type=\"hidden\" name=\"_wp_http_referer\" value=\"\/sv\/wp-json\/wp\/v2\/pages\/916\" \/>\n\t\t\t<\/form>\n\t\t\t<!-- Mailchimp Form generated by Easy Forms for Mailchimp v6.9.0 (https:\/\/wordpress.org\/plugins\/yikes-inc-easy-mailchimp-extender\/) -->\n\n\t\t\t<\/section>\n\t<\/div>\n<p>[\/vc_column_text][\/vc_column_inner][vc_column_inner width=&#8221;1\/3&#8243; css=&#8221;.vc_custom_1490562685871{margin-bottom: 0px !important;padding-right: 0px !important;padding-left: 0px !important;}&#8221; offset=&#8221;vc_hidden-sm vc_hidden-xs&#8221;][vc_column_text css=&#8221;.vc_custom_1490562557610{margin-bottom: 0px !important;}&#8221;]<img decoding=\"async\" style=\"width: 100%;\" src=\"https:\/\/www.connectum.no\/wp-content\/uploads\/2017\/03\/conn_secret_of_money.png\" alt=\"Secret of money\" \/>[\/vc_column_text][\/vc_column_inner][\/vc_row_inner][\/vc_column][\/vc_row]<\/p>\n<\/section>","protected":false},"excerpt":{"rendered":"<p>[vc_row el_class=&#8221;row-1180 padding-90-25&#8243;][vc_column css=&#8221;.vc_custom_1490048407895{padding-right: 0px !important;padding-left: 0px !important;}&#8221;][vc_column_text] Investeringsfilosofi Det \u00e4r kanske inte s\u00e5 vanligt att prata om filosofi och pengar i samma andetag, men vi \u00e4r inte n\u00e5got vanligt f\u00f6retag. V\u00e5r filosofi kan sammanfattas i tv\u00e5 punkter som f\u00f6rklarar hur vi ser p\u00e5 kapital och f\u00f6rvaltningen av det. [\/vc_column_text][\/vc_column][\/vc_row][vc_row el_class=&#8221;row-1180&#8243; css=&#8221;.vc_custom_1490562091446{padding-bottom: 55px !important;}&#8221;][vc_column][vc_row_inner css=&#8221;.vc_custom_1490048745144{margin-right: [&hellip;]<\/p>\n","protected":false},"author":1,"featured_media":4341,"parent":0,"menu_order":0,"comment_status":"closed","ping_status":"closed","template":"","meta":{"_acf_changed":false,"footnotes":""},"class_list":["post-916","page","type-page","status-publish","hentry"],"acf":[],"yoast_head":"<!-- This site is optimized with the Yoast SEO plugin v24.3 - https:\/\/yoast.com\/wordpress\/plugins\/seo\/ -->\n<title>Investeringsfilosofi - Connectum<\/title>\n<meta name=\"robots\" content=\"index, follow, max-snippet:-1, max-image-preview:large, max-video-preview:-1\" \/>\n<link rel=\"canonical\" href=\"https:\/\/connectum.no\/sv\/investeringsfilosofi\/\" \/>\n<meta property=\"og:locale\" content=\"sv_SE\" \/>\n<meta property=\"og:type\" content=\"article\" \/>\n<meta property=\"og:title\" content=\"Investeringsfilosofi - Connectum\" \/>\n<meta property=\"og:description\" content=\"[vc_row el_class=&#8221;row-1180 padding-90-25&#8243;][vc_column css=&#8221;.vc_custom_1490048407895{padding-right: 0px !important;padding-left: 0px !important;}&#8221;][vc_column_text] Investeringsfilosofi Det \u00e4r kanske inte s\u00e5 vanligt att prata om filosofi och pengar i samma andetag, men vi \u00e4r inte n\u00e5got vanligt f\u00f6retag. V\u00e5r filosofi kan sammanfattas i tv\u00e5 punkter som f\u00f6rklarar hur vi ser p\u00e5 kapital och f\u00f6rvaltningen av det. [\/vc_column_text][\/vc_column][\/vc_row][vc_row el_class=&#8221;row-1180&#8243; css=&#8221;.vc_custom_1490562091446{padding-bottom: 55px !important;}&#8221;][vc_column][vc_row_inner css=&#8221;.vc_custom_1490048745144{margin-right: [&hellip;]\" \/>\n<meta property=\"og:url\" content=\"https:\/\/connectum.no\/sv\/investeringsfilosofi\/\" \/>\n<meta property=\"og:site_name\" content=\"Connectum\" \/>\n<meta property=\"article:modified_time\" content=\"2024-09-05T15:49:19+00:00\" \/>\n<meta property=\"og:image\" content=\"https:\/\/connectum.no\/wp-content\/uploads\/2024\/02\/Bestemor_leker.jpg\" \/>\n\t<meta property=\"og:image:width\" content=\"2500\" \/>\n\t<meta property=\"og:image:height\" content=\"820\" \/>\n\t<meta property=\"og:image:type\" content=\"image\/jpeg\" \/>\n<meta name=\"twitter:card\" content=\"summary_large_image\" \/>\n<meta name=\"twitter:label1\" content=\"Ber\u00e4knad l\u00e4stid\" \/>\n\t<meta name=\"twitter:data1\" content=\"3 minuter\" \/>\n<script type=\"application\/ld+json\" class=\"yoast-schema-graph\">{\"@context\":\"https:\/\/schema.org\",\"@graph\":[{\"@type\":\"WebPage\",\"@id\":\"https:\/\/connectum.no\/sv\/investeringsfilosofi\/\",\"url\":\"https:\/\/connectum.no\/sv\/investeringsfilosofi\/\",\"name\":\"Investeringsfilosofi - Connectum\",\"isPartOf\":{\"@id\":\"https:\/\/connectum.no\/#website\"},\"primaryImageOfPage\":{\"@id\":\"https:\/\/connectum.no\/sv\/investeringsfilosofi\/#primaryimage\"},\"image\":{\"@id\":\"https:\/\/connectum.no\/sv\/investeringsfilosofi\/#primaryimage\"},\"thumbnailUrl\":\"https:\/\/www.connectum.no\/wp-content\/uploads\/2024\/02\/Bestemor_leker.jpg\",\"datePublished\":\"2017-06-27T11:16:24+00:00\",\"dateModified\":\"2024-09-05T15:49:19+00:00\",\"breadcrumb\":{\"@id\":\"https:\/\/connectum.no\/sv\/investeringsfilosofi\/#breadcrumb\"},\"inLanguage\":\"sv-SE\",\"potentialAction\":[{\"@type\":\"ReadAction\",\"target\":[\"https:\/\/connectum.no\/sv\/investeringsfilosofi\/\"]}]},{\"@type\":\"ImageObject\",\"inLanguage\":\"sv-SE\",\"@id\":\"https:\/\/connectum.no\/sv\/investeringsfilosofi\/#primaryimage\",\"url\":\"https:\/\/www.connectum.no\/wp-content\/uploads\/2024\/02\/Bestemor_leker.jpg\",\"contentUrl\":\"https:\/\/www.connectum.no\/wp-content\/uploads\/2024\/02\/Bestemor_leker.jpg\",\"width\":2500,\"height\":820},{\"@type\":\"BreadcrumbList\",\"@id\":\"https:\/\/connectum.no\/sv\/investeringsfilosofi\/#breadcrumb\",\"itemListElement\":[{\"@type\":\"ListItem\",\"position\":1,\"name\":\"Home\",\"item\":\"https:\/\/connectum.no\/sv\/\"},{\"@type\":\"ListItem\",\"position\":2,\"name\":\"Investeringsfilosofi\"}]},{\"@type\":\"WebSite\",\"@id\":\"https:\/\/connectum.no\/#website\",\"url\":\"https:\/\/connectum.no\/\",\"name\":\"Connectum\",\"description\":\"Family Wealth Management\",\"potentialAction\":[{\"@type\":\"SearchAction\",\"target\":{\"@type\":\"EntryPoint\",\"urlTemplate\":\"https:\/\/connectum.no\/?s={search_term_string}\"},\"query-input\":{\"@type\":\"PropertyValueSpecification\",\"valueRequired\":true,\"valueName\":\"search_term_string\"}}],\"inLanguage\":\"sv-SE\"}]}<\/script>\n<!-- \/ Yoast SEO plugin. -->","yoast_head_json":{"title":"Investeringsfilosofi - Connectum","robots":{"index":"index","follow":"follow","max-snippet":"max-snippet:-1","max-image-preview":"max-image-preview:large","max-video-preview":"max-video-preview:-1"},"canonical":"https:\/\/connectum.no\/sv\/investeringsfilosofi\/","og_locale":"sv_SE","og_type":"article","og_title":"Investeringsfilosofi - Connectum","og_description":"[vc_row el_class=&#8221;row-1180 padding-90-25&#8243;][vc_column css=&#8221;.vc_custom_1490048407895{padding-right: 0px !important;padding-left: 0px !important;}&#8221;][vc_column_text] Investeringsfilosofi Det \u00e4r kanske inte s\u00e5 vanligt att prata om filosofi och pengar i samma andetag, men vi \u00e4r inte n\u00e5got vanligt f\u00f6retag. V\u00e5r filosofi kan sammanfattas i tv\u00e5 punkter som f\u00f6rklarar hur vi ser p\u00e5 kapital och f\u00f6rvaltningen av det. [\/vc_column_text][\/vc_column][\/vc_row][vc_row el_class=&#8221;row-1180&#8243; css=&#8221;.vc_custom_1490562091446{padding-bottom: 55px !important;}&#8221;][vc_column][vc_row_inner css=&#8221;.vc_custom_1490048745144{margin-right: [&hellip;]","og_url":"https:\/\/connectum.no\/sv\/investeringsfilosofi\/","og_site_name":"Connectum","article_modified_time":"2024-09-05T15:49:19+00:00","og_image":[{"width":2500,"height":820,"url":"https:\/\/connectum.no\/wp-content\/uploads\/2024\/02\/Bestemor_leker.jpg","type":"image\/jpeg"}],"twitter_card":"summary_large_image","twitter_misc":{"Ber\u00e4knad l\u00e4stid":"3 minuter"},"schema":{"@context":"https:\/\/schema.org","@graph":[{"@type":"WebPage","@id":"https:\/\/connectum.no\/sv\/investeringsfilosofi\/","url":"https:\/\/connectum.no\/sv\/investeringsfilosofi\/","name":"Investeringsfilosofi - Connectum","isPartOf":{"@id":"https:\/\/connectum.no\/#website"},"primaryImageOfPage":{"@id":"https:\/\/connectum.no\/sv\/investeringsfilosofi\/#primaryimage"},"image":{"@id":"https:\/\/connectum.no\/sv\/investeringsfilosofi\/#primaryimage"},"thumbnailUrl":"https:\/\/www.connectum.no\/wp-content\/uploads\/2024\/02\/Bestemor_leker.jpg","datePublished":"2017-06-27T11:16:24+00:00","dateModified":"2024-09-05T15:49:19+00:00","breadcrumb":{"@id":"https:\/\/connectum.no\/sv\/investeringsfilosofi\/#breadcrumb"},"inLanguage":"sv-SE","potentialAction":[{"@type":"ReadAction","target":["https:\/\/connectum.no\/sv\/investeringsfilosofi\/"]}]},{"@type":"ImageObject","inLanguage":"sv-SE","@id":"https:\/\/connectum.no\/sv\/investeringsfilosofi\/#primaryimage","url":"https:\/\/www.connectum.no\/wp-content\/uploads\/2024\/02\/Bestemor_leker.jpg","contentUrl":"https:\/\/www.connectum.no\/wp-content\/uploads\/2024\/02\/Bestemor_leker.jpg","width":2500,"height":820},{"@type":"BreadcrumbList","@id":"https:\/\/connectum.no\/sv\/investeringsfilosofi\/#breadcrumb","itemListElement":[{"@type":"ListItem","position":1,"name":"Home","item":"https:\/\/connectum.no\/sv\/"},{"@type":"ListItem","position":2,"name":"Investeringsfilosofi"}]},{"@type":"WebSite","@id":"https:\/\/connectum.no\/#website","url":"https:\/\/connectum.no\/","name":"Connectum","description":"Family Wealth Management","potentialAction":[{"@type":"SearchAction","target":{"@type":"EntryPoint","urlTemplate":"https:\/\/connectum.no\/?s={search_term_string}"},"query-input":{"@type":"PropertyValueSpecification","valueRequired":true,"valueName":"search_term_string"}}],"inLanguage":"sv-SE"}]}},"_links":{"self":[{"href":"https:\/\/www.connectum.no\/sv\/wp-json\/wp\/v2\/pages\/916","targetHints":{"allow":["GET"]}}],"collection":[{"href":"https:\/\/www.connectum.no\/sv\/wp-json\/wp\/v2\/pages"}],"about":[{"href":"https:\/\/www.connectum.no\/sv\/wp-json\/wp\/v2\/types\/page"}],"author":[{"embeddable":true,"href":"https:\/\/www.connectum.no\/sv\/wp-json\/wp\/v2\/users\/1"}],"replies":[{"embeddable":true,"href":"https:\/\/www.connectum.no\/sv\/wp-json\/wp\/v2\/comments?post=916"}],"version-history":[{"count":9,"href":"https:\/\/www.connectum.no\/sv\/wp-json\/wp\/v2\/pages\/916\/revisions"}],"predecessor-version":[{"id":1433,"href":"https:\/\/www.connectum.no\/sv\/wp-json\/wp\/v2\/pages\/916\/revisions\/1433"}],"wp:featuredmedia":[{"embeddable":true,"href":"https:\/\/www.connectum.no\/sv\/wp-json\/wp\/v2\/media\/4341"}],"wp:attachment":[{"href":"https:\/\/www.connectum.no\/sv\/wp-json\/wp\/v2\/media?parent=916"}],"curies":[{"name":"wp","href":"https:\/\/api.w.org\/{rel}","templated":true}]}}