{"id":923,"date":"2017-06-27T11:20:29","date_gmt":"2017-06-27T11:20:29","guid":{"rendered":"https:\/\/www.connectum.no\/?page_id=923&#038;lang=sv"},"modified":"2017-08-23T10:33:19","modified_gmt":"2017-08-23T10:33:19","slug":"kontakta-oss","status":"publish","type":"page","link":"https:\/\/www.connectum.no\/sv\/kontakta-oss\/","title":{"rendered":"Kontakta oss"},"content":{"rendered":"<section class=\"wpb-content-wrapper\"><p>[vc_row css=&#8221;.vc_custom_1492120890465{margin-right: 0px !important;margin-left: 0px !important;padding-right: 0px !important;padding-left: 0px !important;background-color: #f3f3f3 !important;}&#8221; el_class=&#8221;padding-55&#8243;][vc_column][vc_row_inner el_class=&#8221;row-1180&#8243;][vc_column_inner css=&#8221;.vc_custom_1490119667494{padding-right: 0px !important;padding-left: 0px !important;}&#8221;][vc_column_text]<\/p>\n<h1 style=\"text-align: center;\">Vill du att vi kontaktar dig?<\/h1>\n<h4 style=\"text-align: center; margin-top: 20px;\">Fyll i formul\u00e4ret nedan s\u00e5 h\u00f6r vi av oss inom kort!<\/h4>\n<p>[\/vc_column_text][vc_column_text css=&#8221;.vc_custom_1498562299910{margin-top: 60px !important;padding-right: 0px !important;padding-left: 0px !important;}&#8221;]<\/p>\n<div class=\"contact_form\">\n<div class=\"wpcf7 no-js\" id=\"wpcf7-f578-o1\" lang=\"en-US\" dir=\"ltr\" data-wpcf7-id=\"578\">\n<div class=\"screen-reader-response\"><p role=\"status\" aria-live=\"polite\" aria-atomic=\"true\"><\/p> <ul><\/ul><\/div>\n<form action=\"\/sv\/wp-json\/wp\/v2\/pages\/923#wpcf7-f578-o1\" method=\"post\" class=\"wpcf7-form init\" aria-label=\"Contact form\" novalidate=\"novalidate\" data-status=\"init\">\n<div style=\"display: none;\">\n<input type=\"hidden\" name=\"_wpcf7\" value=\"578\" \/>\n<input type=\"hidden\" name=\"_wpcf7_version\" value=\"6.0.3\" \/>\n<input type=\"hidden\" name=\"_wpcf7_locale\" value=\"en_US\" \/>\n<input type=\"hidden\" name=\"_wpcf7_unit_tag\" value=\"wpcf7-f578-o1\" \/>\n<input type=\"hidden\" name=\"_wpcf7_container_post\" value=\"0\" \/>\n<input type=\"hidden\" name=\"_wpcf7_posted_data_hash\" value=\"\" \/>\n<input type=\"hidden\" name=\"_wpcf7_recaptcha_response\" value=\"\" \/>\n<\/div>\n<div class=\"line-50\">\n\t<p><span class=\"wpcf7-form-control-wrap\" data-name=\"text-738\"><input size=\"40\" maxlength=\"400\" class=\"wpcf7-form-control wpcf7-text wpcf7-validates-as-required\" aria-required=\"true\" aria-invalid=\"false\" placeholder=\"Namn*\" value=\"\" type=\"text\" name=\"text-738\" \/><\/span>\n\t<\/p>\n<\/div>\n<div class=\"line-50\">\n\t<p><span class=\"wpcf7-form-control-wrap\" data-name=\"tel-147\"><input size=\"40\" maxlength=\"400\" class=\"wpcf7-form-control wpcf7-tel wpcf7-validates-as-required wpcf7-text wpcf7-validates-as-tel\" aria-required=\"true\" aria-invalid=\"false\" placeholder=\"Telefon*\" value=\"\" type=\"tel\" name=\"tel-147\" \/><\/span>\n\t<\/p>\n<\/div>\n<div>\n\t<p><span class=\"wpcf7-form-control-wrap\" data-name=\"email-507\"><input size=\"40\" maxlength=\"400\" class=\"wpcf7-form-control wpcf7-email wpcf7-validates-as-required wpcf7-text wpcf7-validates-as-email\" aria-required=\"true\" aria-invalid=\"false\" placeholder=\"E-post*\" value=\"\" type=\"email\" name=\"email-507\" \/><\/span>\n\t<\/p>\n<\/div>\n<div>\n\t<p><span class=\"wpcf7-form-control-wrap\" data-name=\"textarea-704\"><textarea cols=\"40\" rows=\"5\" maxlength=\"2000\" class=\"wpcf7-form-control wpcf7-textarea\" aria-invalid=\"false\" placeholder=\"Kort beskrivning av dina behov\" name=\"textarea-704\"><\/textarea><\/span>\n\t<\/p>\n<\/div>\n<div class=\"checkbox\">\n\t<p><span class=\"wpcf7-form-control-wrap\" data-name=\"opt-in\"><span class=\"wpcf7-form-control wpcf7-checkbox\"><span class=\"wpcf7-list-item first last\"><label><input type=\"checkbox\" name=\"opt-in[]\" value=\"Ja, jag skulle vilja f\u00e5 Connectum nyhetsbrev.\" \/><span class=\"wpcf7-list-item-label\">Ja, jag skulle vilja f\u00e5 Connectum nyhetsbrev.<\/span><\/label><\/span><\/span><\/span>\n\t<\/p>\n<\/div>\n<p><script>\n document.addEventListener('DOMContentLoaded', function(){\n var $ = jQuery;\n setTimeout(\n function() {\n $('form.wpcf7-form input[type=\"submit\"').prop( \"disabled\", false );\n $('.specagreecheckbox').prop('checked', false);\n }, 5000);\n });\n<\/script>\n<\/p>\n<style>\n .specagree {display:none}\n<\/style>\n<div class=\"specagree\">\n\t<p><span class=\"wpcf7-form-control-wrap\" data-name=\"agree\"><span class=\"wpcf7-form-control wpcf7-acceptance invert\"><span class=\"wpcf7-list-item\"><input type=\"checkbox\" name=\"agree\" value=\"1\" checked=\"checked\" class=\"specagreecheckbox\" aria-invalid=\"false\" \/><\/span><\/span><\/span>\n\t<\/p>\n<\/div>\n<div class=\"one_line\">\n\t<div class=\"google_recaptcha\">\n\t\n\t<\/div>\n\t<div class=\"submit_btn\">\n\t\t<p><input class=\"wpcf7-form-control wpcf7-submit has-spinner button-green with-arrow\" type=\"submit\" value=\"Bli kontaktad\" \/>\n\t\t<\/p>\n\t<\/div>\n<\/div><div class=\"wpcf7-response-output\" aria-hidden=\"true\"><\/div>\n<\/form>\n<\/div>\n<\/div>\n<p>[\/vc_column_text][\/vc_column_inner][\/vc_row_inner][\/vc_column][\/vc_row][vc_row css=&#8221;.vc_custom_1490136865107{margin-top: 0px !important;margin-right: 0px !important;margin-bottom: 0px !important;margin-left: 0px !important;padding-top: 0px !important;padding-right: 0px !important;padding-bottom: 0px !important;padding-left: 0px !important;background-color: #32374b !important;}&#8221;][vc_column css=&#8221;.vc_custom_1490136876301{margin-top: 0px !important;margin-right: 0px !important;margin-bottom: 0px !important;margin-left: 0px !important;padding-top: 0px !important;padding-right: 0px !important;padding-bottom: 0px !important;padding-left: 0px !important;}&#8221;][vc_row_inner el_class=&#8221;map-row&#8221; css=&#8221;.vc_custom_1491206581894{margin-top: 0px !important;margin-bottom: 0px !important;padding-top: 0px !important;padding-bottom: 0px !important;}&#8221;][vc_column_inner width=&#8221;5\/12&#8243; css=&#8221;.vc_custom_1491206597407{padding-right: 0px !important;padding-left: 0px !important;}&#8221;][vc_column_text el_class=&#8221;margin-top-75&#8243;]<\/p>\n<h3 class=\"underline white-color\">Kontaktinfo<\/h3>\n<p class=\"white-color\" style=\"margin-bottom: 5px;\">Telefon: <a class=\"white-color\" href=\"tel:+47 22 12 46 40\">+47 22 12 46 40<\/a><\/p>\n<p class=\"white-color\">E-post: <a class=\"underline bold white-color\" href=\"mailto:info@connectum.no\">info@connectum.no<\/a><\/p>\n<p>[\/vc_column_text][vc_column_text css=&#8221;.vc_custom_1498674888602{margin-top: 40px !important;}&#8221; el_class=&#8221;margin-b-50&#8243;]<\/p>\n<h3 class=\"underline white-color\">Bes\u00f6k oss<\/h3>\n<p class=\"white-color\" style=\"margin-bottom: 5px;\">Karenslyst All\u00e9 4,<\/p>\n<p class=\"white-color\" style=\"margin-bottom: 5px;\">0278 Oslo, Norway<\/p>\n<p class=\"bold\"><a class=\"white-color\" href=\"https:\/\/www.google.no\/maps\/place\/Connectum+Capital+Management+AS\/@59.9185432,10.6839776,17z\/data=!3m1!4b1!4m5!3m4!1s0x46416dd5307102a1:0x36d71bdc174ddec0!8m2!3d59.9185405!4d10.6861663\" target=\"_blank\" rel=\"noopener\">Karta och v\u00e4gbeskrivning <i class=\"fa fa-angle-right\" style=\"margin-left: 5px;\"><\/i><\/a><\/p>\n<p>[\/vc_column_text][\/vc_column_inner][vc_column_inner el_class=&#8221;map-section&#8221; width=&#8221;7\/12&#8243; css=&#8221;.vc_custom_1491206606446{margin-top: 0px !important;margin-bottom: 0px !important;padding-top: 0px !important;padding-right: 0px !important;padding-bottom: 0px !important;padding-left: 0px !important;}&#8221;][vc_column_text css=&#8221;.vc_custom_1492123221188{margin-top: 0px !important;margin-bottom: 0px !important;padding-top: 0px !important;padding-right: 0px !important;padding-bottom: 0px !important;padding-left: 0px !important;}&#8221;]<\/p>\n<p class=\"map\" style=\"display: flex;\"><iframe style=\"border: 0;\" src=\"https:\/\/www.google.com\/maps\/embed\/v1\/place?key=AIzaSyD9wlJ1AY_TMb7AD9TOZcX02q9s9zXuaOE&amp;q=Karenlyst+All\u00e9+4,Oslo\" width=\"100%\" height=\"500\" frameborder=\"0\" allowfullscreen=\"allowfullscreen\" data-mce-fragment=\"1\"><br \/>\n<\/iframe><\/p>\n<p>[\/vc_column_text][\/vc_column_inner][\/vc_row_inner][\/vc_column][\/vc_row][vc_row css=&#8221;.vc_custom_1492122224162{margin-right: 0px !important;margin-left: 0px !important;padding-right: 0px !important;padding-left: 0px !important;background-color: #f3f3f3 !important;}&#8221; el_class=&#8221;padding-55&#8243;][vc_column][vc_row_inner el_class=&#8221;row-1180&#8243;][vc_column_inner css=&#8221;.vc_custom_1490138641110{padding-right: 0px !important;padding-left: 0px !important;}&#8221;][vc_column_text el_class=&#8221;margin-b-55&#8243;]<\/p>\n<h1 style=\"text-align: center;\">M\u00f6t Connectum-teamet<\/h1>\n<p>[\/vc_column_text]<div class=\"employee_list\"><div class=\"post_single\">\r\n\t\t\t\t\t\t\t\t<div class=\"post-content\">\r\n\t\t\t\t\t\t\t\t\t<div class=\"img_section\">\r\n\t\t\t\t\t\t\t\t\t\t<a href=\"https:\/\/www.connectum.no\/sv\/employee\/dr-nils-odd-tonnevold-2\/\">\r\n\t\t\t\t\t\t\t\t\t\t\t<img decoding=\"async\" src=\"https:\/\/www.connectum.no\/wp-content\/uploads\/2019\/12\/Ansattebilder_NilsOdd-360x360.jpg\" alt=\"1\" \/>\r\n\t\t\t\t\t\t\t\t\t\t<\/a>\r\n\t\t\t\t\t\t\t\t\t<\/div>\r\n\t\t\t\t\t\t\t\t\t<h3><a class=\"title\" href=\"https:\/\/www.connectum.no\/sv\/employee\/dr-nils-odd-tonnevold-2\/\">Dr. Nils Odd T\u00f8nnevold<\/a><\/h3>\r\n\t\t\t\t\t\t\t\t\t<p>Founding partner<\/p>\r\n\t\t\t\t\t\t\t\t\t<p><a href=\"tel:+47 922 01 626\">+47 922 01 626<\/a><\/p>\r\n\t\t\t\t\t\t\t\t\t<p><a class=\"title underline\" href=\"mailto:nils.tonnevold@connectum.no\">nils.tonnevold@connectum.no<\/a><\/p>\r\n\t\t\t\t\t\t\t\t<\/div>\r\n\t\t\t\t\t\t\t<\/div><div class=\"post_single\">\r\n\t\t\t\t\t\t\t\t<div class=\"post-content\">\r\n\t\t\t\t\t\t\t\t\t<div class=\"img_section\">\r\n\t\t\t\t\t\t\t\t\t\t<a href=\"https:\/\/www.connectum.no\/sv\/employee\/henrik-tell-2\/\">\r\n\t\t\t\t\t\t\t\t\t\t\t<img decoding=\"async\" src=\"https:\/\/www.connectum.no\/wp-content\/uploads\/2017\/06\/Henrik-1-360x360.jpg\" alt=\"1\" \/>\r\n\t\t\t\t\t\t\t\t\t\t<\/a>\r\n\t\t\t\t\t\t\t\t\t<\/div>\r\n\t\t\t\t\t\t\t\t\t<h3><a class=\"title\" href=\"https:\/\/www.connectum.no\/sv\/employee\/henrik-tell-2\/\">Henrik Tell<\/a><\/h3>\r\n\t\t\t\t\t\t\t\t\t<p>Representerar Connectum i Sverige<\/p>\r\n\t\t\t\t\t\t\t\t\t<p><a href=\"tel:+46 708 725 168\">+46 708 725 168<\/a><\/p>\r\n\t\t\t\t\t\t\t\t\t<p><a class=\"title underline\" href=\"mailto:henrik.tell@connectum.no\">henrik.tell@connectum.no<\/a><\/p>\r\n\t\t\t\t\t\t\t\t<\/div>\r\n\t\t\t\t\t\t\t<\/div><div class=\"post_single\">\r\n\t\t\t\t\t\t\t\t<div class=\"post-content\">\r\n\t\t\t\t\t\t\t\t\t<div class=\"img_section\">\r\n\t\t\t\t\t\t\t\t\t\t<a href=\"https:\/\/www.connectum.no\/sv\/employee\/richard-stott-2\/\">\r\n\t\t\t\t\t\t\t\t\t\t\t<img decoding=\"async\" src=\"https:\/\/www.connectum.no\/wp-content\/uploads\/2017\/06\/Richard-1-360x360.jpg\" alt=\"1\" \/>\r\n\t\t\t\t\t\t\t\t\t\t<\/a>\r\n\t\t\t\t\t\t\t\t\t<\/div>\r\n\t\t\t\t\t\t\t\t\t<h3><a class=\"title\" href=\"https:\/\/www.connectum.no\/sv\/employee\/richard-stott-2\/\">Richard Stott<\/a><\/h3>\r\n\t\t\t\t\t\t\t\t\t<p>CEO och Founding Partner<\/p>\r\n\t\t\t\t\t\t\t\t\t<p><a href=\"tel:+47 907 22 780\">+47 907 22 780<\/a><\/p>\r\n\t\t\t\t\t\t\t\t\t<p><a class=\"title underline\" href=\"mailto:richard.stott@connectum.no\">richard.stott@connectum.no<\/a><\/p>\r\n\t\t\t\t\t\t\t\t<\/div>\r\n\t\t\t\t\t\t\t<\/div><div class=\"post_single\">\r\n\t\t\t\t\t\t\t\t<div class=\"post-content\">\r\n\t\t\t\t\t\t\t\t\t<div class=\"img_section\">\r\n\t\t\t\t\t\t\t\t\t\t<a href=\"https:\/\/www.connectum.no\/sv\/employee\/mazen-younes\/\">\r\n\t\t\t\t\t\t\t\t\t\t\t<img decoding=\"async\" src=\"https:\/\/www.connectum.no\/wp-content\/uploads\/2020\/07\/Ansattebilder_360x360px_Mazen-360x360.jpg\" alt=\"1\" \/>\r\n\t\t\t\t\t\t\t\t\t\t<\/a>\r\n\t\t\t\t\t\t\t\t\t<\/div>\r\n\t\t\t\t\t\t\t\t\t<h3><a class=\"title\" href=\"https:\/\/www.connectum.no\/sv\/employee\/mazen-younes\/\">Mazen Younes<\/a><\/h3>\r\n\t\t\t\t\t\t\t\t\t<p>Analytiker<\/p>\r\n\t\t\t\t\t\t\t\t\t<p><a href=\"tel:+47 412 46 683\">+47 412 46 683<\/a><\/p>\r\n\t\t\t\t\t\t\t\t\t<p><a class=\"title underline\" href=\"mailto:mazen.younes@connectum.no\">mazen.younes@connectum.no<\/a><\/p>\r\n\t\t\t\t\t\t\t\t<\/div>\r\n\t\t\t\t\t\t\t<\/div><div class=\"post_single\">\r\n\t\t\t\t\t\t\t\t<div class=\"post-content\">\r\n\t\t\t\t\t\t\t\t\t<div class=\"img_section\">\r\n\t\t\t\t\t\t\t\t\t\t<a href=\"https:\/\/www.connectum.no\/sv\/employee\/karlo-basic\/\">\r\n\t\t\t\t\t\t\t\t\t\t\t<img decoding=\"async\" src=\"https:\/\/www.connectum.no\/wp-content\/uploads\/2020\/07\/Ansattebilder_360x360px_Karlo-360x360.jpg\" alt=\"1\" \/>\r\n\t\t\t\t\t\t\t\t\t\t<\/a>\r\n\t\t\t\t\t\t\t\t\t<\/div>\r\n\t\t\t\t\t\t\t\t\t<h3><a class=\"title\" href=\"https:\/\/www.connectum.no\/sv\/employee\/karlo-basic\/\">Karlo Basic<\/a><\/h3>\r\n\t\t\t\t\t\t\t\t\t<p>Analytiker<\/p>\r\n\t\t\t\t\t\t\t\t\t<p><a href=\"tel:+47 941 44 583\">+47 941 44 583<\/a><\/p>\r\n\t\t\t\t\t\t\t\t\t<p><a class=\"title underline\" href=\"mailto:karlo.basic@connectum.no\">karlo.basic@connectum.no<\/a><\/p>\r\n\t\t\t\t\t\t\t\t<\/div>\r\n\t\t\t\t\t\t\t<\/div><div class=\"post_single\">\r\n\t\t\t\t\t\t\t\t<div class=\"post-content\">\r\n\t\t\t\t\t\t\t\t\t<div class=\"img_section\">\r\n\t\t\t\t\t\t\t\t\t\t<a href=\"https:\/\/www.connectum.no\/sv\/employee\/thomas-l-halvorssen\/\">\r\n\t\t\t\t\t\t\t\t\t\t\t<img decoding=\"async\" src=\"https:\/\/www.connectum.no\/wp-content\/uploads\/2020\/02\/Thomas-360x360.jpg\" alt=\"1\" \/>\r\n\t\t\t\t\t\t\t\t\t\t<\/a>\r\n\t\t\t\t\t\t\t\t\t<\/div>\r\n\t\t\t\t\t\t\t\t\t<h3><a class=\"title\" href=\"https:\/\/www.connectum.no\/sv\/employee\/thomas-l-halvorssen\/\">Thomas L. Halvorssen<\/a><\/h3>\r\n\t\t\t\t\t\t\t\t\t<p>Administrativ Chef<\/p>\r\n\t\t\t\t\t\t\t\t\t<p><a href=\"tel:+47 488 95 683\">+47 488 95 683<\/a><\/p>\r\n\t\t\t\t\t\t\t\t\t<p><a class=\"title underline\" href=\"mailto:thomas.halvorssen@connectum.no\">thomas.halvorssen@connectum.no<\/a><\/p>\r\n\t\t\t\t\t\t\t\t<\/div>\r\n\t\t\t\t\t\t\t<\/div><div style=\"clear:both;\"><\/div><\/div>[\/vc_column_inner][\/vc_row_inner][\/vc_column][\/vc_row]<\/p>\n<\/section>","protected":false},"excerpt":{"rendered":"<p>[vc_row css=&#8221;.vc_custom_1492120890465{margin-right: 0px !important;margin-left: 0px !important;padding-right: 0px !important;padding-left: 0px !important;background-color: #f3f3f3 !important;}&#8221; el_class=&#8221;padding-55&#8243;][vc_column][vc_row_inner el_class=&#8221;row-1180&#8243;][vc_column_inner css=&#8221;.vc_custom_1490119667494{padding-right: 0px !important;padding-left: 0px !important;}&#8221;][vc_column_text] Vill du att vi kontaktar dig? Fyll i formul\u00e4ret nedan s\u00e5 h\u00f6r vi av oss inom kort! [\/vc_column_text][vc_column_text css=&#8221;.vc_custom_1498562299910{margin-top: 60px !important;padding-right: 0px !important;padding-left: 0px !important;}&#8221;] [\/vc_column_text][\/vc_column_inner][\/vc_row_inner][\/vc_column][\/vc_row][vc_row css=&#8221;.vc_custom_1490136865107{margin-top: 0px !important;margin-right: 0px !important;margin-bottom: 0px !important;margin-left: 0px !important;padding-top: 0px [&hellip;]<\/p>\n","protected":false},"author":1,"featured_media":0,"parent":0,"menu_order":0,"comment_status":"closed","ping_status":"closed","template":"","meta":{"_acf_changed":false,"footnotes":""},"class_list":["post-923","page","type-page","status-publish","hentry"],"acf":[],"yoast_head":"<!-- This site is optimized with the Yoast SEO plugin v24.3 - https:\/\/yoast.com\/wordpress\/plugins\/seo\/ -->\n<title>Kontakta oss - Connectum<\/title>\n<meta name=\"robots\" content=\"index, follow, max-snippet:-1, max-image-preview:large, max-video-preview:-1\" \/>\n<link rel=\"canonical\" href=\"https:\/\/connectum.no\/sv\/kontakta-oss\/\" \/>\n<meta property=\"og:locale\" content=\"sv_SE\" \/>\n<meta property=\"og:type\" content=\"article\" \/>\n<meta property=\"og:title\" content=\"Kontakta oss - Connectum\" \/>\n<meta property=\"og:description\" content=\"[vc_row css=&#8221;.vc_custom_1492120890465{margin-right: 0px !important;margin-left: 0px !important;padding-right: 0px !important;padding-left: 0px !important;background-color: #f3f3f3 !important;}&#8221; el_class=&#8221;padding-55&#8243;][vc_column][vc_row_inner el_class=&#8221;row-1180&#8243;][vc_column_inner css=&#8221;.vc_custom_1490119667494{padding-right: 0px !important;padding-left: 0px !important;}&#8221;][vc_column_text] Vill du att vi kontaktar dig? Fyll i formul\u00e4ret nedan s\u00e5 h\u00f6r vi av oss inom kort! [\/vc_column_text][vc_column_text css=&#8221;.vc_custom_1498562299910{margin-top: 60px !important;padding-right: 0px !important;padding-left: 0px !important;}&#8221;] [\/vc_column_text][\/vc_column_inner][\/vc_row_inner][\/vc_column][\/vc_row][vc_row css=&#8221;.vc_custom_1490136865107{margin-top: 0px !important;margin-right: 0px !important;margin-bottom: 0px !important;margin-left: 0px !important;padding-top: 0px [&hellip;]\" \/>\n<meta property=\"og:url\" content=\"https:\/\/connectum.no\/sv\/kontakta-oss\/\" \/>\n<meta property=\"og:site_name\" content=\"Connectum\" \/>\n<meta property=\"article:modified_time\" content=\"2017-08-23T10:33:19+00:00\" \/>\n<meta name=\"twitter:card\" content=\"summary_large_image\" \/>\n<meta name=\"twitter:label1\" content=\"Ber\u00e4knad l\u00e4stid\" \/>\n\t<meta name=\"twitter:data1\" content=\"2 minuter\" \/>\n<script type=\"application\/ld+json\" class=\"yoast-schema-graph\">{\"@context\":\"https:\/\/schema.org\",\"@graph\":[{\"@type\":\"WebPage\",\"@id\":\"https:\/\/connectum.no\/sv\/kontakta-oss\/\",\"url\":\"https:\/\/connectum.no\/sv\/kontakta-oss\/\",\"name\":\"Kontakta oss - Connectum\",\"isPartOf\":{\"@id\":\"https:\/\/connectum.no\/#website\"},\"datePublished\":\"2017-06-27T11:20:29+00:00\",\"dateModified\":\"2017-08-23T10:33:19+00:00\",\"breadcrumb\":{\"@id\":\"https:\/\/connectum.no\/sv\/kontakta-oss\/#breadcrumb\"},\"inLanguage\":\"sv-SE\",\"potentialAction\":[{\"@type\":\"ReadAction\",\"target\":[\"https:\/\/connectum.no\/sv\/kontakta-oss\/\"]}]},{\"@type\":\"BreadcrumbList\",\"@id\":\"https:\/\/connectum.no\/sv\/kontakta-oss\/#breadcrumb\",\"itemListElement\":[{\"@type\":\"ListItem\",\"position\":1,\"name\":\"Home\",\"item\":\"https:\/\/connectum.no\/sv\/\"},{\"@type\":\"ListItem\",\"position\":2,\"name\":\"Kontakta oss\"}]},{\"@type\":\"WebSite\",\"@id\":\"https:\/\/connectum.no\/#website\",\"url\":\"https:\/\/connectum.no\/\",\"name\":\"Connectum\",\"description\":\"Family Wealth Management\",\"potentialAction\":[{\"@type\":\"SearchAction\",\"target\":{\"@type\":\"EntryPoint\",\"urlTemplate\":\"https:\/\/connectum.no\/?s={search_term_string}\"},\"query-input\":{\"@type\":\"PropertyValueSpecification\",\"valueRequired\":true,\"valueName\":\"search_term_string\"}}],\"inLanguage\":\"sv-SE\"}]}<\/script>\n<!-- \/ Yoast SEO plugin. -->","yoast_head_json":{"title":"Kontakta oss - Connectum","robots":{"index":"index","follow":"follow","max-snippet":"max-snippet:-1","max-image-preview":"max-image-preview:large","max-video-preview":"max-video-preview:-1"},"canonical":"https:\/\/connectum.no\/sv\/kontakta-oss\/","og_locale":"sv_SE","og_type":"article","og_title":"Kontakta oss - Connectum","og_description":"[vc_row css=&#8221;.vc_custom_1492120890465{margin-right: 0px !important;margin-left: 0px !important;padding-right: 0px !important;padding-left: 0px !important;background-color: #f3f3f3 !important;}&#8221; el_class=&#8221;padding-55&#8243;][vc_column][vc_row_inner el_class=&#8221;row-1180&#8243;][vc_column_inner css=&#8221;.vc_custom_1490119667494{padding-right: 0px !important;padding-left: 0px !important;}&#8221;][vc_column_text] Vill du att vi kontaktar dig? Fyll i formul\u00e4ret nedan s\u00e5 h\u00f6r vi av oss inom kort! [\/vc_column_text][vc_column_text css=&#8221;.vc_custom_1498562299910{margin-top: 60px !important;padding-right: 0px !important;padding-left: 0px !important;}&#8221;] [\/vc_column_text][\/vc_column_inner][\/vc_row_inner][\/vc_column][\/vc_row][vc_row css=&#8221;.vc_custom_1490136865107{margin-top: 0px !important;margin-right: 0px !important;margin-bottom: 0px !important;margin-left: 0px !important;padding-top: 0px [&hellip;]","og_url":"https:\/\/connectum.no\/sv\/kontakta-oss\/","og_site_name":"Connectum","article_modified_time":"2017-08-23T10:33:19+00:00","twitter_card":"summary_large_image","twitter_misc":{"Ber\u00e4knad l\u00e4stid":"2 minuter"},"schema":{"@context":"https:\/\/schema.org","@graph":[{"@type":"WebPage","@id":"https:\/\/connectum.no\/sv\/kontakta-oss\/","url":"https:\/\/connectum.no\/sv\/kontakta-oss\/","name":"Kontakta oss - Connectum","isPartOf":{"@id":"https:\/\/connectum.no\/#website"},"datePublished":"2017-06-27T11:20:29+00:00","dateModified":"2017-08-23T10:33:19+00:00","breadcrumb":{"@id":"https:\/\/connectum.no\/sv\/kontakta-oss\/#breadcrumb"},"inLanguage":"sv-SE","potentialAction":[{"@type":"ReadAction","target":["https:\/\/connectum.no\/sv\/kontakta-oss\/"]}]},{"@type":"BreadcrumbList","@id":"https:\/\/connectum.no\/sv\/kontakta-oss\/#breadcrumb","itemListElement":[{"@type":"ListItem","position":1,"name":"Home","item":"https:\/\/connectum.no\/sv\/"},{"@type":"ListItem","position":2,"name":"Kontakta oss"}]},{"@type":"WebSite","@id":"https:\/\/connectum.no\/#website","url":"https:\/\/connectum.no\/","name":"Connectum","description":"Family Wealth Management","potentialAction":[{"@type":"SearchAction","target":{"@type":"EntryPoint","urlTemplate":"https:\/\/connectum.no\/?s={search_term_string}"},"query-input":{"@type":"PropertyValueSpecification","valueRequired":true,"valueName":"search_term_string"}}],"inLanguage":"sv-SE"}]}},"_links":{"self":[{"href":"https:\/\/www.connectum.no\/sv\/wp-json\/wp\/v2\/pages\/923","targetHints":{"allow":["GET"]}}],"collection":[{"href":"https:\/\/www.connectum.no\/sv\/wp-json\/wp\/v2\/pages"}],"about":[{"href":"https:\/\/www.connectum.no\/sv\/wp-json\/wp\/v2\/types\/page"}],"author":[{"embeddable":true,"href":"https:\/\/www.connectum.no\/sv\/wp-json\/wp\/v2\/users\/1"}],"replies":[{"embeddable":true,"href":"https:\/\/www.connectum.no\/sv\/wp-json\/wp\/v2\/comments?post=923"}],"version-history":[{"count":6,"href":"https:\/\/www.connectum.no\/sv\/wp-json\/wp\/v2\/pages\/923\/revisions"}],"predecessor-version":[{"id":1436,"href":"https:\/\/www.connectum.no\/sv\/wp-json\/wp\/v2\/pages\/923\/revisions\/1436"}],"wp:attachment":[{"href":"https:\/\/www.connectum.no\/sv\/wp-json\/wp\/v2\/media?parent=923"}],"curies":[{"name":"wp","href":"https:\/\/api.w.org\/{rel}","templated":true}]}}