{"id":932,"date":"2017-06-27T11:32:58","date_gmt":"2017-06-27T11:32:58","guid":{"rendered":"https:\/\/www.connectum.no\/?page_id=932&#038;lang=sv"},"modified":"2017-08-23T10:32:15","modified_gmt":"2017-08-23T10:32:15","slug":"insikt","status":"publish","type":"page","link":"https:\/\/www.connectum.no\/sv\/insikt\/","title":{"rendered":"Insikt"},"content":{"rendered":"<section class=\"wpb-content-wrapper\"><p>[vc_row css=&#8221;.vc_custom_1492126574412{margin-right: 0px !important;margin-left: 0px !important;padding-right: 0px !important;padding-left: 0px !important;background-color: #f3f3f3 !important;}&#8221; el_class=&#8221;padding-55&#8243;][vc_column css=&#8221;.vc_custom_1489708609479{padding-right: 0px !important;padding-left: 0px !important;}&#8221;][vc_row_inner el_class=&#8221;row-1180&#8243;][vc_column_inner css=&#8221;.vc_custom_1489708604214{padding-right: 0px !important;padding-left: 0px !important;}&#8221;][vc_column_text css=&#8221;.vc_custom_1503484406540{padding-right: 0px !important;padding-left: 0px !important;}&#8221;]<\/p>\n<h1 style=\"text-align: center;\">Insikt fr\u00e5n Connectum<\/h1>\n<div style=\"max-width: 840px; text-align: center; margin: 30px auto 65px;\">\n<h4>Vi skriver om f\u00f6rvaltning, finans och marknader f\u00f6r att hj\u00e4lpa dig till \u00f6kad f\u00f6rst\u00e5else f\u00f6r och insikt i dagens marknader och trender.<\/h4>\n<\/div>\n<div class=\"all_posts masonry\"><div class=\"post_single\">\r\n\t\t\t\t\t\t\t\t\t<div class=\"img_section\"><a href=\"https:\/\/www.connectum.no\/sv\/intervju-bli-bedre-kjent-med-connectums-nye-ceo\/\"><img decoding=\"async\" src=\"https:\/\/www.connectum.no\/wp-content\/uploads\/2025\/12\/CONNECTUM_0179-Marianne-Moum-Ussvaer-scaled.jpg\" alt=\"1\" \/><\/a><\/div>\r\n\t\t\t\t\t\t\t\t\t<h5><a class=\"title\" href=\"https:\/\/www.connectum.no\/sv\/intervju-bli-bedre-kjent-med-connectums-nye-ceo\/\">Intervju: bli bedre kjent med Connectums nye CEO<\/a><\/h5>\r\n\t\t\t\t\t\t\t\t\t<h6>03-12-2025 | Finans og markeder, Kommentarer<\/h6>\r\n\t\t\t\t\t\t\t\t\t<p>Bli bedre kjent med Connectums nye CEO, Marianne Moum Ussv\u00e6r Mandag 1. desember startet Marianne Moum Ussv\u00e6r som ny CEO i Connectum. Her f\u00e5r du muligheten til \u00e5 bli litt bedre kjent med Marianne. Hvis du skal oppsummere deg selv i to setninger, hva m\u00e5 det bli da? I jobbsammenheng er mantraet mitt \u00abMyk i [&hellip;]<\/p>\r\n\t\t\t\t\t\t\t\t\t<p><a class=\"title with-arrow\" style=\"font-size: 19px;\" href=\"https:\/\/www.connectum.no\/sv\/intervju-bli-bedre-kjent-med-connectums-nye-ceo\/\">L\u00e4s mer<\/a><\/p>\r\n\t\t\t\t\t\t\t\t<\/div><div class=\"post_single\">\r\n\t\t\t\t\t\t\t\t\t<div class=\"img_section\"><a href=\"https:\/\/www.connectum.no\/sv\/marianne-moum-ussvaer-er-ny-ceo-i-connectum\/\"><img decoding=\"async\" src=\"https:\/\/www.connectum.no\/wp-content\/uploads\/2025\/12\/CONNECTUM_0051-Parntnerne-og-CEO-beskaret-kopi-scaled.jpg\" alt=\"1\" \/><\/a><\/div>\r\n\t\t\t\t\t\t\t\t\t<h5><a class=\"title\" href=\"https:\/\/www.connectum.no\/sv\/marianne-moum-ussvaer-er-ny-ceo-i-connectum\/\">Marianne Moum Ussv\u00e6r er ny CEO i Connectum<\/a><\/h5>\r\n\t\t\t\t\t\t\t\t\t<h6>03-12-2025 | Finans og markeder<\/h6>\r\n\t\t\t\t\t\t\t\t\t<p>Etter 23 \u00e5r med \u00e5 bygge Norges eneste sertifiserte uavhengige (fiduciary) investeringsr\u00e5dgivningsselskap er Connectum styrket ved at Marianne Moum Ussv\u00e6r har tatt over som CEO. Teamet er ytterligere styrket med Petter Dyrkorn som ny r\u00e5dgiver med Master i Finans fra Edinburgh University. Dette gj\u00f8r at partnerne Richard Stott, Henrik Tell og Nils-Odd T\u00f8nnevold og \u00f8vrige [&hellip;]<\/p>\r\n\t\t\t\t\t\t\t\t\t<p><a class=\"title with-arrow\" style=\"font-size: 19px;\" href=\"https:\/\/www.connectum.no\/sv\/marianne-moum-ussvaer-er-ny-ceo-i-connectum\/\">L\u00e4s mer<\/a><\/p>\r\n\t\t\t\t\t\t\t\t<\/div><div class=\"post_single\">\r\n\t\t\t\t\t\t\t\t\t<div class=\"img_section\"><a href=\"https:\/\/www.connectum.no\/sv\/glem-gull-solv-og-krypto\/\"><img decoding=\"async\" src=\"https:\/\/www.connectum.no\/wp-content\/uploads\/2025\/11\/gold-scaled.jpg\" alt=\"1\" \/><\/a><\/div>\r\n\t\t\t\t\t\t\t\t\t<h5><a class=\"title\" href=\"https:\/\/www.connectum.no\/sv\/glem-gull-solv-og-krypto\/\">Glem gull, s\u00f8lv og krypto!<\/a><\/h5>\r\n\t\t\t\t\t\t\t\t\t<h6>21-11-2025 | Finans og markeder, Kommentarer, R\u00e5dgivning<\/h6>\r\n\t\t\t\t\t\t\t\t\t<p>Connectum-partner Nils-Odd T\u00f8nnevold mener investeringer i verdiskapende selskaper og eiendom fremdeles er \u00e5 foretrekke fremfor alternative aktivaklasser. Denne saken stod p\u00e5 trykk i Finansavisen 20\/10\/25 hvor journalist Thomas Hilmersen intervjuer Nils-Odd T\u00f8nnevold. &nbsp; &#8211; Gull har hatt en sterk utvikling de siste 25 \u00e5rene, men det er viktig \u00e5 v\u00e6re klar over at perioden 1975-1999 [&hellip;]<\/p>\r\n\t\t\t\t\t\t\t\t\t<p><a class=\"title with-arrow\" style=\"font-size: 19px;\" href=\"https:\/\/www.connectum.no\/sv\/glem-gull-solv-og-krypto\/\">L\u00e4s mer<\/a><\/p>\r\n\t\t\t\t\t\t\t\t<\/div><div class=\"post_single\">\r\n\t\t\t\t\t\t\t\t\t<div class=\"img_section\"><a href=\"https:\/\/www.connectum.no\/sv\/gir-blaffen-i-trumps-handelskrig\/\"><img decoding=\"async\" src=\"https:\/\/www.connectum.no\/wp-content\/uploads\/2025\/07\/Nils_odd2.jpg\" alt=\"1\" \/><\/a><\/div>\r\n\t\t\t\t\t\t\t\t\t<h5><a class=\"title\" href=\"https:\/\/www.connectum.no\/sv\/gir-blaffen-i-trumps-handelskrig\/\">Gir blaffen i Trumps handelskrig<\/a><\/h5>\r\n\t\t\t\t\t\t\t\t\t<h6>30-07-2025 | Finans og markeder, Kommentarer, R\u00e5dgivning<\/h6>\r\n\t\t\t\t\t\t\t\t\t<p>Siden 1925 har ingen amerikansk president p\u00e5virket den langsiktige b\u00f8rsutviklingen, p\u00e5peker co-gr\u00fcnder Nils-Odd T\u00f8nnevold i Connectum Capital Management. Denne saken stod p\u00e5 trykk i Finansavisen 30\/7\/25 hvor journalist Thomas Hilmersen intervjuer Nils-Odd T\u00f8nnevold. &nbsp; \u2013 Donald Trumps trussel om innf\u00f8rsel av h\u00f8ye tollsatser og mye vingling knyttet til dette skapte store kortsiktige bevegelser i aksjemarkedet, [&hellip;]<\/p>\r\n\t\t\t\t\t\t\t\t\t<p><a class=\"title with-arrow\" style=\"font-size: 19px;\" href=\"https:\/\/www.connectum.no\/sv\/gir-blaffen-i-trumps-handelskrig\/\">L\u00e4s mer<\/a><\/p>\r\n\t\t\t\t\t\t\t\t<\/div><div class=\"post_single\">\r\n\t\t\t\t\t\t\t\t\t<div class=\"img_section\"><a href=\"https:\/\/www.connectum.no\/sv\/borsuro\/\"><img decoding=\"async\" src=\"https:\/\/www.connectum.no\/wp-content\/uploads\/2025\/04\/connectum-scaled.jpg\" alt=\"1\" \/><\/a><\/div>\r\n\t\t\t\t\t\t\t\t\t<h5><a class=\"title\" href=\"https:\/\/www.connectum.no\/sv\/borsuro\/\">Connectum-partner: Helskinnet gjennom b\u00f8rsuroen<\/a><\/h5>\r\n\t\t\t\t\t\t\t\t\t<h6>29-04-2025 | Finans og markeder, Kommentarer<\/h6>\r\n\t\t\t\t\t\t\t\t\t<p>Denne saken stod p\u00e5 trykk i Finansavisen 29\/4\/25 hvor journalist Thomas Hilmersen intervjuer Connectum-partner Richard Stott ift. hvordan vi har navigert v\u00e5re kunder helskinnet gjennom b\u00f8rsuroen. Fremvoksende markeder, verdiaksjer og h\u00f8yt ratede rentepapirer bidro til at Connectum-kundene var relativt beskyttet mot de verste markedsfallene. &#8211; Kortsiktige svingninger i aksjemarkedet er normalt, og bevegelsene vi har [&hellip;]<\/p>\r\n\t\t\t\t\t\t\t\t\t<p><a class=\"title with-arrow\" style=\"font-size: 19px;\" href=\"https:\/\/www.connectum.no\/sv\/borsuro\/\">L\u00e4s mer<\/a><\/p>\r\n\t\t\t\t\t\t\t\t<\/div><div class=\"post_single\">\r\n\t\t\t\t\t\t\t\t\t<div class=\"img_section\"><a href=\"https:\/\/www.connectum.no\/sv\/formueskatt\/\"><img decoding=\"async\" src=\"https:\/\/www.connectum.no\/wp-content\/uploads\/2024\/12\/confused-business-man.jpg\" alt=\"1\" \/><\/a><\/div>\r\n\t\t\t\t\t\t\t\t\t<h5><a class=\"title\" href=\"https:\/\/www.connectum.no\/sv\/formueskatt\/\">Formueskatten \u2013 den ultimate taktikken for at siste gjenv\u00e6rende nordmann m\u00e5 skru av lyset<\/a><\/h5>\r\n\t\t\t\t\t\t\t\t\t<h6>19-12-2024 | Kommentarer<\/h6>\r\n\t\t\t\t\t\t\t\t\t<p>Av Richard Stott og Nils-Odd T\u00f8nnevold, grunnleggere av Connectum Capital Management AS Etter at St\u00f8re og Vedum\u00a0ble valgt\u00a0for tre \u00e5r siden\u00a0g\u00e5r\u00a0det\u00a0f\u00e5 uker mellom hver gang en av v\u00e5re kunder eller andre tar kontakt for \u00e5 fortelle at de n\u00e5 vurderer flytting, er i ferd med \u00e5 flytte eller akkurat har flyttet til utlandet. Hvorfor? Fordi [&hellip;]<\/p>\r\n\t\t\t\t\t\t\t\t\t<p><a class=\"title with-arrow\" style=\"font-size: 19px;\" href=\"https:\/\/www.connectum.no\/sv\/formueskatt\/\">L\u00e4s mer<\/a><\/p>\r\n\t\t\t\t\t\t\t\t<\/div><div style=\"clear:both;\"><\/div><\/div><div class=\"pagenav\"><ul class=\"pagination\"><li class=\"current\">1<\/li><li><a href=\"https:\/\/www.connectum.no\/sv\/wp-json\/wp\/v2\/pages\/932\/page\/2\/\">2<\/a><\/li><li><a href=\"https:\/\/www.connectum.no\/sv\/wp-json\/wp\/v2\/pages\/932\/page\/3\/\">3<\/a><\/li><li class=\"pagination_dots\">...<\/li><li><a href=\"https:\/\/www.connectum.no\/sv\/wp-json\/wp\/v2\/pages\/932\/page\/16\/\">16<\/a><\/li><li class=\"nextbtn\"><a href=\"https:\/\/www.connectum.no\/sv\/wp-json\/wp\/v2\/pages\/932\/page\/2\/\"><i class=\"fa fa-chevron-right\"><\/i><\/a><\/li><\/ul><\/div>\n[\/vc_column_text][\/vc_column_inner][\/vc_row_inner][\/vc_column][\/vc_row]<\/p>\n<\/section>","protected":false},"excerpt":{"rendered":"<p>[vc_row css=&#8221;.vc_custom_1492126574412{margin-right: 0px !important;margin-left: 0px !important;padding-right: 0px !important;padding-left: 0px !important;background-color: #f3f3f3 !important;}&#8221; el_class=&#8221;padding-55&#8243;][vc_column css=&#8221;.vc_custom_1489708609479{padding-right: 0px !important;padding-left: 0px !important;}&#8221;][vc_row_inner el_class=&#8221;row-1180&#8243;][vc_column_inner css=&#8221;.vc_custom_1489708604214{padding-right: 0px !important;padding-left: 0px !important;}&#8221;][vc_column_text css=&#8221;.vc_custom_1503484406540{padding-right: 0px !important;padding-left: 0px !important;}&#8221;] Insikt fr\u00e5n Connectum Vi skriver om f\u00f6rvaltning, finans och marknader f\u00f6r att hj\u00e4lpa dig till \u00f6kad f\u00f6rst\u00e5else f\u00f6r och insikt i dagens marknader och trender. [\/vc_column_text][\/vc_column_inner][\/vc_row_inner][\/vc_column][\/vc_row]<\/p>\n","protected":false},"author":1,"featured_media":0,"parent":0,"menu_order":0,"comment_status":"closed","ping_status":"closed","template":"","meta":{"_acf_changed":false,"footnotes":""},"class_list":["post-932","page","type-page","status-publish","hentry"],"acf":[],"yoast_head":"<!-- This site is optimized with the Yoast SEO plugin v24.3 - https:\/\/yoast.com\/wordpress\/plugins\/seo\/ -->\n<title>Insikt - Connectum<\/title>\n<meta name=\"robots\" content=\"index, follow, max-snippet:-1, max-image-preview:large, max-video-preview:-1\" \/>\n<link rel=\"canonical\" href=\"https:\/\/connectum.no\/sv\/insikt\/\" \/>\n<meta property=\"og:locale\" content=\"sv_SE\" \/>\n<meta property=\"og:type\" content=\"article\" \/>\n<meta property=\"og:title\" content=\"Insikt - Connectum\" \/>\n<meta property=\"og:description\" content=\"[vc_row css=&#8221;.vc_custom_1492126574412{margin-right: 0px !important;margin-left: 0px !important;padding-right: 0px !important;padding-left: 0px !important;background-color: #f3f3f3 !important;}&#8221; el_class=&#8221;padding-55&#8243;][vc_column css=&#8221;.vc_custom_1489708609479{padding-right: 0px !important;padding-left: 0px !important;}&#8221;][vc_row_inner el_class=&#8221;row-1180&#8243;][vc_column_inner css=&#8221;.vc_custom_1489708604214{padding-right: 0px !important;padding-left: 0px !important;}&#8221;][vc_column_text css=&#8221;.vc_custom_1503484406540{padding-right: 0px !important;padding-left: 0px !important;}&#8221;] Insikt fr\u00e5n Connectum Vi skriver om f\u00f6rvaltning, finans och marknader f\u00f6r att hj\u00e4lpa dig till \u00f6kad f\u00f6rst\u00e5else f\u00f6r och insikt i dagens marknader och trender. [\/vc_column_text][\/vc_column_inner][\/vc_row_inner][\/vc_column][\/vc_row]\" \/>\n<meta property=\"og:url\" content=\"https:\/\/connectum.no\/sv\/insikt\/\" \/>\n<meta property=\"og:site_name\" content=\"Connectum\" \/>\n<meta property=\"article:modified_time\" content=\"2017-08-23T10:32:15+00:00\" \/>\n<meta name=\"twitter:card\" content=\"summary_large_image\" \/>\n<meta name=\"twitter:label1\" content=\"Ber\u00e4knad l\u00e4stid\" \/>\n\t<meta name=\"twitter:data1\" content=\"1 minut\" \/>\n<script type=\"application\/ld+json\" class=\"yoast-schema-graph\">{\"@context\":\"https:\/\/schema.org\",\"@graph\":[{\"@type\":\"WebPage\",\"@id\":\"https:\/\/connectum.no\/sv\/insikt\/\",\"url\":\"https:\/\/connectum.no\/sv\/insikt\/\",\"name\":\"Insikt - Connectum\",\"isPartOf\":{\"@id\":\"https:\/\/connectum.no\/#website\"},\"datePublished\":\"2017-06-27T11:32:58+00:00\",\"dateModified\":\"2017-08-23T10:32:15+00:00\",\"breadcrumb\":{\"@id\":\"https:\/\/connectum.no\/sv\/insikt\/#breadcrumb\"},\"inLanguage\":\"sv-SE\",\"potentialAction\":[{\"@type\":\"ReadAction\",\"target\":[\"https:\/\/connectum.no\/sv\/insikt\/\"]}]},{\"@type\":\"BreadcrumbList\",\"@id\":\"https:\/\/connectum.no\/sv\/insikt\/#breadcrumb\",\"itemListElement\":[{\"@type\":\"ListItem\",\"position\":1,\"name\":\"Home\",\"item\":\"https:\/\/connectum.no\/sv\/\"},{\"@type\":\"ListItem\",\"position\":2,\"name\":\"Insikt\"}]},{\"@type\":\"WebSite\",\"@id\":\"https:\/\/connectum.no\/#website\",\"url\":\"https:\/\/connectum.no\/\",\"name\":\"Connectum\",\"description\":\"Family Wealth Management\",\"potentialAction\":[{\"@type\":\"SearchAction\",\"target\":{\"@type\":\"EntryPoint\",\"urlTemplate\":\"https:\/\/connectum.no\/?s={search_term_string}\"},\"query-input\":{\"@type\":\"PropertyValueSpecification\",\"valueRequired\":true,\"valueName\":\"search_term_string\"}}],\"inLanguage\":\"sv-SE\"}]}<\/script>\n<!-- \/ Yoast SEO plugin. -->","yoast_head_json":{"title":"Insikt - Connectum","robots":{"index":"index","follow":"follow","max-snippet":"max-snippet:-1","max-image-preview":"max-image-preview:large","max-video-preview":"max-video-preview:-1"},"canonical":"https:\/\/connectum.no\/sv\/insikt\/","og_locale":"sv_SE","og_type":"article","og_title":"Insikt - Connectum","og_description":"[vc_row css=&#8221;.vc_custom_1492126574412{margin-right: 0px !important;margin-left: 0px !important;padding-right: 0px !important;padding-left: 0px !important;background-color: #f3f3f3 !important;}&#8221; el_class=&#8221;padding-55&#8243;][vc_column css=&#8221;.vc_custom_1489708609479{padding-right: 0px !important;padding-left: 0px !important;}&#8221;][vc_row_inner el_class=&#8221;row-1180&#8243;][vc_column_inner css=&#8221;.vc_custom_1489708604214{padding-right: 0px !important;padding-left: 0px !important;}&#8221;][vc_column_text css=&#8221;.vc_custom_1503484406540{padding-right: 0px !important;padding-left: 0px !important;}&#8221;] Insikt fr\u00e5n Connectum Vi skriver om f\u00f6rvaltning, finans och marknader f\u00f6r att hj\u00e4lpa dig till \u00f6kad f\u00f6rst\u00e5else f\u00f6r och insikt i dagens marknader och trender. [\/vc_column_text][\/vc_column_inner][\/vc_row_inner][\/vc_column][\/vc_row]","og_url":"https:\/\/connectum.no\/sv\/insikt\/","og_site_name":"Connectum","article_modified_time":"2017-08-23T10:32:15+00:00","twitter_card":"summary_large_image","twitter_misc":{"Ber\u00e4knad l\u00e4stid":"1 minut"},"schema":{"@context":"https:\/\/schema.org","@graph":[{"@type":"WebPage","@id":"https:\/\/connectum.no\/sv\/insikt\/","url":"https:\/\/connectum.no\/sv\/insikt\/","name":"Insikt - Connectum","isPartOf":{"@id":"https:\/\/connectum.no\/#website"},"datePublished":"2017-06-27T11:32:58+00:00","dateModified":"2017-08-23T10:32:15+00:00","breadcrumb":{"@id":"https:\/\/connectum.no\/sv\/insikt\/#breadcrumb"},"inLanguage":"sv-SE","potentialAction":[{"@type":"ReadAction","target":["https:\/\/connectum.no\/sv\/insikt\/"]}]},{"@type":"BreadcrumbList","@id":"https:\/\/connectum.no\/sv\/insikt\/#breadcrumb","itemListElement":[{"@type":"ListItem","position":1,"name":"Home","item":"https:\/\/connectum.no\/sv\/"},{"@type":"ListItem","position":2,"name":"Insikt"}]},{"@type":"WebSite","@id":"https:\/\/connectum.no\/#website","url":"https:\/\/connectum.no\/","name":"Connectum","description":"Family Wealth Management","potentialAction":[{"@type":"SearchAction","target":{"@type":"EntryPoint","urlTemplate":"https:\/\/connectum.no\/?s={search_term_string}"},"query-input":{"@type":"PropertyValueSpecification","valueRequired":true,"valueName":"search_term_string"}}],"inLanguage":"sv-SE"}]}},"_links":{"self":[{"href":"https:\/\/www.connectum.no\/sv\/wp-json\/wp\/v2\/pages\/932","targetHints":{"allow":["GET"]}}],"collection":[{"href":"https:\/\/www.connectum.no\/sv\/wp-json\/wp\/v2\/pages"}],"about":[{"href":"https:\/\/www.connectum.no\/sv\/wp-json\/wp\/v2\/types\/page"}],"author":[{"embeddable":true,"href":"https:\/\/www.connectum.no\/sv\/wp-json\/wp\/v2\/users\/1"}],"replies":[{"embeddable":true,"href":"https:\/\/www.connectum.no\/sv\/wp-json\/wp\/v2\/comments?post=932"}],"version-history":[{"count":4,"href":"https:\/\/www.connectum.no\/sv\/wp-json\/wp\/v2\/pages\/932\/revisions"}],"predecessor-version":[{"id":1435,"href":"https:\/\/www.connectum.no\/sv\/wp-json\/wp\/v2\/pages\/932\/revisions\/1435"}],"wp:attachment":[{"href":"https:\/\/www.connectum.no\/sv\/wp-json\/wp\/v2\/media?parent=932"}],"curies":[{"name":"wp","href":"https:\/\/api.w.org\/{rel}","templated":true}]}}